{"id":296,"date":"2026-01-09T10:25:50","date_gmt":"2026-01-09T09:25:50","guid":{"rendered":"https:\/\/shop.dohlad.info\/index.php\/product\/ventilovy-adapter-va80\/"},"modified":"2026-01-09T10:25:54","modified_gmt":"2026-01-09T09:25:54","slug":"ventilovy-adapter-va80","status":"publish","type":"product","link":"https:\/\/loxone.ctw.sk\/index.php\/product\/ventilovy-adapter-va80\/","title":{"rendered":"Ventilov\u00fd adapt\u00e9r VA80"},"content":{"rendered":"<p>Ventilov\u00fd adapt\u00e9r vhodn\u00fd pre Loxone Hlavice Air &amp; Tree, elektotermick\u00e9 hlavice 0-10 V a elektrotermick\u00fd ventil 230 V.<\/p>\n<p>\u00a0<\/p>\n","protected":false},"excerpt":{"rendered":"<p>Ventilov\u00fd adapt\u00e9r vhodn\u00fd pre Loxone Hlavice Air &amp; Tree, elektotermick\u00e9 hlavice 0-10 V a elektrotermick\u00fd ventil 230 V.<\/p>\n<p>\u00a0<\/p>\n","protected":false},"featured_media":111,"template":"","meta":[],"location":[],"product_brand":[],"product_cat":[348,349,350],"product_tag":[],"class_list":{"0":"post-296","1":"product","2":"type-product","3":"status-publish","4":"has-post-thumbnail","6":"product_cat-klima","7":"product_cat-prislusenstvo-tienenie","8":"product_cat-montaz","10":"first","11":"instock","12":"sold-individually","13":"taxable","14":"shipping-taxable","15":"purchasable","16":"product-type-simple"},"locations":[],"_links":{"self":[{"href":"https:\/\/loxone.ctw.sk\/index.php\/wp-json\/wp\/v2\/product\/296","targetHints":{"allow":["GET"]}}],"collection":[{"href":"https:\/\/loxone.ctw.sk\/index.php\/wp-json\/wp\/v2\/product"}],"about":[{"href":"https:\/\/loxone.ctw.sk\/index.php\/wp-json\/wp\/v2\/types\/product"}],"wp:featuredmedia":[{"embeddable":true,"href":"https:\/\/loxone.ctw.sk\/index.php\/wp-json\/wp\/v2\/media\/111"}],"wp:attachment":[{"href":"https:\/\/loxone.ctw.sk\/index.php\/wp-json\/wp\/v2\/media?parent=296"}],"wp:term":[{"taxonomy":"location","embeddable":true,"href":"https:\/\/loxone.ctw.sk\/index.php\/wp-json\/wp\/v2\/location?post=296"},{"taxonomy":"product_brand","embeddable":true,"href":"https:\/\/loxone.ctw.sk\/index.php\/wp-json\/wp\/v2\/product_brand?post=296"},{"taxonomy":"product_cat","embeddable":true,"href":"https:\/\/loxone.ctw.sk\/index.php\/wp-json\/wp\/v2\/product_cat?post=296"},{"taxonomy":"product_tag","embeddable":true,"href":"https:\/\/loxone.ctw.sk\/index.php\/wp-json\/wp\/v2\/product_tag?post=296"}],"curies":[{"name":"wp","href":"https:\/\/api.w.org\/{rel}","templated":true}]}}