{"id":297,"date":"2026-01-09T10:25:50","date_gmt":"2026-01-09T09:25:50","guid":{"rendered":"https:\/\/shop.dohlad.info\/index.php\/product\/zdroj-24v-10a\/"},"modified":"2026-01-09T10:25:56","modified_gmt":"2026-01-09T09:25:56","slug":"zdroj-24v-10a","status":"publish","type":"product","link":"https:\/\/loxone.ctw.sk\/index.php\/product\/zdroj-24v-10a\/","title":{"rendered":"Zdroj 24V, 10A"},"content":{"rendered":"<p>Loxone nap\u00e1jac\u00ed zdroj sa vyzna\u010duje <strong>jednoduchou integr\u00e1ciou aj do plytk\u00fdch rozv\u00e1dza\u010dov a isti\u010dov\u00fdch skr\u00ed\u0148<\/strong>. Tento nap\u00e1jac\u00ed zdroj na DIN li\u0161tu poskytuje 24V jednosmern\u00e9ho nap\u00e4tia a je tak ide\u00e1lny pre nap\u00e1janie Loxone riadiacich jednotiek. Maxim\u00e1lny v\u00fdstupn\u00fd v\u00fdkon zdroja je 10A. Tento nap\u00e1jac\u00ed zdroj je ide\u00e1lny pre nap\u00e1janie LED osvetlenia. Pre LED osvetlenie a pre Miniserver\/Extensiony odpor\u00fa\u010dame pou\u017e\u00edva\u0165 samostatn\u00e9 nap\u00e1jacie zdroje.<\/p>\n<p><strong>Technick\u00e9 podrobnosti:<\/strong><\/p>\n<ul>\n<li>\u0160irok\u00fd rozsah vstupn\u00e9ho nap\u00e4tia: 85\u2013264 V AC.<\/li>\n<li>V\u00fdstupn\u00e9 nap\u00e4tie: 24 V DC, 240 W.<\/li>\n<li>Mont\u00e1\u017ena h\u013abka: 125 mm.<\/li>\n<\/ul>\n<p><strong>Pozn\u00e1mka: Pre zaistenie dostupnosti nap\u00e1jac\u00edch zdrojov sme sa do\u010dasne rozhodli vyu\u017ei\u0165 alternat\u00edvnych, ale rovnocenn\u00fdch v\u00fdrobcov.<\/strong><\/p>\n","protected":false},"excerpt":{"rendered":"<p>Loxone nap\u00e1jac\u00ed zdroj sa vyzna\u010duje <strong>jednoduchou integr\u00e1ciou aj do plytk\u00fdch rozv\u00e1dza\u010dov a isti\u010dov\u00fdch skr\u00ed\u0148<\/strong>. Tento nap\u00e1jac\u00ed zdroj na DIN li\u0161tu poskytuje 24V jednosmern\u00e9ho nap\u00e4tia a je tak ide\u00e1lny pre nap\u00e1janie Loxone riadiacich jednotiek. Maxim\u00e1lny v\u00fdstupn\u00fd v\u00fdkon zdroja je 10A. Tento nap\u00e1jac\u00ed zdroj je ide\u00e1lny pre nap\u00e1janie LED osvetlenia. Pre LED osvetlenie a pre Miniserver\/Extensiony odpor\u00fa\u010dame pou\u017e\u00edva\u0165 samostatn\u00e9 nap\u00e1jacie zdroje.<\/p>\n<p><strong>Technick\u00e9 podrobnosti:<\/strong><\/p>\n<ul>\n<li>\u0160irok\u00fd rozsah vstupn\u00e9ho nap\u00e4tia: 85\u2013264 V AC.<\/li>\n<li>V\u00fdstupn\u00e9 nap\u00e4tie: 24 V DC, 240 W.<\/li>\n<li>Mont\u00e1\u017ena h\u013abka: 125 mm.<\/li>\n<\/ul>\n<p><strong>Pozn\u00e1mka: Pre zaistenie dostupnosti nap\u00e1jac\u00edch zdrojov sme sa do\u010dasne rozhodli vyu\u017ei\u0165 alternat\u00edvnych, ale rovnocenn\u00fdch v\u00fdrobcov.<\/strong><\/p>\n","protected":false},"featured_media":112,"template":"","meta":[],"location":[],"product_brand":[],"product_cat":[351,352],"product_tag":[],"class_list":{"0":"post-297","1":"product","2":"type-product","3":"status-publish","4":"has-post-thumbnail","6":"product_cat-napajacie_zdroje","7":"product_cat-napajacie-zdroje-prislusenstvo","9":"first","10":"instock","11":"sold-individually","12":"taxable","13":"shipping-taxable","14":"purchasable","15":"product-type-simple"},"locations":[],"_links":{"self":[{"href":"https:\/\/loxone.ctw.sk\/index.php\/wp-json\/wp\/v2\/product\/297","targetHints":{"allow":["GET"]}}],"collection":[{"href":"https:\/\/loxone.ctw.sk\/index.php\/wp-json\/wp\/v2\/product"}],"about":[{"href":"https:\/\/loxone.ctw.sk\/index.php\/wp-json\/wp\/v2\/types\/product"}],"wp:featuredmedia":[{"embeddable":true,"href":"https:\/\/loxone.ctw.sk\/index.php\/wp-json\/wp\/v2\/media\/112"}],"wp:attachment":[{"href":"https:\/\/loxone.ctw.sk\/index.php\/wp-json\/wp\/v2\/media?parent=297"}],"wp:term":[{"taxonomy":"location","embeddable":true,"href":"https:\/\/loxone.ctw.sk\/index.php\/wp-json\/wp\/v2\/location?post=297"},{"taxonomy":"product_brand","embeddable":true,"href":"https:\/\/loxone.ctw.sk\/index.php\/wp-json\/wp\/v2\/product_brand?post=297"},{"taxonomy":"product_cat","embeddable":true,"href":"https:\/\/loxone.ctw.sk\/index.php\/wp-json\/wp\/v2\/product_cat?post=297"},{"taxonomy":"product_tag","embeddable":true,"href":"https:\/\/loxone.ctw.sk\/index.php\/wp-json\/wp\/v2\/product_tag?post=297"}],"curies":[{"name":"wp","href":"https:\/\/api.w.org\/{rel}","templated":true}]}}