{"id":299,"date":"2026-01-09T10:25:50","date_gmt":"2026-01-09T09:25:50","guid":{"rendered":"https:\/\/shop.dohlad.info\/index.php\/product\/rgbw-led-pas-5m-ip20-bezpecne-na-dotyk\/"},"modified":"2026-02-10T00:25:42","modified_gmt":"2026-02-09T23:25:42","slug":"rgbw-led-pas-5m-ip20-bezpecne-na-dotyk","status":"publish","type":"product","link":"https:\/\/loxone.ctw.sk\/index.php\/product\/rgbw-led-pas-5m-ip20-bezpecne-na-dotyk\/","title":{"rendered":"RGBW LED p\u00e1s 5m IP20 (bezpe\u010dn\u00e9 na dotyk)"},"content":{"rendered":"<p>Vysokokvalitn\u00e9 RGBW LED p\u00e1sy s farebn\u00fdmi akcentmi zabezpe\u010dia <strong>optim\u00e1lne a trval\u00e9 osvetlenie<\/strong> va\u0161ej budovy.<\/p>\n<p><strong>Vlastnosti:<\/strong><\/p>\n<ul>\n<li>300 vysoko kvalitn\u00fdch LED \u010dipov na 5 metroch.<\/li>\n<li>Lepiace pr\u00fa\u017eky na spodnej strane pre \u013eahk\u00e9 pripevnenie.<\/li>\n<li>Vysokokvalitn\u00e9 a odoln\u00e9 vodi\u010de na zv\u00fd\u0161enie odolnosti proti zalomeniu a na zabr\u00e1nenie vzniku tepla.<\/li>\n<\/ul>\n<p><strong>Technick\u00e9 detaily:<\/strong><\/p>\n<ul>\n<li><strong>Nap\u00e1janie: <\/strong>24 V DC.<\/li>\n<li><strong>Uhol l\u00fa\u010da:<\/strong> 120 \u00b0.<\/li>\n<li><strong>Teplota farieb (tepl\u00e1 biela):<\/strong> 3300 K +\/- 200 K.<\/li>\n<li><strong>Mo\u017eno skr\u00e1ti\u0165<\/strong>: Po \u0161iestich di\u00f3dach ka\u017ed\u00fdch 10 cm.<\/li>\n<\/ul>\n","protected":false},"excerpt":{"rendered":"<p>Vysokokvalitn\u00e9 RGBW LED p\u00e1sy s farebn\u00fdmi akcentmi zabezpe\u010dia <strong>optim\u00e1lne a trval\u00e9 osvetlenie<\/strong> va\u0161ej budovy.<\/p>\n<p>&nbsp;<\/p>\n","protected":false},"featured_media":115,"template":"","meta":[],"location":[],"product_brand":[],"product_cat":[355],"product_tag":[],"class_list":{"0":"post-299","1":"product","2":"type-product","3":"status-publish","4":"has-post-thumbnail","6":"product_cat-pwm","8":"first","9":"instock","10":"sold-individually","11":"taxable","12":"shipping-taxable","13":"purchasable","14":"product-type-simple"},"locations":[],"_links":{"self":[{"href":"https:\/\/loxone.ctw.sk\/index.php\/wp-json\/wp\/v2\/product\/299","targetHints":{"allow":["GET"]}}],"collection":[{"href":"https:\/\/loxone.ctw.sk\/index.php\/wp-json\/wp\/v2\/product"}],"about":[{"href":"https:\/\/loxone.ctw.sk\/index.php\/wp-json\/wp\/v2\/types\/product"}],"wp:featuredmedia":[{"embeddable":true,"href":"https:\/\/loxone.ctw.sk\/index.php\/wp-json\/wp\/v2\/media\/115"}],"wp:attachment":[{"href":"https:\/\/loxone.ctw.sk\/index.php\/wp-json\/wp\/v2\/media?parent=299"}],"wp:term":[{"taxonomy":"location","embeddable":true,"href":"https:\/\/loxone.ctw.sk\/index.php\/wp-json\/wp\/v2\/location?post=299"},{"taxonomy":"product_brand","embeddable":true,"href":"https:\/\/loxone.ctw.sk\/index.php\/wp-json\/wp\/v2\/product_brand?post=299"},{"taxonomy":"product_cat","embeddable":true,"href":"https:\/\/loxone.ctw.sk\/index.php\/wp-json\/wp\/v2\/product_cat?post=299"},{"taxonomy":"product_tag","embeddable":true,"href":"https:\/\/loxone.ctw.sk\/index.php\/wp-json\/wp\/v2\/product_tag?post=299"}],"curies":[{"name":"wp","href":"https:\/\/api.w.org\/{rel}","templated":true}]}}