{"id":300,"date":"2026-01-09T10:25:50","date_gmt":"2026-01-09T09:25:50","guid":{"rendered":"https:\/\/shop.dohlad.info\/index.php\/product\/zdroj-24v-04-a-s-ukoncenou-vyrobou\/"},"modified":"2026-01-09T10:26:00","modified_gmt":"2026-01-09T09:26:00","slug":"zdroj-24v-04-a-s-ukoncenou-vyrobou","status":"publish","type":"product","link":"https:\/\/loxone.ctw.sk\/index.php\/product\/zdroj-24v-04-a-s-ukoncenou-vyrobou\/","title":{"rendered":"Zdroj 24V, 0,4 A &#8211; s ukon\u010denou v\u00fdrobou"},"content":{"rendered":"<p>S hr\u00fabkou iba 56 mm sa zdroj zmest\u00ed do ka\u017ed\u00e9ho ploch\u00e9ho prep\u00edna\u010da \/ skrine a je mo\u017en\u00e9 ve\u013emi \u013eahko nain\u0161talova\u0165. Nap\u00e1jac\u00ed zdroj zais\u0165uje 24 VDC, a je preto vhodn\u00fd pre pripojenie Loxone Miniservera a jedn\u00e9ho 1-Wire Extensionu.<\/p>\n<p><strong>Technick\u00e9 detaily:<\/strong><\/p>\n<ul>\n<li>Vstupn\u00e9 nap\u00e4tie: 100\u2013\u2060\u2060\u2060\u2060\u2060\u2060240 V AC.<\/li>\n<li>V\u00fdstupn\u00e9 nap\u00e4tie: 24 V DC 10 W.<\/li>\n<li>H\u013abka in\u0161tal\u00e1cie: 55 mm.<\/li>\n<\/ul>\n<p><strong>Inform\u00e1cie: Pre zaistenie dostupnosti nap\u00e1jac\u00edch zdrojov sme sa do\u010dasne rozhodli vyu\u017ei\u0165 alternat\u00edvnych, av\u0161ak rovnocenn\u00fdch v\u00fdrobcov.<\/strong><\/p>\n","protected":false},"excerpt":{"rendered":"<p>S hr\u00fabkou iba 56 mm sa zdroj zmest\u00ed do ka\u017ed\u00e9ho ploch\u00e9ho prep\u00edna\u010da \/ skrine a je mo\u017en\u00e9 ve\u013emi \u013eahko nain\u0161talova\u0165. Nap\u00e1jac\u00ed zdroj zais\u0165uje 24 VDC, a je preto vhodn\u00fd pre pripojenie Loxone Miniservera a jedn\u00e9ho 1-Wire Extensionu.<\/p>\n<p><strong>Technick\u00e9 detaily:<\/strong><\/p>\n<ul>\n<li>Vstupn\u00e9 nap\u00e4tie: 100\u2013\u2060\u2060\u2060\u2060\u2060\u2060240 V AC.<\/li>\n<li>V\u00fdstupn\u00e9 nap\u00e4tie: 24 V DC 10 W.<\/li>\n<li>H\u013abka in\u0161tal\u00e1cie: 55 mm.<\/li>\n<\/ul>\n<p><strong>Inform\u00e1cie: Pre zaistenie dostupnosti nap\u00e1jac\u00edch zdrojov sme sa do\u010dasne rozhodli vyu\u017ei\u0165 alternat\u00edvnych, av\u0161ak rovnocenn\u00fdch v\u00fdrobcov.<\/strong><\/p>\n","protected":false},"featured_media":120,"template":"","meta":[],"location":[],"product_brand":[],"product_cat":[352],"product_tag":[],"class_list":{"0":"post-300","1":"product","2":"type-product","3":"status-publish","4":"has-post-thumbnail","6":"product_cat-napajacie-zdroje-prislusenstvo","8":"first","9":"instock","10":"sold-individually","11":"taxable","12":"shipping-taxable","13":"purchasable","14":"product-type-simple"},"locations":[],"_links":{"self":[{"href":"https:\/\/loxone.ctw.sk\/index.php\/wp-json\/wp\/v2\/product\/300","targetHints":{"allow":["GET"]}}],"collection":[{"href":"https:\/\/loxone.ctw.sk\/index.php\/wp-json\/wp\/v2\/product"}],"about":[{"href":"https:\/\/loxone.ctw.sk\/index.php\/wp-json\/wp\/v2\/types\/product"}],"wp:featuredmedia":[{"embeddable":true,"href":"https:\/\/loxone.ctw.sk\/index.php\/wp-json\/wp\/v2\/media\/120"}],"wp:attachment":[{"href":"https:\/\/loxone.ctw.sk\/index.php\/wp-json\/wp\/v2\/media?parent=300"}],"wp:term":[{"taxonomy":"location","embeddable":true,"href":"https:\/\/loxone.ctw.sk\/index.php\/wp-json\/wp\/v2\/location?post=300"},{"taxonomy":"product_brand","embeddable":true,"href":"https:\/\/loxone.ctw.sk\/index.php\/wp-json\/wp\/v2\/product_brand?post=300"},{"taxonomy":"product_cat","embeddable":true,"href":"https:\/\/loxone.ctw.sk\/index.php\/wp-json\/wp\/v2\/product_cat?post=300"},{"taxonomy":"product_tag","embeddable":true,"href":"https:\/\/loxone.ctw.sk\/index.php\/wp-json\/wp\/v2\/product_tag?post=300"}],"curies":[{"name":"wp","href":"https:\/\/api.w.org\/{rel}","templated":true}]}}