{"id":303,"date":"2026-01-09T10:25:50","date_gmt":"2026-01-09T09:25:50","guid":{"rendered":"https:\/\/shop.dohlad.info\/index.php\/product\/instalacne-svorkovnice-weidmuller-aitb-25-50-kusov\/"},"modified":"2026-01-09T10:26:06","modified_gmt":"2026-01-09T09:26:06","slug":"instalacne-svorkovnice-weidmuller-aitb-25-50-kusov","status":"publish","type":"product","link":"https:\/\/loxone.ctw.sk\/index.php\/product\/instalacne-svorkovnice-weidmuller-aitb-25-50-kusov\/","title":{"rendered":"In\u0161tala\u010dn\u00e9 svorkovnice Weidm\u00fcller AITB 2,5 (50 kusov)"},"content":{"rendered":"<p>Svorkovnice s tromi vodi\u010dmi s\u00fa <strong>ide\u00e1lne na distrib\u00faciu energie v budove<\/strong>. V\u010faka technol\u00f3gii PUSH IN a dizajnu s\u00fa pripojenie a in\u0161tal\u00e1cia jednoduch\u00e9. Vlastnosti svorky s prierezom 4 mm2 a ve\u013ekos\u0165ou 2,5 mm2.<\/p>\n<ul>\n<li>Balenie 50 kusov.<\/li>\n<li>Typ: AITB 2,5 BB NL-PE.<\/li>\n<li>\u010c\u00edslo polo\u017eky v\u00fdrobcu: 2668940000.<\/li>\n<\/ul>\n<p>\u00a0<\/p>\n<p>\u00a0<\/p>\n","protected":false},"excerpt":{"rendered":"<p>Svorkovnice s tromi vodi\u010dmi s\u00fa <strong>ide\u00e1lne na distrib\u00faciu energie v budove<\/strong>. V\u010faka technol\u00f3gii PUSH IN a dizajnu s\u00fa pripojenie a in\u0161tal\u00e1cia jednoduch\u00e9. Vlastnosti svorky s prierezom 4 mm2 a ve\u013ekos\u0165ou 2,5 mm2.<\/p>\n<ul>\n<li>Balenie 50 kusov.<\/li>\n<li>Typ: AITB 2,5 BB NL-PE.<\/li>\n<li>\u010c\u00edslo polo\u017eky v\u00fdrobcu: 2668940000.<\/li>\n<\/ul>\n<p>\u00a0<\/p>\n<p>\u00a0<\/p>\n","protected":false},"featured_media":127,"template":"","meta":[],"location":[],"product_brand":[],"product_cat":[342],"product_tag":[],"class_list":{"0":"post-303","1":"product","2":"type-product","3":"status-publish","4":"has-post-thumbnail","6":"product_cat-kabelaz","8":"first","9":"instock","10":"sold-individually","11":"taxable","12":"shipping-taxable","13":"purchasable","14":"product-type-simple"},"locations":[],"_links":{"self":[{"href":"https:\/\/loxone.ctw.sk\/index.php\/wp-json\/wp\/v2\/product\/303","targetHints":{"allow":["GET"]}}],"collection":[{"href":"https:\/\/loxone.ctw.sk\/index.php\/wp-json\/wp\/v2\/product"}],"about":[{"href":"https:\/\/loxone.ctw.sk\/index.php\/wp-json\/wp\/v2\/types\/product"}],"wp:featuredmedia":[{"embeddable":true,"href":"https:\/\/loxone.ctw.sk\/index.php\/wp-json\/wp\/v2\/media\/127"}],"wp:attachment":[{"href":"https:\/\/loxone.ctw.sk\/index.php\/wp-json\/wp\/v2\/media?parent=303"}],"wp:term":[{"taxonomy":"location","embeddable":true,"href":"https:\/\/loxone.ctw.sk\/index.php\/wp-json\/wp\/v2\/location?post=303"},{"taxonomy":"product_brand","embeddable":true,"href":"https:\/\/loxone.ctw.sk\/index.php\/wp-json\/wp\/v2\/product_brand?post=303"},{"taxonomy":"product_cat","embeddable":true,"href":"https:\/\/loxone.ctw.sk\/index.php\/wp-json\/wp\/v2\/product_cat?post=303"},{"taxonomy":"product_tag","embeddable":true,"href":"https:\/\/loxone.ctw.sk\/index.php\/wp-json\/wp\/v2\/product_tag?post=303"}],"curies":[{"name":"wp","href":"https:\/\/api.w.org\/{rel}","templated":true}]}}