{"id":308,"date":"2026-01-09T10:25:50","date_gmt":"2026-01-09T09:25:50","guid":{"rendered":"https:\/\/shop.dohlad.info\/index.php\/product\/drziak-mount-ow150-biela\/"},"modified":"2026-02-09T00:11:26","modified_gmt":"2026-02-08T23:11:26","slug":"drziak-mount-ow150-biela","status":"publish","type":"product","link":"https:\/\/loxone.ctw.sk\/index.php\/product\/drziak-mount-ow150-biela\/","title":{"rendered":"Dr\u017eiak MOUNT OW150 biela"},"content":{"rendered":"<p>Pre surround zvuk sa kompaktn\u00e9 reproduktory s\u00e9rie Phase najlep\u0161ie hod\u00ed na stenu v zadnej \u010dasti miestnosti alebo napr\u00edklad na strop v Atmos zostave. MOUNT OW 150 je <strong>n\u00e1stenn\u00fd \/ stropn\u00fd dr\u017eiak s oto\u010dn\u00fdm upev\u0148ovac\u00edm mechanizmom<\/strong>, ktor\u00fd zais\u0165uje esteticky \u010dist\u00fa a funk\u010dne dokonal\u00fa in\u0161tal\u00e1ciu. Vhodn\u00e9 pre:<\/p>\n<ul>\n<li class=\"MsoListParagraph\">Signum Phase 1<\/li>\n<li class=\"MsoListParagraph\">Phase 150<\/li>\n<\/ul>\n<p><strong>Technick\u00e9 detaily:<\/strong><\/p>\n<ul>\n<li>Typ: Dr\u017eiak na stenu.<\/li>\n<li>Hmotnos\u0165: 0,46 kg.<\/li>\n<li>Rozmery (Vx\u0160xH): 28,4 \u00d7 4,0 \u00d7 2,5 cm.<\/li>\n<\/ul>\n","protected":false},"excerpt":{"rendered":"<p>Pre surround zvuk sa kompaktn\u00e9 reproduktory s\u00e9rie Phase najlep\u0161ie hod\u00ed na stenu v zadnej \u010dasti miestnosti alebo napr\u00edklad na strop v Atmos zostave. MOUNT OW 150 je <strong>n\u00e1stenn\u00fd \/ stropn\u00fd dr\u017eiak s oto\u010dn\u00fdm upev\u0148ovac\u00edm mechanizmom<\/strong>, ktor\u00fd zais\u0165uje esteticky \u010dist\u00fa a funk\u010dne dokonal\u00fa in\u0161tal\u00e1ciu.<\/p>\n","protected":false},"featured_media":136,"template":"","meta":[],"location":[],"product_brand":[],"product_cat":[356],"product_tag":[],"class_list":{"0":"post-308","1":"product","2":"type-product","3":"status-publish","4":"has-post-thumbnail","6":"product_cat-montaz-audio","8":"first","9":"instock","10":"sold-individually","11":"taxable","12":"shipping-taxable","13":"purchasable","14":"product-type-simple"},"locations":[],"_links":{"self":[{"href":"https:\/\/loxone.ctw.sk\/index.php\/wp-json\/wp\/v2\/product\/308","targetHints":{"allow":["GET"]}}],"collection":[{"href":"https:\/\/loxone.ctw.sk\/index.php\/wp-json\/wp\/v2\/product"}],"about":[{"href":"https:\/\/loxone.ctw.sk\/index.php\/wp-json\/wp\/v2\/types\/product"}],"wp:featuredmedia":[{"embeddable":true,"href":"https:\/\/loxone.ctw.sk\/index.php\/wp-json\/wp\/v2\/media\/136"}],"wp:attachment":[{"href":"https:\/\/loxone.ctw.sk\/index.php\/wp-json\/wp\/v2\/media?parent=308"}],"wp:term":[{"taxonomy":"location","embeddable":true,"href":"https:\/\/loxone.ctw.sk\/index.php\/wp-json\/wp\/v2\/location?post=308"},{"taxonomy":"product_brand","embeddable":true,"href":"https:\/\/loxone.ctw.sk\/index.php\/wp-json\/wp\/v2\/product_brand?post=308"},{"taxonomy":"product_cat","embeddable":true,"href":"https:\/\/loxone.ctw.sk\/index.php\/wp-json\/wp\/v2\/product_cat?post=308"},{"taxonomy":"product_tag","embeddable":true,"href":"https:\/\/loxone.ctw.sk\/index.php\/wp-json\/wp\/v2\/product_tag?post=308"}],"curies":[{"name":"wp","href":"https:\/\/api.w.org\/{rel}","templated":true}]}}