{"id":309,"date":"2026-01-09T10:25:50","date_gmt":"2026-01-09T09:25:50","guid":{"rendered":"https:\/\/shop.dohlad.info\/index.php\/product\/signum-10-base-cierna\/"},"modified":"2026-01-09T10:26:15","modified_gmt":"2026-01-09T09:26:15","slug":"signum-10-base-cierna","status":"publish","type":"product","link":"https:\/\/loxone.ctw.sk\/index.php\/product\/signum-10-base-cierna\/","title":{"rendered":"SIGNUM 10 BASE \u010dierna"},"content":{"rendered":"<p>K\u013e\u00fa\u010dov\u00fdm \u010dlenom s\u00e9rie SIGNUM je centr\u00e1lny reproduktor SIGNUM 10 BASE. Kombinuje dva 155mm basov\u00e9 a stredov\u00e9 reproduktory s centr\u00e1lne umiestnen\u00fdm v\u00fd\u0161kov\u00fdm reproduktorom. Uzavret\u00e1 2p\u00e1smov\u00e1 kon\u0161trukcia umo\u017e\u0148uje \u013eahk\u00e9 umiestnenie na skrinku alebo do reg\u00e1lu a zais\u0165uje <strong>v\u00fdnimo\u010dn\u00fa zrozumite\u013enos\u0165 dial\u00f3gov a dokonale vyv\u00e1\u017een\u00fd zvuk.<\/strong> V\u010faka tomu v\u00e1m neunikne ani \u0161epkan\u00fd t\u00f3n, aj po\u010das najhlasnej\u0161\u00edch filmov\u00fdch sc\u00e9n.<\/p>\n","protected":false},"excerpt":{"rendered":"<p>K\u013e\u00fa\u010dov\u00fdm \u010dlenom s\u00e9rie SIGNUM je centr\u00e1lny reproduktor SIGNUM 10 BASE. Kombinuje dva 155mm basov\u00e9 a stredov\u00e9 reproduktory s centr\u00e1lne umiestnen\u00fdm v\u00fd\u0161kov\u00fdm reproduktorom. Uzavret\u00e1 2p\u00e1smov\u00e1 kon\u0161trukcia umo\u017e\u0148uje \u013eahk\u00e9 umiestnenie na skrinku alebo do reg\u00e1lu a zais\u0165uje <strong>v\u00fdnimo\u010dn\u00fa zrozumite\u013enos\u0165 dial\u00f3gov a dokonale vyv\u00e1\u017een\u00fd zvuk.<\/strong> V\u010faka tomu v\u00e1m neunikne ani \u0161epkan\u00fd t\u00f3n, aj po\u010das najhlasnej\u0161\u00edch filmov\u00fdch sc\u00e9n.<\/p>\n","protected":false},"featured_media":137,"template":"","meta":[],"location":[],"product_brand":[],"product_cat":[357],"product_tag":[],"class_list":{"0":"post-309","1":"product","2":"type-product","3":"status-publish","4":"has-post-thumbnail","6":"product_cat-pasivne-reproduktory","8":"first","9":"instock","10":"sold-individually","11":"taxable","12":"shipping-taxable","13":"purchasable","14":"product-type-simple"},"locations":[],"_links":{"self":[{"href":"https:\/\/loxone.ctw.sk\/index.php\/wp-json\/wp\/v2\/product\/309","targetHints":{"allow":["GET"]}}],"collection":[{"href":"https:\/\/loxone.ctw.sk\/index.php\/wp-json\/wp\/v2\/product"}],"about":[{"href":"https:\/\/loxone.ctw.sk\/index.php\/wp-json\/wp\/v2\/types\/product"}],"wp:featuredmedia":[{"embeddable":true,"href":"https:\/\/loxone.ctw.sk\/index.php\/wp-json\/wp\/v2\/media\/137"}],"wp:attachment":[{"href":"https:\/\/loxone.ctw.sk\/index.php\/wp-json\/wp\/v2\/media?parent=309"}],"wp:term":[{"taxonomy":"location","embeddable":true,"href":"https:\/\/loxone.ctw.sk\/index.php\/wp-json\/wp\/v2\/location?post=309"},{"taxonomy":"product_brand","embeddable":true,"href":"https:\/\/loxone.ctw.sk\/index.php\/wp-json\/wp\/v2\/product_brand?post=309"},{"taxonomy":"product_cat","embeddable":true,"href":"https:\/\/loxone.ctw.sk\/index.php\/wp-json\/wp\/v2\/product_cat?post=309"},{"taxonomy":"product_tag","embeddable":true,"href":"https:\/\/loxone.ctw.sk\/index.php\/wp-json\/wp\/v2\/product_tag?post=309"}],"curies":[{"name":"wp","href":"https:\/\/api.w.org\/{rel}","templated":true}]}}