{"id":319,"date":"2026-01-09T10:26:24","date_gmt":"2026-01-09T09:26:24","guid":{"rendered":"https:\/\/shop.dohlad.info\/index.php\/product\/signum-90-biela\/"},"modified":"2026-01-09T10:26:33","modified_gmt":"2026-01-09T09:26:33","slug":"signum-90-biela","status":"publish","type":"product","link":"https:\/\/loxone.ctw.sk\/index.php\/product\/signum-90-biela\/","title":{"rendered":"SIGNUM 90 biela"},"content":{"rendered":"<p>Jemn\u00e9 stereo t\u00f3ny alebo drviv\u00fd zvuk dom\u00e1ceho kina: SIGNUM 90 zvl\u00e1da tich\u00e9 aj hlasn\u00e9 pas\u00e1\u017ee s absol\u00fatnou istotou. V\u010faka v\u00fdkonn\u00fdm dvojit\u00fdm basov\u00fdm reproduktorom, zvukovo neutr\u00e1lnemu stredobasov\u00e9mu reproduktoru a pr\u00e9miov\u00e9mu v\u00fd\u0161kov\u00e9mu reproduktoru zaru\u010duje <strong>\u010dist\u00fd zvukov\u00fd z\u00e1\u017eitok<\/strong> \u2013 aj vo ve\u013ek\u00fdch miestnostiach a\u017e do 50 metrov \u0161tvorcov\u00fdch.<\/p>\n","protected":false},"excerpt":{"rendered":"<p>Jemn\u00e9 stereo t\u00f3ny alebo drviv\u00fd zvuk dom\u00e1ceho kina: SIGNUM 90 zvl\u00e1da tich\u00e9 aj hlasn\u00e9 pas\u00e1\u017ee s absol\u00fatnou istotou. V\u010faka v\u00fdkonn\u00fdm dvojit\u00fdm basov\u00fdm reproduktorom, zvukovo neutr\u00e1lnemu stredobasov\u00e9mu reproduktoru a pr\u00e9miov\u00e9mu v\u00fd\u0161kov\u00e9mu reproduktoru zaru\u010duje <strong>\u010dist\u00fd zvukov\u00fd z\u00e1\u017eitok<\/strong> \u2013 aj vo ve\u013ek\u00fdch miestnostiach a\u017e do 50 metrov \u0161tvorcov\u00fdch.<\/p>\n","protected":false},"featured_media":176,"template":"","meta":[],"location":[],"product_brand":[],"product_cat":[357],"product_tag":[],"class_list":{"0":"post-319","1":"product","2":"type-product","3":"status-publish","4":"has-post-thumbnail","6":"product_cat-pasivne-reproduktory","8":"first","9":"instock","10":"sold-individually","11":"taxable","12":"shipping-taxable","13":"purchasable","14":"product-type-simple"},"locations":[],"_links":{"self":[{"href":"https:\/\/loxone.ctw.sk\/index.php\/wp-json\/wp\/v2\/product\/319","targetHints":{"allow":["GET"]}}],"collection":[{"href":"https:\/\/loxone.ctw.sk\/index.php\/wp-json\/wp\/v2\/product"}],"about":[{"href":"https:\/\/loxone.ctw.sk\/index.php\/wp-json\/wp\/v2\/types\/product"}],"wp:featuredmedia":[{"embeddable":true,"href":"https:\/\/loxone.ctw.sk\/index.php\/wp-json\/wp\/v2\/media\/176"}],"wp:attachment":[{"href":"https:\/\/loxone.ctw.sk\/index.php\/wp-json\/wp\/v2\/media?parent=319"}],"wp:term":[{"taxonomy":"location","embeddable":true,"href":"https:\/\/loxone.ctw.sk\/index.php\/wp-json\/wp\/v2\/location?post=319"},{"taxonomy":"product_brand","embeddable":true,"href":"https:\/\/loxone.ctw.sk\/index.php\/wp-json\/wp\/v2\/product_brand?post=319"},{"taxonomy":"product_cat","embeddable":true,"href":"https:\/\/loxone.ctw.sk\/index.php\/wp-json\/wp\/v2\/product_cat?post=319"},{"taxonomy":"product_tag","embeddable":true,"href":"https:\/\/loxone.ctw.sk\/index.php\/wp-json\/wp\/v2\/product_tag?post=319"}],"curies":[{"name":"wp","href":"https:\/\/api.w.org\/{rel}","templated":true}]}}