{"id":321,"date":"2026-01-09T10:26:24","date_gmt":"2026-01-09T09:26:24","guid":{"rendered":"https:\/\/shop.dohlad.info\/index.php\/product\/chromium-105-biela\/"},"modified":"2026-01-09T10:26:36","modified_gmt":"2026-01-09T09:26:36","slug":"chromium-105-biela","status":"publish","type":"product","link":"https:\/\/loxone.ctw.sk\/index.php\/product\/chromium-105-biela\/","title":{"rendered":"Chromium 105 biela"},"content":{"rendered":"<p>Chromium 105 nikdy nezab\u00fada na cit pre hudbu. Za svoju dynamiku v\u010fa\u010d\u00ed vyspel\u00e9 v\u00fdrobnej technol\u00f3gii a vyladen\u00fdm komponentom. V\u010faka tomu je v\u00fdkon rovnomerne rozdelen\u00fd medzi tri reproduktory s plnou membr\u00e1nou a <strong>zais\u0165uje dych vyr\u00e1\u017eaj\u00faci basov\u00fd z\u00e1\u017eitok<\/strong>. Prvotriedny zvuk doplnen\u00fd p\u00e1skov\u00fdm v\u00fd\u0161kov\u00fdm reproduktorom E-sense pon\u00faka vynikaj\u00facu kvalitu aj vo v\u00fd\u0161kovom p\u00e1sme. Je potrebn\u00e9 ho po\u010du\u0165 aj vidie\u0165!<\/p>\n","protected":false},"excerpt":{"rendered":"<p>Chromium 105 nikdy nezab\u00fada na cit pre hudbu. Za svoju dynamiku v\u010fa\u010d\u00ed vyspel\u00e9 v\u00fdrobnej technol\u00f3gii a vyladen\u00fdm komponentom. V\u010faka tomu je v\u00fdkon rovnomerne rozdelen\u00fd medzi tri reproduktory s plnou membr\u00e1nou a <strong>zais\u0165uje dych vyr\u00e1\u017eaj\u00faci basov\u00fd z\u00e1\u017eitok<\/strong>. Prvotriedny zvuk doplnen\u00fd p\u00e1skov\u00fdm v\u00fd\u0161kov\u00fdm reproduktorom E-sense pon\u00faka vynikaj\u00facu kvalitu aj vo v\u00fd\u0161kovom p\u00e1sme. Je potrebn\u00e9 ho po\u010du\u0165 aj vidie\u0165!<\/p>\n","protected":false},"featured_media":183,"template":"","meta":[],"location":[],"product_brand":[],"product_cat":[357],"product_tag":[],"class_list":{"0":"post-321","1":"product","2":"type-product","3":"status-publish","4":"has-post-thumbnail","6":"product_cat-pasivne-reproduktory","8":"first","9":"instock","10":"sold-individually","11":"taxable","12":"shipping-taxable","13":"purchasable","14":"product-type-simple"},"locations":[],"_links":{"self":[{"href":"https:\/\/loxone.ctw.sk\/index.php\/wp-json\/wp\/v2\/product\/321","targetHints":{"allow":["GET"]}}],"collection":[{"href":"https:\/\/loxone.ctw.sk\/index.php\/wp-json\/wp\/v2\/product"}],"about":[{"href":"https:\/\/loxone.ctw.sk\/index.php\/wp-json\/wp\/v2\/types\/product"}],"wp:featuredmedia":[{"embeddable":true,"href":"https:\/\/loxone.ctw.sk\/index.php\/wp-json\/wp\/v2\/media\/183"}],"wp:attachment":[{"href":"https:\/\/loxone.ctw.sk\/index.php\/wp-json\/wp\/v2\/media?parent=321"}],"wp:term":[{"taxonomy":"location","embeddable":true,"href":"https:\/\/loxone.ctw.sk\/index.php\/wp-json\/wp\/v2\/location?post=321"},{"taxonomy":"product_brand","embeddable":true,"href":"https:\/\/loxone.ctw.sk\/index.php\/wp-json\/wp\/v2\/product_brand?post=321"},{"taxonomy":"product_cat","embeddable":true,"href":"https:\/\/loxone.ctw.sk\/index.php\/wp-json\/wp\/v2\/product_cat?post=321"},{"taxonomy":"product_tag","embeddable":true,"href":"https:\/\/loxone.ctw.sk\/index.php\/wp-json\/wp\/v2\/product_tag?post=321"}],"curies":[{"name":"wp","href":"https:\/\/api.w.org\/{rel}","templated":true}]}}