{"id":322,"date":"2026-01-09T10:26:24","date_gmt":"2026-01-09T09:26:24","guid":{"rendered":"https:\/\/shop.dohlad.info\/index.php\/product\/install-speaker-10-passive\/"},"modified":"2026-02-08T23:48:19","modified_gmt":"2026-02-08T22:48:19","slug":"install-speaker-10-passive","status":"publish","type":"product","link":"https:\/\/loxone.ctw.sk\/index.php\/product\/install-speaker-10-passive\/","title":{"rendered":"Install Speaker 10 Passive"},"content":{"rendered":"<p>Install Speaker 10 Passive je <strong>vysoko kvalitn\u00fd vstavan\u00fd reproduktor<\/strong>, ktor\u00fd m\u00e1 napriek svojej kompaktnej kon\u0161trukcii 10-palcov\u00fa membr\u00e1nu.<\/p>\n<p><strong>Vlastnosti:<\/strong><\/p>\n<ul>\n<li>Membr\u00e1na Altima (zliatina hlin\u00edka, tit\u00e1nu a hor\u010d\u00edka) \u2013 zn\u00e1ma z oce\u0148ovan\u00e9ho radu Quadral Aurum &amp; Chromium.<\/li>\n<li>V\u00fd\u0161kov\u00fd reproduktor (\u00d8 32 mm) s n\u00edzkou deliacou frekvenciou.<\/li>\n<li>Jednor\u00e1mov\u00e9 prevedenie s maxim\u00e1lnou plochou membr\u00e1ny zais\u0165uje kompaktn\u00fa kon\u0161trukciu s minim\u00e1lnym naru\u0161en\u00edm akustiky.<\/li>\n<li>Koaxi\u00e1lny syst\u00e9m pre rovnomern\u00fd a \u0161irok\u00fd rozptyl.<\/li>\n<\/ul>\n","protected":false},"excerpt":{"rendered":"<p>Install Speaker 10 Passive je <strong>vysoko kvalitn\u00fd vstavan\u00fd reproduktor<\/strong>, ktor\u00fd m\u00e1 napriek svojej kompaktnej kon\u0161trukcii 10-palcov\u00fa membr\u00e1nu.<\/p>\n<p>&nbsp;<\/p>\n","protected":false},"featured_media":1816,"template":"","meta":[],"location":[],"product_brand":[],"product_cat":[357],"product_tag":[],"class_list":{"0":"post-322","1":"product","2":"type-product","3":"status-publish","4":"has-post-thumbnail","6":"product_cat-pasivne-reproduktory","8":"first","9":"instock","10":"sold-individually","11":"taxable","12":"shipping-taxable","13":"purchasable","14":"product-type-simple"},"locations":[],"_links":{"self":[{"href":"https:\/\/loxone.ctw.sk\/index.php\/wp-json\/wp\/v2\/product\/322","targetHints":{"allow":["GET"]}}],"collection":[{"href":"https:\/\/loxone.ctw.sk\/index.php\/wp-json\/wp\/v2\/product"}],"about":[{"href":"https:\/\/loxone.ctw.sk\/index.php\/wp-json\/wp\/v2\/types\/product"}],"wp:featuredmedia":[{"embeddable":true,"href":"https:\/\/loxone.ctw.sk\/index.php\/wp-json\/wp\/v2\/media\/1816"}],"wp:attachment":[{"href":"https:\/\/loxone.ctw.sk\/index.php\/wp-json\/wp\/v2\/media?parent=322"}],"wp:term":[{"taxonomy":"location","embeddable":true,"href":"https:\/\/loxone.ctw.sk\/index.php\/wp-json\/wp\/v2\/location?post=322"},{"taxonomy":"product_brand","embeddable":true,"href":"https:\/\/loxone.ctw.sk\/index.php\/wp-json\/wp\/v2\/product_brand?post=322"},{"taxonomy":"product_cat","embeddable":true,"href":"https:\/\/loxone.ctw.sk\/index.php\/wp-json\/wp\/v2\/product_cat?post=322"},{"taxonomy":"product_tag","embeddable":true,"href":"https:\/\/loxone.ctw.sk\/index.php\/wp-json\/wp\/v2\/product_tag?post=322"}],"curies":[{"name":"wp","href":"https:\/\/api.w.org\/{rel}","templated":true}]}}