{"id":323,"date":"2026-01-09T10:26:24","date_gmt":"2026-01-09T09:26:24","guid":{"rendered":"https:\/\/shop.dohlad.info\/index.php\/product\/install-speaker-10-master\/"},"modified":"2026-02-08T23:48:53","modified_gmt":"2026-02-08T22:48:53","slug":"install-speaker-10-master","status":"publish","type":"product","link":"https:\/\/loxone.ctw.sk\/index.php\/product\/install-speaker-10-master\/","title":{"rendered":"Install Speaker 10 Master"},"content":{"rendered":"<p>Install Speaker 10 Master zaujme svojimi <strong>vynikaj\u00facimi zvukov\u00fdmi vlastnos\u0165ami a rozmanitos\u0165ou vyu\u017eitia<\/strong>. Prip\u00e1ja sa priamo k Audioserveru alebo Miniserveru Compact prostredn\u00edctvom Tree Turbo a m\u00f4\u017ee pren\u00e1\u0161a\u0165 zvukov\u00fd sign\u00e1l do re\u0165azca a\u017e 20 reproduktorov Client. Tvor\u00ed tak flexibiln\u00e9 audio rie\u0161enie \u0161k\u00e1lovate\u013en\u00e9 pre budovy v\u0161etk\u00fdch ve\u013ekost\u00ed.<\/p>\n<p><strong>\u00a0Vlastnosti:<\/strong><\/p>\n<ul>\n<li>Funkcia ako prevod textu na re\u010d (Text-to-Speech), zvon\u010dek, alarm alebo zvukov\u00e9 upozornenia.<\/li>\n<li>Streamovanie hudby cez Bluetooth.<\/li>\n<li>Jednor\u00e1mov\u00e9 prevedenie s maxim\u00e1lnou plochou membr\u00e1ny zais\u0165uje kompaktn\u00fa kon\u0161trukciu s minim\u00e1lnym naru\u0161en\u00edm akustiky.<\/li>\n<li>D\u013a\u017eka k\u00e1bla a\u017e 150 m (Tree Turbo \/ Master Speaker).<\/li>\n<li>Vhodn\u00fd pre vn\u00fatorn\u00e9 a chr\u00e1nen\u00e9 vonkaj\u0161ie priestory.<\/li>\n<\/ul>\n","protected":false},"excerpt":{"rendered":"<p>Install Speaker 10 Master zaujme svojimi <strong>vynikaj\u00facimi zvukov\u00fdmi vlastnos\u0165ami a rozmanitos\u0165ou vyu\u017eitia<\/strong>. Prip\u00e1ja sa priamo k Audioserveru alebo Miniserveru Compact prostredn\u00edctvom Tree Turbo a m\u00f4\u017ee pren\u00e1\u0161a\u0165 zvukov\u00fd sign\u00e1l do re\u0165azca a\u017e 20 reproduktorov Client. Tvor\u00ed tak flexibiln\u00e9 audio rie\u0161enie \u0161k\u00e1lovate\u013en\u00e9 pre budovy v\u0161etk\u00fdch ve\u013ekost\u00ed.<\/p>\n<p>&nbsp;<\/p>\n","protected":false},"featured_media":1817,"template":"","meta":[],"location":[],"product_brand":[],"product_cat":[334],"product_tag":[],"class_list":{"0":"post-323","1":"product","2":"type-product","3":"status-publish","4":"has-post-thumbnail","6":"product_cat-aktivne-reproduktory","8":"first","9":"instock","10":"sold-individually","11":"taxable","12":"shipping-taxable","13":"purchasable","14":"product-type-simple"},"locations":[],"_links":{"self":[{"href":"https:\/\/loxone.ctw.sk\/index.php\/wp-json\/wp\/v2\/product\/323","targetHints":{"allow":["GET"]}}],"collection":[{"href":"https:\/\/loxone.ctw.sk\/index.php\/wp-json\/wp\/v2\/product"}],"about":[{"href":"https:\/\/loxone.ctw.sk\/index.php\/wp-json\/wp\/v2\/types\/product"}],"wp:featuredmedia":[{"embeddable":true,"href":"https:\/\/loxone.ctw.sk\/index.php\/wp-json\/wp\/v2\/media\/1817"}],"wp:attachment":[{"href":"https:\/\/loxone.ctw.sk\/index.php\/wp-json\/wp\/v2\/media?parent=323"}],"wp:term":[{"taxonomy":"location","embeddable":true,"href":"https:\/\/loxone.ctw.sk\/index.php\/wp-json\/wp\/v2\/location?post=323"},{"taxonomy":"product_brand","embeddable":true,"href":"https:\/\/loxone.ctw.sk\/index.php\/wp-json\/wp\/v2\/product_brand?post=323"},{"taxonomy":"product_cat","embeddable":true,"href":"https:\/\/loxone.ctw.sk\/index.php\/wp-json\/wp\/v2\/product_cat?post=323"},{"taxonomy":"product_tag","embeddable":true,"href":"https:\/\/loxone.ctw.sk\/index.php\/wp-json\/wp\/v2\/product_tag?post=323"}],"curies":[{"name":"wp","href":"https:\/\/api.w.org\/{rel}","templated":true}]}}