{"id":326,"date":"2026-01-09T10:26:24","date_gmt":"2026-01-09T09:26:24","guid":{"rendered":"https:\/\/shop.dohlad.info\/index.php\/product\/back-box-install-10\/"},"modified":"2026-02-08T23:31:34","modified_gmt":"2026-02-08T22:31:34","slug":"back-box-install-10","status":"publish","type":"product","link":"https:\/\/loxone.ctw.sk\/index.php\/product\/back-box-install-10\/","title":{"rendered":"Back Box Install 10"},"content":{"rendered":"<p>Back Box Install 10 je ur\u010den\u00fd pre pr\u00edpady, ke\u010f je potrebn\u00e9 in\u0161talova\u0165 reproduktor Install Speaker 10 do uzavret\u00e9ho priestoru, napr\u00edklad <strong>do akustick\u00e9ho stropu<\/strong>. Pri zavesen\u00fdch podh\u013eadoch, ktor\u00e9 neumo\u017e\u0148uj\u00fa cirkul\u00e1ciu vzduchu, nie je pou\u017eitie boxu nutn\u00e9. S boxom s\u00fa kompatibiln\u00e9 produkty <strong>Install Speaker 10<\/strong> Master \/ Client \/ Passive.<\/p>\n<p><strong>Vlastnosti:<\/strong><\/p>\n<ul>\n<li>Na mont\u00e1\u017e na stenu alebo na strop.<\/li>\n<li>Materi\u00e1l: MDF dosky, tlmenie akustickou izol\u00e1ciou, box s ve\u013emi dobrou rezonanciou.<\/li>\n<li>Predv\u0155tan\u00e9 a vyfr\u00e9zovan\u00e9 otvory pre jednoduch\u00fa mont\u00e1\u017e.<\/li>\n<li>Preferovan\u00e1 in\u0161tal\u00e1cia pod sadrokart\u00f3nov\u00fa dosku.<\/li>\n<li>Zostavuje sa priamo na mieste.<\/li>\n<\/ul>\n","protected":false},"excerpt":{"rendered":"<p>Back Box Install 10 je ur\u010den\u00fd pre pr\u00edpady, ke\u010f je potrebn\u00e9 in\u0161talova\u0165 reproduktor Install Speaker 10 do uzavret\u00e9ho priestoru, napr\u00edklad <strong>do akustick\u00e9ho stropu<\/strong>. Pri zavesen\u00fdch podh\u013eadoch, ktor\u00e9 neumo\u017e\u0148uj\u00fa cirkul\u00e1ciu vzduchu, nie je pou\u017eitie boxu nutn\u00e9.<\/p>\n","protected":false},"featured_media":204,"template":"","meta":[],"location":[],"product_brand":[],"product_cat":[356],"product_tag":[],"class_list":{"0":"post-326","1":"product","2":"type-product","3":"status-publish","4":"has-post-thumbnail","6":"product_cat-montaz-audio","8":"first","9":"instock","10":"sold-individually","11":"taxable","12":"shipping-taxable","13":"purchasable","14":"product-type-simple"},"locations":[],"_links":{"self":[{"href":"https:\/\/loxone.ctw.sk\/index.php\/wp-json\/wp\/v2\/product\/326","targetHints":{"allow":["GET"]}}],"collection":[{"href":"https:\/\/loxone.ctw.sk\/index.php\/wp-json\/wp\/v2\/product"}],"about":[{"href":"https:\/\/loxone.ctw.sk\/index.php\/wp-json\/wp\/v2\/types\/product"}],"wp:featuredmedia":[{"embeddable":true,"href":"https:\/\/loxone.ctw.sk\/index.php\/wp-json\/wp\/v2\/media\/204"}],"wp:attachment":[{"href":"https:\/\/loxone.ctw.sk\/index.php\/wp-json\/wp\/v2\/media?parent=326"}],"wp:term":[{"taxonomy":"location","embeddable":true,"href":"https:\/\/loxone.ctw.sk\/index.php\/wp-json\/wp\/v2\/location?post=326"},{"taxonomy":"product_brand","embeddable":true,"href":"https:\/\/loxone.ctw.sk\/index.php\/wp-json\/wp\/v2\/product_brand?post=326"},{"taxonomy":"product_cat","embeddable":true,"href":"https:\/\/loxone.ctw.sk\/index.php\/wp-json\/wp\/v2\/product_cat?post=326"},{"taxonomy":"product_tag","embeddable":true,"href":"https:\/\/loxone.ctw.sk\/index.php\/wp-json\/wp\/v2\/product_tag?post=326"}],"curies":[{"name":"wp","href":"https:\/\/api.w.org\/{rel}","templated":true}]}}