{"id":327,"date":"2026-01-09T10:26:24","date_gmt":"2026-01-09T09:26:24","guid":{"rendered":"https:\/\/shop.dohlad.info\/index.php\/product\/box-for-10-install-speaker-cierna\/"},"modified":"2026-01-09T10:26:46","modified_gmt":"2026-01-09T09:26:46","slug":"box-for-10-install-speaker-cierna","status":"publish","type":"product","link":"https:\/\/loxone.ctw.sk\/index.php\/product\/box-for-10-install-speaker-cierna\/","title":{"rendered":"Box for 10&#8243; Install Speaker \u010dierna"},"content":{"rendered":"<p>Optimalizujte v\u00fdkon reproduktora Install Sub 10 Master\/Client pomocou \u0161peci\u00e1lne vyvinut\u00e9ho uzavret\u00e9ho boxu, ktor\u00fd <strong>zlep\u0161uje akustick\u00e9 vlastnosti subwoofera<\/strong>. Kompatibiln\u00fd s reproduktormi Install Speaker 10 Master\/Client\/Passive a Install Sub 10 Master\/Client.<\/p>\n<p><strong>Vlastnosti:<\/strong><\/p>\n<ul>\n<li>Mo\u017eno ich diskr\u00e9tne umiestni\u0165 pod lavice, n\u00e1bytok alebo vo\u013ene postavi\u0165.<\/li>\n<li>Mo\u017eno pou\u017ei\u0165 ako vstavanie do n\u00e1bytku.<\/li>\n<li>Je mo\u017en\u00e9 pou\u017ei\u0165 pre v\u0161etky 10-palcov\u00e9 Install Speakery.<\/li>\n<li>Extern\u00e9 svorky pre akt\u00edvne (Master\/Client\/Sub) a pas\u00edvne zapojenie.<\/li>\n<li>Robustn\u00fd text\u00farovan\u00fd lak.<\/li>\n<li>Izola\u010dn\u00fd materi\u00e1l je upevnen\u00fd v boxe.<\/li>\n<\/ul>\n<p><strong>Technick\u00e9 detaily:<\/strong><\/p>\n<ul>\n<li>Rozmery: 500 \u00d7 350 \u00d7 200 mm (\u0160\u00d7V\u00d7H).<\/li>\n<\/ul>\n","protected":false},"excerpt":{"rendered":"<p>Optimalizujte v\u00fdkon reproduktora Install Sub 10 Master\/Client pomocou \u0161peci\u00e1lne vyvinut\u00e9ho uzavret\u00e9ho boxu, ktor\u00fd <strong>zlep\u0161uje akustick\u00e9 vlastnosti subwoofera<\/strong>. Kompatibiln\u00fd s reproduktormi Install Speaker 10 Master\/Client\/Passive a Install Sub 10 Master\/Client.<\/p>\n<p><strong>Vlastnosti:<\/strong><\/p>\n<ul>\n<li>Mo\u017eno ich diskr\u00e9tne umiestni\u0165 pod lavice, n\u00e1bytok alebo vo\u013ene postavi\u0165.<\/li>\n<li>Mo\u017eno pou\u017ei\u0165 ako vstavanie do n\u00e1bytku.<\/li>\n<li>Je mo\u017en\u00e9 pou\u017ei\u0165 pre v\u0161etky 10-palcov\u00e9 Install Speakery.<\/li>\n<li>Extern\u00e9 svorky pre akt\u00edvne (Master\/Client\/Sub) a pas\u00edvne zapojenie.<\/li>\n<li>Robustn\u00fd text\u00farovan\u00fd lak.<\/li>\n<li>Izola\u010dn\u00fd materi\u00e1l je upevnen\u00fd v boxe.<\/li>\n<\/ul>\n<p><strong>Technick\u00e9 detaily:<\/strong><\/p>\n<ul>\n<li>Rozmery: 500 \u00d7 350 \u00d7 200 mm (\u0160\u00d7V\u00d7H).<\/li>\n<\/ul>\n","protected":false},"featured_media":208,"template":"","meta":[],"location":[],"product_brand":[],"product_cat":[356],"product_tag":[],"class_list":{"0":"post-327","1":"product","2":"type-product","3":"status-publish","4":"has-post-thumbnail","6":"product_cat-montaz-audio","8":"first","9":"instock","10":"sold-individually","11":"taxable","12":"shipping-taxable","13":"purchasable","14":"product-type-simple"},"locations":[],"_links":{"self":[{"href":"https:\/\/loxone.ctw.sk\/index.php\/wp-json\/wp\/v2\/product\/327","targetHints":{"allow":["GET"]}}],"collection":[{"href":"https:\/\/loxone.ctw.sk\/index.php\/wp-json\/wp\/v2\/product"}],"about":[{"href":"https:\/\/loxone.ctw.sk\/index.php\/wp-json\/wp\/v2\/types\/product"}],"wp:featuredmedia":[{"embeddable":true,"href":"https:\/\/loxone.ctw.sk\/index.php\/wp-json\/wp\/v2\/media\/208"}],"wp:attachment":[{"href":"https:\/\/loxone.ctw.sk\/index.php\/wp-json\/wp\/v2\/media?parent=327"}],"wp:term":[{"taxonomy":"location","embeddable":true,"href":"https:\/\/loxone.ctw.sk\/index.php\/wp-json\/wp\/v2\/location?post=327"},{"taxonomy":"product_brand","embeddable":true,"href":"https:\/\/loxone.ctw.sk\/index.php\/wp-json\/wp\/v2\/product_brand?post=327"},{"taxonomy":"product_cat","embeddable":true,"href":"https:\/\/loxone.ctw.sk\/index.php\/wp-json\/wp\/v2\/product_cat?post=327"},{"taxonomy":"product_tag","embeddable":true,"href":"https:\/\/loxone.ctw.sk\/index.php\/wp-json\/wp\/v2\/product_tag?post=327"}],"curies":[{"name":"wp","href":"https:\/\/api.w.org\/{rel}","templated":true}]}}