{"id":329,"date":"2026-01-09T10:26:24","date_gmt":"2026-01-09T09:26:24","guid":{"rendered":"https:\/\/shop.dohlad.info\/index.php\/product\/surface-box-for-10-install-speaker-biela\/"},"modified":"2026-02-08T23:33:59","modified_gmt":"2026-02-08T22:33:59","slug":"surface-box-for-10-install-speaker-biela","status":"publish","type":"product","link":"https:\/\/loxone.ctw.sk\/index.php\/product\/surface-box-for-10-install-speaker-biela\/","title":{"rendered":"Surface Box for 10&#8243; Install Speaker biela"},"content":{"rendered":"<p>Surface Box for 10&#8243; Install Speaker sa pou\u017e\u00edva v\u0161ade tam, kde nie je mo\u017en\u00e1 priama in\u0161tal\u00e1cia do stropu alebo steny. To znamen\u00e1, \u017ee nie je nutn\u00e9 vykon\u00e1va\u0165 rozsiahle stavebn\u00e9 \u00fapravy, aby sa dokonal\u00fd zvuk dostal tam, kde je to potrebn\u00e9. Kompatibiln\u00fd s reproduktormi <strong>Install Speaker 10<\/strong> Master \/ Client \/ Passive.<\/p>\n<p><strong>Vlastnosti:<\/strong><\/p>\n<ul>\n<li>Jednoduch\u00e1 in\u0161tal\u00e1cia 10-palcov\u00e9ho reproduktora na strop a stenu.<\/li>\n<li>Port Bass Reflex pre lep\u0161iu reprodukciu basov.<\/li>\n<li>Vysoko kvalitn\u00e9 pripojenie pomocou PG skrutiek pre vstup a v\u00fdstup k\u00e1bla (napr. pre kabel\u00e1\u017e Client).<\/li>\n<li>Robustn\u00fd \u0161trukt\u00farovan\u00fd lak.<\/li>\n<li>Tlmiaci materi\u00e1l na zn\u00ed\u017eenie rezonancie priamo v boxe.<\/li>\n<li>Pevne priskrutkovan\u00e1 mrie\u017eka zabra\u0148uj\u00faca vibr\u00e1ci\u00e1m.<\/li>\n<\/ul>\n<p><strong>Technick\u00e9 detaily:<\/strong><\/p>\n<ul>\n<li>Rozmery: 500 \u00d7 500 \u00d7 140 mm (\u0160\u00d7V\u00d7H).<\/li>\n<\/ul>\n","protected":false},"excerpt":{"rendered":"<p>Surface Box for 10&#8243; Install Speaker sa pou\u017e\u00edva v\u0161ade tam, kde nie je mo\u017en\u00e1 priama in\u0161tal\u00e1cia do stropu alebo steny. To znamen\u00e1, \u017ee nie je nutn\u00e9 vykon\u00e1va\u0165 rozsiahle stavebn\u00e9 \u00fapravy, aby sa dokonal\u00fd zvuk dostal tam, kde je to potrebn\u00e9.<\/p>\n","protected":false},"featured_media":214,"template":"","meta":[],"location":[],"product_brand":[],"product_cat":[356],"product_tag":[],"class_list":{"0":"post-329","1":"product","2":"type-product","3":"status-publish","4":"has-post-thumbnail","6":"product_cat-montaz-audio","8":"first","9":"instock","10":"sold-individually","11":"taxable","12":"shipping-taxable","13":"purchasable","14":"product-type-simple"},"locations":[],"_links":{"self":[{"href":"https:\/\/loxone.ctw.sk\/index.php\/wp-json\/wp\/v2\/product\/329","targetHints":{"allow":["GET"]}}],"collection":[{"href":"https:\/\/loxone.ctw.sk\/index.php\/wp-json\/wp\/v2\/product"}],"about":[{"href":"https:\/\/loxone.ctw.sk\/index.php\/wp-json\/wp\/v2\/types\/product"}],"wp:featuredmedia":[{"embeddable":true,"href":"https:\/\/loxone.ctw.sk\/index.php\/wp-json\/wp\/v2\/media\/214"}],"wp:attachment":[{"href":"https:\/\/loxone.ctw.sk\/index.php\/wp-json\/wp\/v2\/media?parent=329"}],"wp:term":[{"taxonomy":"location","embeddable":true,"href":"https:\/\/loxone.ctw.sk\/index.php\/wp-json\/wp\/v2\/location?post=329"},{"taxonomy":"product_brand","embeddable":true,"href":"https:\/\/loxone.ctw.sk\/index.php\/wp-json\/wp\/v2\/product_brand?post=329"},{"taxonomy":"product_cat","embeddable":true,"href":"https:\/\/loxone.ctw.sk\/index.php\/wp-json\/wp\/v2\/product_cat?post=329"},{"taxonomy":"product_tag","embeddable":true,"href":"https:\/\/loxone.ctw.sk\/index.php\/wp-json\/wp\/v2\/product_tag?post=329"}],"curies":[{"name":"wp","href":"https:\/\/api.w.org\/{rel}","templated":true}]}}