{"id":331,"date":"2026-01-09T10:26:24","date_gmt":"2026-01-09T09:26:24","guid":{"rendered":"https:\/\/shop.dohlad.info\/index.php\/product\/wallbox-22kw-32a-tree\/"},"modified":"2026-01-09T10:26:52","modified_gmt":"2026-01-09T09:26:52","slug":"wallbox-22kw-32a-tree","status":"publish","type":"product","link":"https:\/\/loxone.ctw.sk\/index.php\/product\/wallbox-22kw-32a-tree\/","title":{"rendered":"Wallbox 22kW 32A Tree"},"content":{"rendered":"<p>Loxone Wallbox je nab\u00edjacia stanica <strong>umo\u017e\u0148uj\u00faca dynamick\u00e9 nab\u00edjanie elektromobilov v rozsahu od 4,1 kW do 22 kW<\/strong>. V\u010faka robustn\u00e9mu rozhraniu <strong>Tree<\/strong> je zariadenie plne integrovan\u00e9 do syst\u00e9mu Loxone, \u010do poskytuje maxim\u00e1lnu slobodu pri energetickom managemente.<\/p>\n<\/p>\n<p><strong>V\u00fdhody:<\/strong><\/p>\n<ul>\n<li>N\u00e1kladovo efekt\u00edvne a mimoriadne r\u00fdchle: AC nab\u00edjanie s v\u00fdkonom a\u017e 22 kW<\/li>\n<li>Jednoduch\u00e1 in\u0161tal\u00e1cia v\u010faka integrovan\u00e9mu <strong>Loxone 3-f\u00e1zov\u00e9mu Elektromeru Tree<\/strong><\/li>\n<li><strong>Nab\u00edjanie zadarmo:<\/strong> efekt\u00edvne vyu\u017eitie prebytkov z fotovoltiky<\/li>\n<li>Inteligentn\u00e9 riadenie spotreby: v\u00fdhodn\u00e9 nab\u00edjanie aj bez FVE syst\u00e9mu \u2013 ide\u00e1lne pre variabiln\u00e9 tarify elektriny<\/li>\n<li>Jednoduch\u00e9 ovl\u00e1danie cez aplik\u00e1ciu Loxone alebo roz\u0161\u00edrenie o tla\u010didlo <strong>Touch Pure Flex<\/strong> \u010di <strong>NFC Code Touch<\/strong><\/li>\n<li>Identifik\u00e1cia pou\u017e\u00edvate\u013ea a vy\u00fa\u010dtovanie cez NFC<\/li>\n<li>Vhodn\u00e9 aj pre firemn\u00e9 flotily: ochrana vedenia a budovy v\u010faka optim\u00e1lnemu rozdeleniu v\u00fdkonu<\/li>\n<li><strong>A\u017e 5 prisp\u00f4sobite\u013en\u00fdch<\/strong> nab\u00edjac\u00edch re\u017eimov<\/li>\n<li>Podpora \u0161tandardu <strong>OCPP<\/strong><\/li>\n<\/ul>\n","protected":false},"excerpt":{"rendered":"<p>Loxone Wallbox je nab\u00edjacia stanica <strong>umo\u017e\u0148uj\u00faca dynamick\u00e9 nab\u00edjanie elektromobilov v rozsahu od 4,1 kW do 22 kW<\/strong>. V\u010faka robustn\u00e9mu rozhraniu <strong>Tree<\/strong> je zariadenie plne integrovan\u00e9 do syst\u00e9mu Loxone, \u010do poskytuje maxim\u00e1lnu slobodu pri energetickom managemente.<\/p>\n<\/p>\n<p><strong>V\u00fdhody:<\/strong><\/p>\n<ul>\n<li>N\u00e1kladovo efekt\u00edvne a mimoriadne r\u00fdchle: AC nab\u00edjanie s v\u00fdkonom a\u017e 22 kW<\/li>\n<li>Jednoduch\u00e1 in\u0161tal\u00e1cia v\u010faka integrovan\u00e9mu <strong>Loxone 3-f\u00e1zov\u00e9mu Elektromeru Tree<\/strong><\/li>\n<li><strong>Nab\u00edjanie zadarmo:<\/strong> efekt\u00edvne vyu\u017eitie prebytkov z fotovoltiky<\/li>\n<li>Inteligentn\u00e9 riadenie spotreby: v\u00fdhodn\u00e9 nab\u00edjanie aj bez FVE syst\u00e9mu \u2013 ide\u00e1lne pre variabiln\u00e9 tarify elektriny<\/li>\n<li>Jednoduch\u00e9 ovl\u00e1danie cez aplik\u00e1ciu Loxone alebo roz\u0161\u00edrenie o tla\u010didlo <strong>Touch Pure Flex<\/strong> \u010di <strong>NFC Code Touch<\/strong><\/li>\n<li>Identifik\u00e1cia pou\u017e\u00edvate\u013ea a vy\u00fa\u010dtovanie cez NFC<\/li>\n<li>Vhodn\u00e9 aj pre firemn\u00e9 flotily: ochrana vedenia a budovy v\u010faka optim\u00e1lnemu rozdeleniu v\u00fdkonu<\/li>\n<li><strong>A\u017e 5 prisp\u00f4sobite\u013en\u00fdch<\/strong> nab\u00edjac\u00edch re\u017eimov<\/li>\n<li>Podpora \u0161tandardu <strong>OCPP<\/strong><\/li>\n<\/ul>\n","protected":false},"featured_media":220,"template":"","meta":[],"location":[],"product_brand":[],"product_cat":[340,358],"product_tag":[],"class_list":{"0":"post-331","1":"product","2":"type-product","3":"status-publish","4":"has-post-thumbnail","6":"product_cat-tree-energie","7":"product_cat-wallbox","9":"first","10":"instock","11":"sold-individually","12":"taxable","13":"shipping-taxable","14":"purchasable","15":"product-type-simple"},"locations":[],"_links":{"self":[{"href":"https:\/\/loxone.ctw.sk\/index.php\/wp-json\/wp\/v2\/product\/331","targetHints":{"allow":["GET"]}}],"collection":[{"href":"https:\/\/loxone.ctw.sk\/index.php\/wp-json\/wp\/v2\/product"}],"about":[{"href":"https:\/\/loxone.ctw.sk\/index.php\/wp-json\/wp\/v2\/types\/product"}],"wp:featuredmedia":[{"embeddable":true,"href":"https:\/\/loxone.ctw.sk\/index.php\/wp-json\/wp\/v2\/media\/220"}],"wp:attachment":[{"href":"https:\/\/loxone.ctw.sk\/index.php\/wp-json\/wp\/v2\/media?parent=331"}],"wp:term":[{"taxonomy":"location","embeddable":true,"href":"https:\/\/loxone.ctw.sk\/index.php\/wp-json\/wp\/v2\/location?post=331"},{"taxonomy":"product_brand","embeddable":true,"href":"https:\/\/loxone.ctw.sk\/index.php\/wp-json\/wp\/v2\/product_brand?post=331"},{"taxonomy":"product_cat","embeddable":true,"href":"https:\/\/loxone.ctw.sk\/index.php\/wp-json\/wp\/v2\/product_cat?post=331"},{"taxonomy":"product_tag","embeddable":true,"href":"https:\/\/loxone.ctw.sk\/index.php\/wp-json\/wp\/v2\/product_tag?post=331"}],"curies":[{"name":"wp","href":"https:\/\/api.w.org\/{rel}","templated":true}]}}