{"id":336,"date":"2026-01-09T10:26:59","date_gmt":"2026-01-09T09:26:59","guid":{"rendered":"https:\/\/shop.dohlad.info\/index.php\/product\/touch-nightlight-air-zlata\/"},"modified":"2026-02-10T00:41:25","modified_gmt":"2026-02-09T23:41:25","slug":"touch-nightlight-air-zlata","status":"publish","type":"product","link":"https:\/\/loxone.ctw.sk\/index.php\/product\/touch-nightlight-air-zlata\/","title":{"rendered":"Touch Nightlight Air zlat\u00e1"},"content":{"rendered":"<p><strong>Loxone Touch Nightlight Air <\/strong>je no\u010dn\u00e9 svetlo s integrovan\u00fdm bud\u00edkom a siedmimi dotykov\u00fdmi bodmi na <strong>ovl\u00e1danie najd\u00f4le\u017eitej\u0161\u00edch funkci\u00ed<\/strong> v miestnosti. Kombinuje u\u017e\u00edvate\u013esky pr\u00edvetiv\u00fd dizajn s <strong>architektonicky atrakt\u00edvnym, \u010dist\u00fdm vzh\u013eadom<\/strong>. V\u010faka tomu je ide\u00e1lny na <strong>no\u010dn\u00fd stol\u00edk, ale hod\u00ed sa aj na p\u00edsac\u00ed st\u00f4l<\/strong>, <strong>policu<\/strong> a mnoho \u010fal\u0161\u00edch miest.<\/p>\n<p><strong>Vlastnosti:<\/strong><\/p>\n<ul>\n<li>Sedem dotykov\u00fdch bodov s volite\u013enou sp\u00e4tnou v\u00e4zbou kliknut\u00ed<\/li>\n<li>U\u017e\u00edvate\u013esk\u00e9 rozhranie z vysoko kvalitn\u00e9ho prav\u00e9ho skla<\/li>\n<li>Ambientn\u00e9 svetlo<\/li>\n<li>Vysoko kvalitn\u00fd vzh\u013ead<\/li>\n<li>Maxim\u00e1lna u\u017e\u00edvate\u013esk\u00e1 pr\u00edvetivos\u0165<\/li>\n<\/ul>\n","protected":false},"excerpt":{"rendered":"<p><strong>Loxone Touch Nightlight Air <\/strong>je no\u010dn\u00e9 svetlo s integrovan\u00fdm bud\u00edkom a siedmimi dotykov\u00fdmi bodmi na <strong>ovl\u00e1danie najd\u00f4le\u017eitej\u0161\u00edch funkci\u00ed<\/strong> v miestnosti. Kombinuje u\u017e\u00edvate\u013esky pr\u00edvetiv\u00fd dizajn s <strong>architektonicky atrakt\u00edvnym, \u010dist\u00fdm vzh\u013eadom<\/strong>. V\u010faka tomu je ide\u00e1lny na <strong>no\u010dn\u00fd stol\u00edk, ale hod\u00ed sa aj na p\u00edsac\u00ed st\u00f4l<\/strong>, <strong>policu<\/strong> a mnoho \u010fal\u0161\u00edch miest.<\/p>\n<p>&nbsp;<\/p>\n","protected":false},"featured_media":230,"template":"","meta":[],"location":[],"product_brand":[],"product_cat":[337],"product_tag":[],"class_list":{"0":"post-336","1":"product","2":"type-product","3":"status-publish","4":"has-post-thumbnail","6":"product_cat-air","8":"first","9":"instock","10":"sold-individually","11":"taxable","12":"shipping-taxable","13":"purchasable","14":"product-type-simple"},"locations":[],"_links":{"self":[{"href":"https:\/\/loxone.ctw.sk\/index.php\/wp-json\/wp\/v2\/product\/336","targetHints":{"allow":["GET"]}}],"collection":[{"href":"https:\/\/loxone.ctw.sk\/index.php\/wp-json\/wp\/v2\/product"}],"about":[{"href":"https:\/\/loxone.ctw.sk\/index.php\/wp-json\/wp\/v2\/types\/product"}],"wp:featuredmedia":[{"embeddable":true,"href":"https:\/\/loxone.ctw.sk\/index.php\/wp-json\/wp\/v2\/media\/230"}],"wp:attachment":[{"href":"https:\/\/loxone.ctw.sk\/index.php\/wp-json\/wp\/v2\/media?parent=336"}],"wp:term":[{"taxonomy":"location","embeddable":true,"href":"https:\/\/loxone.ctw.sk\/index.php\/wp-json\/wp\/v2\/location?post=336"},{"taxonomy":"product_brand","embeddable":true,"href":"https:\/\/loxone.ctw.sk\/index.php\/wp-json\/wp\/v2\/product_brand?post=336"},{"taxonomy":"product_cat","embeddable":true,"href":"https:\/\/loxone.ctw.sk\/index.php\/wp-json\/wp\/v2\/product_cat?post=336"},{"taxonomy":"product_tag","embeddable":true,"href":"https:\/\/loxone.ctw.sk\/index.php\/wp-json\/wp\/v2\/product_tag?post=336"}],"curies":[{"name":"wp","href":"https:\/\/api.w.org\/{rel}","templated":true}]}}