{"id":342,"date":"2026-01-09T10:26:59","date_gmt":"2026-01-09T09:26:59","guid":{"rendered":"https:\/\/shop.dohlad.info\/index.php\/product\/fan-control-tree\/"},"modified":"2026-01-09T10:27:12","modified_gmt":"2026-01-09T09:27:12","slug":"fan-control-tree","status":"publish","type":"product","link":"https:\/\/loxone.ctw.sk\/index.php\/product\/fan-control-tree\/","title":{"rendered":"Fan Control Tree"},"content":{"rendered":"<p>Loxone Fan Control Tree je <strong>4-stup\u0148ov\u00fd ovl\u00e1da\u010d stropn\u00e9ho ventil\u00e1tora striedav\u00e9ho pr\u00fadu<\/strong>, ktor\u00fd vyu\u017e\u00edva s\u00e9riov\u00e9 kondenz\u00e1tory na <strong>nastavenie r\u00fdchlosti<\/strong> v diskr\u00e9tnych krokoch.<\/p>\n<\/p>\n<p>Vlastnosti:<\/p>\n<\/p>\n<ul>\n<li><span style=\"background-color: transparent; color: rgb(0, 0, 0);\">Jednoduch\u00e1<\/span><strong>\u00a0integr\u00e1ciu stropn\u00fdch ventil\u00e1torov do automatiz\u00e1cie<\/strong><span style=\"background-color: transparent; color: rgb(0, 0, 0);\">.<\/span><\/li>\n<li><span style=\"background-color: transparent; color: rgb(0, 0, 0);\">Menej ovl\u00e1dac\u00edch prvkov.<\/span><\/li>\n<li><span style=\"background-color: transparent; color: rgb(0, 0, 0);\">Plynul\u00e9\u00a0<\/span><strong>prepojenie s inteligentn\u00fdm riaden\u00edm miestnost\u00ed<\/strong><span style=\"background-color: transparent; color: rgb(0, 0, 0);\">\u00a0\u2013 k\u00farenie, chladenie a vetranie v dokonalej harm\u00f3nii.<\/span><\/li>\n<li><strong>Optimalizovan\u00fa cirkul\u00e1ciu vzduchu<\/strong><span style=\"background-color: transparent; color: rgb(0, 0, 0);\">\u00a0a rozlo\u017eenie teploty \u2013 pre vy\u0161\u0161\u00ed komfort a ni\u017e\u0161ie n\u00e1klady na energiu.<\/span><\/li>\n<li><strong>\u0160tvorstup\u0148ov\u00e9 riadenie<\/strong><span style=\"background-color: transparent; color: rgb(0, 0, 0);\">\u00a0r\u00fdchlosti.<\/span><\/li>\n<li><span style=\"background-color: transparent; color: rgb(0, 0, 0);\">Optimalizovan\u00e9\u00a0<\/span><strong>pre 60 W stropn\u00e9 ventil\u00e1tory.<\/strong><\/li>\n<\/ul><\/p>\n","protected":false},"excerpt":{"rendered":"<p>Loxone Fan Control Tree je <strong>4-stup\u0148ov\u00fd ovl\u00e1da\u010d stropn\u00e9ho ventil\u00e1tora striedav\u00e9ho pr\u00fadu<\/strong>, ktor\u00fd vyu\u017e\u00edva s\u00e9riov\u00e9 kondenz\u00e1tory na <strong>nastavenie r\u00fdchlosti<\/strong> v diskr\u00e9tnych krokoch.<\/p>\n<\/p>\n<p>Vlastnosti:<\/p>\n<\/p>\n<ul>\n<li><span style=\"background-color: transparent; color: rgb(0, 0, 0);\">Jednoduch\u00e1<\/span><strong>\u00a0integr\u00e1ciu stropn\u00fdch ventil\u00e1torov do automatiz\u00e1cie<\/strong><span style=\"background-color: transparent; color: rgb(0, 0, 0);\">.<\/span><\/li>\n<li><span style=\"background-color: transparent; color: rgb(0, 0, 0);\">Menej ovl\u00e1dac\u00edch prvkov.<\/span><\/li>\n<li><span style=\"background-color: transparent; color: rgb(0, 0, 0);\">Plynul\u00e9\u00a0<\/span><strong>prepojenie s inteligentn\u00fdm riaden\u00edm miestnost\u00ed<\/strong><span style=\"background-color: transparent; color: rgb(0, 0, 0);\">\u00a0\u2013 k\u00farenie, chladenie a vetranie v dokonalej harm\u00f3nii.<\/span><\/li>\n<li><strong>Optimalizovan\u00fa cirkul\u00e1ciu vzduchu<\/strong><span style=\"background-color: transparent; color: rgb(0, 0, 0);\">\u00a0a rozlo\u017eenie teploty \u2013 pre vy\u0161\u0161\u00ed komfort a ni\u017e\u0161ie n\u00e1klady na energiu.<\/span><\/li>\n<li><strong>\u0160tvorstup\u0148ov\u00e9 riadenie<\/strong><span style=\"background-color: transparent; color: rgb(0, 0, 0);\">\u00a0r\u00fdchlosti.<\/span><\/li>\n<li><span style=\"background-color: transparent; color: rgb(0, 0, 0);\">Optimalizovan\u00e9\u00a0<\/span><strong>pre 60 W stropn\u00e9 ventil\u00e1tory.<\/strong><\/li>\n<\/ul><\/p>\n","protected":false},"featured_media":244,"template":"","meta":[],"location":[],"product_brand":[],"product_cat":[361,348],"product_tag":[],"class_list":{"0":"post-342","1":"product","2":"type-product","3":"status-publish","4":"has-post-thumbnail","6":"product_cat-tree-klima-tienenie","7":"product_cat-klima","9":"first","10":"instock","11":"sold-individually","12":"taxable","13":"shipping-taxable","14":"purchasable","15":"product-type-simple"},"locations":[],"_links":{"self":[{"href":"https:\/\/loxone.ctw.sk\/index.php\/wp-json\/wp\/v2\/product\/342","targetHints":{"allow":["GET"]}}],"collection":[{"href":"https:\/\/loxone.ctw.sk\/index.php\/wp-json\/wp\/v2\/product"}],"about":[{"href":"https:\/\/loxone.ctw.sk\/index.php\/wp-json\/wp\/v2\/types\/product"}],"wp:featuredmedia":[{"embeddable":true,"href":"https:\/\/loxone.ctw.sk\/index.php\/wp-json\/wp\/v2\/media\/244"}],"wp:attachment":[{"href":"https:\/\/loxone.ctw.sk\/index.php\/wp-json\/wp\/v2\/media?parent=342"}],"wp:term":[{"taxonomy":"location","embeddable":true,"href":"https:\/\/loxone.ctw.sk\/index.php\/wp-json\/wp\/v2\/location?post=342"},{"taxonomy":"product_brand","embeddable":true,"href":"https:\/\/loxone.ctw.sk\/index.php\/wp-json\/wp\/v2\/product_brand?post=342"},{"taxonomy":"product_cat","embeddable":true,"href":"https:\/\/loxone.ctw.sk\/index.php\/wp-json\/wp\/v2\/product_cat?post=342"},{"taxonomy":"product_tag","embeddable":true,"href":"https:\/\/loxone.ctw.sk\/index.php\/wp-json\/wp\/v2\/product_tag?post=342"}],"curies":[{"name":"wp","href":"https:\/\/api.w.org\/{rel}","templated":true}]}}