{"id":344,"date":"2026-01-09T10:26:59","date_gmt":"2026-01-09T09:26:59","guid":{"rendered":"https:\/\/shop.dohlad.info\/index.php\/product\/okenny-a-dverovy-kontakt-air-biela\/"},"modified":"2026-02-10T00:51:34","modified_gmt":"2026-02-09T23:51:34","slug":"okenny-a-dverovy-kontakt-air-biela","status":"publish","type":"product","link":"https:\/\/loxone.ctw.sk\/index.php\/product\/okenny-a-dverovy-kontakt-air-biela\/","title":{"rendered":"Okenn\u00fd a dverov\u00fd kontakt Air biela"},"content":{"rendered":"<p>Loxone Okenn\u00fd a dverov\u00fd kontakt Air je<strong> kompaktn\u00fd bezdr\u00f4tov\u00fd senzor<\/strong> s integrovan\u00fdm jaz\u00fd\u010dkov\u00fdm kontaktom. V kombin\u00e1cii s magnetom spo\u013eahlivo rozpozn\u00e1 otvoren\u00e9 alebo zatvoren\u00e9 dvere a okn\u00e1 \u2013<strong> ide\u00e1lne pre bezpe\u010dnostn\u00e9<\/strong> a <strong>automatiza\u010dn\u00e9 funkcie<\/strong>.<\/p>\n<p><strong>Vlastnosti:<\/strong><\/p>\n<ul>\n<li>Dlh\u00e1 \u017eivotnos\u0165 bat\u00e9rie a\u017e 10 rokov<\/li>\n<li>Nen\u00e1padn\u00fd dizajn<\/li>\n<li>Perfektn\u00e9 na dodato\u010dn\u00fa mont\u00e1\u017e<\/li>\n<li>Spo\u013eahliv\u00e1 detekcia stavu okien a dver\u00ed<\/li>\n<li>Plynul\u00e1 integr\u00e1cia s alarmom, vykurovan\u00edm a \u010fal\u0161\u00edmi syst\u00e9mami<\/li>\n<\/ul>\n","protected":false},"excerpt":{"rendered":"<p>Loxone Okenn\u00fd a dverov\u00fd kontakt Air je<strong> kompaktn\u00fd bezdr\u00f4tov\u00fd senzor<\/strong> s integrovan\u00fdm jaz\u00fd\u010dkov\u00fdm kontaktom. V kombin\u00e1cii s magnetom spo\u013eahlivo rozpozn\u00e1 otvoren\u00e9 alebo zatvoren\u00e9 dvere a okn\u00e1 \u2013<strong> ide\u00e1lne pre bezpe\u010dnostn\u00e9<\/strong> a <strong>automatiza\u010dn\u00e9 funkcie<\/strong>.<\/p>\n<p>&nbsp;<\/p>\n","protected":false},"featured_media":249,"template":"","meta":[],"location":[],"product_brand":[],"product_cat":[344,345,346],"product_tag":[],"class_list":{"0":"post-344","1":"product","2":"type-product","3":"status-publish","4":"has-post-thumbnail","6":"product_cat-air-pristup-zabezpecenie","7":"product_cat-zabezpecenie","8":"product_cat-senzory","10":"first","11":"instock","12":"sold-individually","13":"taxable","14":"shipping-taxable","15":"purchasable","16":"product-type-simple"},"locations":[],"_links":{"self":[{"href":"https:\/\/loxone.ctw.sk\/index.php\/wp-json\/wp\/v2\/product\/344","targetHints":{"allow":["GET"]}}],"collection":[{"href":"https:\/\/loxone.ctw.sk\/index.php\/wp-json\/wp\/v2\/product"}],"about":[{"href":"https:\/\/loxone.ctw.sk\/index.php\/wp-json\/wp\/v2\/types\/product"}],"wp:featuredmedia":[{"embeddable":true,"href":"https:\/\/loxone.ctw.sk\/index.php\/wp-json\/wp\/v2\/media\/249"}],"wp:attachment":[{"href":"https:\/\/loxone.ctw.sk\/index.php\/wp-json\/wp\/v2\/media?parent=344"}],"wp:term":[{"taxonomy":"location","embeddable":true,"href":"https:\/\/loxone.ctw.sk\/index.php\/wp-json\/wp\/v2\/location?post=344"},{"taxonomy":"product_brand","embeddable":true,"href":"https:\/\/loxone.ctw.sk\/index.php\/wp-json\/wp\/v2\/product_brand?post=344"},{"taxonomy":"product_cat","embeddable":true,"href":"https:\/\/loxone.ctw.sk\/index.php\/wp-json\/wp\/v2\/product_cat?post=344"},{"taxonomy":"product_tag","embeddable":true,"href":"https:\/\/loxone.ctw.sk\/index.php\/wp-json\/wp\/v2\/product_tag?post=344"}],"curies":[{"name":"wp","href":"https:\/\/api.w.org\/{rel}","templated":true}]}}