{"id":347,"date":"2026-01-09T10:26:59","date_gmt":"2026-01-09T09:26:59","guid":{"rendered":"https:\/\/shop.dohlad.info\/index.php\/product\/touch-pure-tree-antracitova\/"},"modified":"2026-02-10T00:40:22","modified_gmt":"2026-02-09T23:40:22","slug":"touch-pure-tree-antracitova","status":"publish","type":"product","link":"https:\/\/loxone.ctw.sk\/index.php\/product\/touch-pure-tree-antracitova\/","title":{"rendered":"Touch Pure Tree antracitov\u00e1"},"content":{"rendered":"<p><strong>Loxone Touch Pure<\/strong> sp\u00e1ja<strong> pou\u017e\u00edvate\u013esk\u00fa pr\u00edvetivos\u0165<\/strong> s architektonicky \u010dist\u00fdm a <strong>nad\u010dasov\u00fdm dizajnom<\/strong>. <strong>P\u00e4\u0165 dotykov\u00fdch pl\u00f4ch<\/strong> so <strong>symbolmi<\/strong> umo\u017e\u0148uje intuit\u00edvne ovl\u00e1danie <strong>centr\u00e1lnych funkci\u00ed miestnosti<\/strong>. Jemn\u00e9 kliknutie poskytuje pri ka\u017edom dotyku akustick\u00fa sp\u00e4tn\u00fa v\u00e4zbu. Integrovan\u00e9 senzory spo\u013eahlivo monitoruj\u00fa teplotu a relat\u00edvnu vlhkos\u0165.<\/p>\n<p><strong>Vlastnosti:<\/strong><\/p>\n<ul>\n<li>Jeden ovl\u00e1dac\u00ed prvok na riadenie osvetlenia, tienenia, audia a mnoh\u00e9ho \u010fal\u0161ieho<\/li>\n<li>Integrovan\u00e9 senzory na meranie teploty (-40 &#8230; +125 \u00b0C) a vlhkosti (0 &#8230; 100 %) pre regul\u00e1ciu kl\u00edmy v miestnosti<\/li>\n<li>Integrovan\u00e9 orienta\u010dn\u00e9 svetlo pre lep\u0161iu orient\u00e1ciu v tme<\/li>\n<li>Vysokokvalitn\u00fd vzh\u013ead a spracovanie<\/li>\n<li>Maxim\u00e1lna pou\u017e\u00edvate\u013esk\u00e1 pr\u00edvetivos\u0165<\/li>\n<li>Jednoduch\u00e1 in\u0161tal\u00e1cia v\u010faka technol\u00f3gii Loxone Tree<\/li>\n<\/ul>\n","protected":false},"excerpt":{"rendered":"<p><strong>Loxone Touch Pure<\/strong> sp\u00e1ja<strong> pou\u017e\u00edvate\u013esk\u00fa pr\u00edvetivos\u0165<\/strong> s architektonicky \u010dist\u00fdm a <strong>nad\u010dasov\u00fdm dizajnom<\/strong>. <strong>P\u00e4\u0165 dotykov\u00fdch pl\u00f4ch<\/strong> so <strong>symbolmi<\/strong> umo\u017e\u0148uje intuit\u00edvne ovl\u00e1danie <strong>centr\u00e1lnych funkci\u00ed miestnosti<\/strong>. Jemn\u00e9 kliknutie poskytuje pri ka\u017edom dotyku akustick\u00fa sp\u00e4tn\u00fa v\u00e4zbu. Integrovan\u00e9 senzory spo\u013eahlivo monitoruj\u00fa teplotu a relat\u00edvnu vlhkos\u0165.<\/p>\n<p>&nbsp;<\/p>\n","protected":false},"featured_media":1811,"template":"","meta":[],"location":[],"product_brand":[],"product_cat":[336],"product_tag":[],"class_list":{"0":"post-347","1":"product","2":"type-product","3":"status-publish","4":"has-post-thumbnail","6":"product_cat-tree","8":"first","9":"instock","10":"sold-individually","11":"taxable","12":"shipping-taxable","13":"purchasable","14":"product-type-simple"},"locations":[],"_links":{"self":[{"href":"https:\/\/loxone.ctw.sk\/index.php\/wp-json\/wp\/v2\/product\/347","targetHints":{"allow":["GET"]}}],"collection":[{"href":"https:\/\/loxone.ctw.sk\/index.php\/wp-json\/wp\/v2\/product"}],"about":[{"href":"https:\/\/loxone.ctw.sk\/index.php\/wp-json\/wp\/v2\/types\/product"}],"wp:featuredmedia":[{"embeddable":true,"href":"https:\/\/loxone.ctw.sk\/index.php\/wp-json\/wp\/v2\/media\/1811"}],"wp:attachment":[{"href":"https:\/\/loxone.ctw.sk\/index.php\/wp-json\/wp\/v2\/media?parent=347"}],"wp:term":[{"taxonomy":"location","embeddable":true,"href":"https:\/\/loxone.ctw.sk\/index.php\/wp-json\/wp\/v2\/location?post=347"},{"taxonomy":"product_brand","embeddable":true,"href":"https:\/\/loxone.ctw.sk\/index.php\/wp-json\/wp\/v2\/product_brand?post=347"},{"taxonomy":"product_cat","embeddable":true,"href":"https:\/\/loxone.ctw.sk\/index.php\/wp-json\/wp\/v2\/product_cat?post=347"},{"taxonomy":"product_tag","embeddable":true,"href":"https:\/\/loxone.ctw.sk\/index.php\/wp-json\/wp\/v2\/product_tag?post=347"}],"curies":[{"name":"wp","href":"https:\/\/api.w.org\/{rel}","templated":true}]}}