{"id":349,"date":"2026-01-09T10:26:59","date_gmt":"2026-01-09T09:26:59","guid":{"rendered":"https:\/\/shop.dohlad.info\/index.php\/product\/touch-grill-air\/"},"modified":"2026-02-10T00:41:36","modified_gmt":"2026-02-09T23:41:36","slug":"touch-grill-air","status":"publish","type":"product","link":"https:\/\/loxone.ctw.sk\/index.php\/product\/touch-grill-air\/","title":{"rendered":"Touch &#038; Grill Air"},"content":{"rendered":"<p>Loxone Touch &amp; Grill Air je <strong>grilovac\u00ed teplomer<\/strong> s <strong>dvoma teplotn\u00fdmi sondam<\/strong>i, <strong>siedmimi dotykov\u00fdmi bodmi<\/strong> na ovl\u00e1danie najd\u00f4le\u017eitej\u0161\u00edch funkci\u00ed v miestnosti, ako aj s <strong>\u010dasova\u010dom a teplotn\u00fdm alarmom<\/strong>. Sp\u00e1ja <strong>pou\u017e\u00edvate\u013esk\u00fa pr\u00edvetivos\u0165<\/strong> s architektonicky atrakt\u00edvnym, <strong>\u010dist\u00fdm dizajnom<\/strong>. \u010ci u\u017e na meranie teploty pri varen\u00ed, alebo ako \u0161t\u00fdlov\u00fd, mobiln\u00fd ovl\u00e1dac\u00ed prvok \u2013 Touch &amp; Grill Air je v\u010faka <strong>dlhej v\u00fddr\u017ei bat\u00e9rie <\/strong>mo\u017en\u00e9 flexibilne pou\u017e\u00edva\u0165 kdeko\u013evek ho potrebujete.<\/p>\n<p><strong>Vlastnosti:<\/strong><\/p>\n<ul>\n<li>Sedem dotykov\u00fdch bodov s volite\u013enou sp\u00e4tnou v\u00e4zbou kliknut\u00edm<\/li>\n<li>Presn\u00e9 teplotn\u00e9 sondy (-15 &#8230; 300 \u00b0C; d\u013a\u017eka k\u00e1bla: 1,5 m)<\/li>\n<li>Pou\u017e\u00edvate\u013esk\u00e9 rozhranie z kvalitn\u00e9ho prav\u00e9ho skla<\/li>\n<li>Vysokokvalitn\u00fd pocit a vzh\u013ead<\/li>\n<li>Maxim\u00e1lna pou\u017e\u00edvate\u013esk\u00e1 pr\u00edvetivos\u0165<\/li>\n<\/ul>\n","protected":false},"excerpt":{"rendered":"<p>Loxone Touch &amp; Grill Air je <strong>grilovac\u00ed teplomer<\/strong> s <strong>dvoma teplotn\u00fdmi sondam<\/strong>i, <strong>siedmimi dotykov\u00fdmi bodmi<\/strong> na ovl\u00e1danie najd\u00f4le\u017eitej\u0161\u00edch funkci\u00ed v miestnosti, ako aj s <strong>\u010dasova\u010dom a teplotn\u00fdm alarmom<\/strong>. Sp\u00e1ja <strong>pou\u017e\u00edvate\u013esk\u00fa pr\u00edvetivos\u0165<\/strong> s architektonicky atrakt\u00edvnym, <strong>\u010dist\u00fdm dizajnom<\/strong>. \u010ci u\u017e na meranie teploty pri varen\u00ed, alebo ako \u0161t\u00fdlov\u00fd, mobiln\u00fd ovl\u00e1dac\u00ed prvok \u2013 Touch &amp; Grill Air je v\u010faka <strong>dlhej v\u00fddr\u017ei bat\u00e9rie <\/strong>mo\u017en\u00e9 flexibilne pou\u017e\u00edva\u0165 kdeko\u013evek ho potrebujete.<\/p>\n<p>&nbsp;<\/p>\n","protected":false},"featured_media":260,"template":"","meta":[],"location":[],"product_brand":[],"product_cat":[337],"product_tag":[],"class_list":{"0":"post-349","1":"product","2":"type-product","3":"status-publish","4":"has-post-thumbnail","6":"product_cat-air","8":"first","9":"instock","10":"sold-individually","11":"taxable","12":"shipping-taxable","13":"purchasable","14":"product-type-simple"},"locations":[],"_links":{"self":[{"href":"https:\/\/loxone.ctw.sk\/index.php\/wp-json\/wp\/v2\/product\/349","targetHints":{"allow":["GET"]}}],"collection":[{"href":"https:\/\/loxone.ctw.sk\/index.php\/wp-json\/wp\/v2\/product"}],"about":[{"href":"https:\/\/loxone.ctw.sk\/index.php\/wp-json\/wp\/v2\/types\/product"}],"wp:featuredmedia":[{"embeddable":true,"href":"https:\/\/loxone.ctw.sk\/index.php\/wp-json\/wp\/v2\/media\/260"}],"wp:attachment":[{"href":"https:\/\/loxone.ctw.sk\/index.php\/wp-json\/wp\/v2\/media?parent=349"}],"wp:term":[{"taxonomy":"location","embeddable":true,"href":"https:\/\/loxone.ctw.sk\/index.php\/wp-json\/wp\/v2\/location?post=349"},{"taxonomy":"product_brand","embeddable":true,"href":"https:\/\/loxone.ctw.sk\/index.php\/wp-json\/wp\/v2\/product_brand?post=349"},{"taxonomy":"product_cat","embeddable":true,"href":"https:\/\/loxone.ctw.sk\/index.php\/wp-json\/wp\/v2\/product_cat?post=349"},{"taxonomy":"product_tag","embeddable":true,"href":"https:\/\/loxone.ctw.sk\/index.php\/wp-json\/wp\/v2\/product_tag?post=349"}],"curies":[{"name":"wp","href":"https:\/\/api.w.org\/{rel}","templated":true}]}}