{"id":351,"date":"2026-01-09T10:26:59","date_gmt":"2026-01-09T09:26:59","guid":{"rendered":"https:\/\/shop.dohlad.info\/index.php\/product\/drziak-ipad-109-strieborna\/"},"modified":"2026-01-09T10:27:27","modified_gmt":"2026-01-09T09:27:27","slug":"drziak-ipad-109-strieborna","status":"publish","type":"product","link":"https:\/\/loxone.ctw.sk\/index.php\/product\/drziak-ipad-109-strieborna\/","title":{"rendered":"Dr\u017eiak iPad 10,9&#8243; strieborn\u00e1"},"content":{"rendered":"<p>V\u010faka vysoko kvalitn\u00fdm materi\u00e1lom a nad\u010dasov\u00e9mu dizajnu je tento dr\u017eiak na iPad najlep\u0161ou vo\u013ebou, pokia\u013e chcete <strong>pripevni\u0165 iPad stenu.<\/strong><\/p>\n<p><strong>Technick\u00e9 detaily:<\/strong><\/p>\n<ul>\n<li>Kompatibiln\u00e9 modely:\n<ul>\n<li>iPad 10. gener\u00e1cie.<\/li>\n<li>iPad 11. gener\u00e1cie (A16).<\/li>\n<\/ul>\n<\/li>\n<li>Rohov\u00fd USB-C adapt\u00e9r.<\/li>\n<li>Materi\u00e1l: Hlin\u00edk.<\/li>\n<li>Rozmery produktu: 290 \u00d7 193,6 x 10 mm.<\/li>\n<li>Odpor\u00fa\u010dan\u00e1 mont\u00e1\u017ena v\u00fd\u0161ka: 150 cm.<\/li>\n<\/ul>\n<p>Dr\u017eiak je kompatibiln\u00fd so \u0161tandardnou in\u0161tala\u010dnou krabi\u010dkou s rozmermi 100&#215;100 mm (napr. Dietzel Unicolt AK\/U 100).<\/p>\n","protected":false},"excerpt":{"rendered":"<p>V\u010faka vysoko kvalitn\u00fdm materi\u00e1lom a nad\u010dasov\u00e9mu dizajnu je tento dr\u017eiak na iPad najlep\u0161ou vo\u013ebou, pokia\u013e chcete <strong>pripevni\u0165 iPad stenu.<\/strong><\/p>\n<p><strong>Technick\u00e9 detaily:<\/strong><\/p>\n<ul>\n<li>Kompatibiln\u00e9 modely:\n<ul>\n<li>iPad 10. gener\u00e1cie.<\/li>\n<li>iPad 11. gener\u00e1cie (A16).<\/li>\n<\/ul>\n<\/li>\n<li>Rohov\u00fd USB-C adapt\u00e9r.<\/li>\n<li>Materi\u00e1l: Hlin\u00edk.<\/li>\n<li>Rozmery produktu: 290 \u00d7 193,6 x 10 mm.<\/li>\n<li>Odpor\u00fa\u010dan\u00e1 mont\u00e1\u017ena v\u00fd\u0161ka: 150 cm.<\/li>\n<\/ul>\n<p>Dr\u017eiak je kompatibiln\u00fd so \u0161tandardnou in\u0161tala\u010dnou krabi\u010dkou s rozmermi 100&#215;100 mm (napr. Dietzel Unicolt AK\/U 100).<\/p>\n","protected":false},"featured_media":263,"template":"","meta":[],"location":[],"product_brand":[],"product_cat":[350],"product_tag":[],"class_list":{"0":"post-351","1":"product","2":"type-product","3":"status-publish","4":"has-post-thumbnail","6":"product_cat-montaz","8":"first","9":"instock","10":"sold-individually","11":"taxable","12":"shipping-taxable","13":"purchasable","14":"product-type-simple"},"locations":[],"_links":{"self":[{"href":"https:\/\/loxone.ctw.sk\/index.php\/wp-json\/wp\/v2\/product\/351","targetHints":{"allow":["GET"]}}],"collection":[{"href":"https:\/\/loxone.ctw.sk\/index.php\/wp-json\/wp\/v2\/product"}],"about":[{"href":"https:\/\/loxone.ctw.sk\/index.php\/wp-json\/wp\/v2\/types\/product"}],"wp:featuredmedia":[{"embeddable":true,"href":"https:\/\/loxone.ctw.sk\/index.php\/wp-json\/wp\/v2\/media\/263"}],"wp:attachment":[{"href":"https:\/\/loxone.ctw.sk\/index.php\/wp-json\/wp\/v2\/media?parent=351"}],"wp:term":[{"taxonomy":"location","embeddable":true,"href":"https:\/\/loxone.ctw.sk\/index.php\/wp-json\/wp\/v2\/location?post=351"},{"taxonomy":"product_brand","embeddable":true,"href":"https:\/\/loxone.ctw.sk\/index.php\/wp-json\/wp\/v2\/product_brand?post=351"},{"taxonomy":"product_cat","embeddable":true,"href":"https:\/\/loxone.ctw.sk\/index.php\/wp-json\/wp\/v2\/product_cat?post=351"},{"taxonomy":"product_tag","embeddable":true,"href":"https:\/\/loxone.ctw.sk\/index.php\/wp-json\/wp\/v2\/product_tag?post=351"}],"curies":[{"name":"wp","href":"https:\/\/api.w.org\/{rel}","templated":true}]}}