{"id":353,"date":"2026-01-09T10:26:59","date_gmt":"2026-01-09T09:26:59","guid":{"rendered":"https:\/\/shop.dohlad.info\/index.php\/product\/exosphere-extra-alerty-1-000-sms-1-rok\/"},"modified":"2026-02-08T14:35:59","modified_gmt":"2026-02-08T13:35:59","slug":"exosphere-extra-alerty-1-000-sms-1-rok","status":"publish","type":"product","link":"https:\/\/loxone.ctw.sk\/index.php\/product\/exosphere-extra-alerty-1-000-sms-1-rok\/","title":{"rendered":"Exosphere \u2013 extra alerty (1 000 SMS \/ 1 rok)"},"content":{"rendered":"<p>Dopl\u0148te si licenciu Exosphere o <strong>upozornenia prostredn\u00edctvom SMS<\/strong>. M\u00e1te k dispoz\u00edcii 1 000 SMS spr\u00e1v ro\u010dne.<\/p>\n<p><a href=\"https:\/\/www.loxone.com\/sksk\/produkty\/loxone-exosphere\/\" target=\"_blank\" rel=\"noopener\">Viac o Exosphere \u00bb<\/a><\/p>\n","protected":false},"excerpt":{"rendered":"<p>Dopl\u0148te si licenciu Exosphere o <strong>upozornenia prostredn\u00edctvom SMS<\/strong>. M\u00e1te k dispoz\u00edcii 1 000 SMS spr\u00e1v ro\u010dne.<\/p>\n","protected":false},"featured_media":273,"template":"","meta":[],"location":[],"product_brand":[],"product_cat":[363],"product_tag":[],"class_list":{"0":"post-353","1":"product","2":"type-product","3":"status-publish","4":"has-post-thumbnail","6":"product_cat-cloudove-sluzby","8":"first","9":"instock","10":"sold-individually","11":"taxable","12":"shipping-taxable","13":"purchasable","14":"product-type-simple"},"locations":[],"_links":{"self":[{"href":"https:\/\/loxone.ctw.sk\/index.php\/wp-json\/wp\/v2\/product\/353","targetHints":{"allow":["GET"]}}],"collection":[{"href":"https:\/\/loxone.ctw.sk\/index.php\/wp-json\/wp\/v2\/product"}],"about":[{"href":"https:\/\/loxone.ctw.sk\/index.php\/wp-json\/wp\/v2\/types\/product"}],"wp:featuredmedia":[{"embeddable":true,"href":"https:\/\/loxone.ctw.sk\/index.php\/wp-json\/wp\/v2\/media\/273"}],"wp:attachment":[{"href":"https:\/\/loxone.ctw.sk\/index.php\/wp-json\/wp\/v2\/media?parent=353"}],"wp:term":[{"taxonomy":"location","embeddable":true,"href":"https:\/\/loxone.ctw.sk\/index.php\/wp-json\/wp\/v2\/location?post=353"},{"taxonomy":"product_brand","embeddable":true,"href":"https:\/\/loxone.ctw.sk\/index.php\/wp-json\/wp\/v2\/product_brand?post=353"},{"taxonomy":"product_cat","embeddable":true,"href":"https:\/\/loxone.ctw.sk\/index.php\/wp-json\/wp\/v2\/product_cat?post=353"},{"taxonomy":"product_tag","embeddable":true,"href":"https:\/\/loxone.ctw.sk\/index.php\/wp-json\/wp\/v2\/product_tag?post=353"}],"curies":[{"name":"wp","href":"https:\/\/api.w.org\/{rel}","templated":true}]}}