{"id":359,"date":"2026-01-09T10:27:33","date_gmt":"2026-01-09T09:27:33","guid":{"rendered":"https:\/\/shop.dohlad.info\/index.php\/product\/dali-extension-for-10-devices\/"},"modified":"2026-02-10T00:09:48","modified_gmt":"2026-02-09T23:09:48","slug":"dali-extension-for-10-devices","status":"publish","type":"product","link":"https:\/\/loxone.ctw.sk\/index.php\/product\/dali-extension-for-10-devices\/","title":{"rendered":"DALI Extension for 10 Devices"},"content":{"rendered":"<p>DALI je \u0161tandardizovan\u00e9 k\u00e1blov\u00e9 <strong>rozhranie pre osvetlenie,<\/strong> na ktor\u00e9 sa spoliehaj\u00fa mnoh\u00ed v\u00fdrobcovia svietidiel. Prvok DALI Air bezdr\u00f4tovo integruje tieto produkty do ekosyst\u00e9mu Loxone a dok\u00e1\u017ee ovl\u00e1da\u0165 <strong>a\u017e 10 jednotiek DALI<\/strong> bu\u010f v re\u017eime Broadcast, alebo priraden\u00edm dedikovan\u00fdch adries.<\/p>\n<p><strong> Features: <\/strong><\/p>\n<ul>\n<li>A\u017e 10 zariaden\u00ed DALI \/ 16 skup\u00edn.<\/li>\n<li>D\u013a\u017eka k\u00e1bla a\u017e 300 m.<\/li>\n<li>Podporuje typy zariaden\u00ed DALI 0-8.<\/li>\n<li>Podporuje typy in\u0161tanci\u00ed DALI-2 1-4.<\/li>\n<li>Integrovan\u00fd nap\u00e1jac\u00ed zdroj.<\/li>\n<li>Jednoduch\u00e1 a ucelen\u00e1 konfigur\u00e1cia v Loxone Configu.<\/li>\n<li>Certifik\u00e1cia pod\u013ea DALI-2 (podporuje svietidl\u00e1 DALI\/DALI-2 a v\u00fdhradne senzory s certifik\u00e1ciou DALI-2).<\/li>\n<li>Podporuje DALI Broadcast<\/li>\n<\/ul>\n","protected":false},"excerpt":{"rendered":"<p>DALI je \u0161tandardizovan\u00e9 k\u00e1blov\u00e9 <strong>rozhranie pre osvetlenie,<\/strong> na ktor\u00e9 sa spoliehaj\u00fa mnoh\u00ed v\u00fdrobcovia svietidiel. Prvok DALI Air bezdr\u00f4tovo integruje tieto produkty do ekosyst\u00e9mu Loxone a dok\u00e1\u017ee ovl\u00e1da\u0165 <strong>a\u017e 10 jednotiek DALI<\/strong> bu\u010f v re\u017eime Broadcast, alebo priraden\u00edm dedikovan\u00fdch adries.<\/p>\n","protected":false},"featured_media":360,"template":"","meta":[],"location":[],"product_brand":[],"product_cat":[365,366,367],"product_tag":[],"class_list":{"0":"post-359","1":"product","2":"type-product","3":"status-publish","4":"has-post-thumbnail","6":"product_cat-link","7":"product_cat-2-deliace-jednotky","8":"product_cat-dimmer","10":"first","11":"instock","12":"sold-individually","13":"taxable","14":"shipping-taxable","15":"purchasable","16":"product-type-simple"},"locations":[],"_links":{"self":[{"href":"https:\/\/loxone.ctw.sk\/index.php\/wp-json\/wp\/v2\/product\/359","targetHints":{"allow":["GET"]}}],"collection":[{"href":"https:\/\/loxone.ctw.sk\/index.php\/wp-json\/wp\/v2\/product"}],"about":[{"href":"https:\/\/loxone.ctw.sk\/index.php\/wp-json\/wp\/v2\/types\/product"}],"wp:featuredmedia":[{"embeddable":true,"href":"https:\/\/loxone.ctw.sk\/index.php\/wp-json\/wp\/v2\/media\/360"}],"wp:attachment":[{"href":"https:\/\/loxone.ctw.sk\/index.php\/wp-json\/wp\/v2\/media?parent=359"}],"wp:term":[{"taxonomy":"location","embeddable":true,"href":"https:\/\/loxone.ctw.sk\/index.php\/wp-json\/wp\/v2\/location?post=359"},{"taxonomy":"product_brand","embeddable":true,"href":"https:\/\/loxone.ctw.sk\/index.php\/wp-json\/wp\/v2\/product_brand?post=359"},{"taxonomy":"product_cat","embeddable":true,"href":"https:\/\/loxone.ctw.sk\/index.php\/wp-json\/wp\/v2\/product_cat?post=359"},{"taxonomy":"product_tag","embeddable":true,"href":"https:\/\/loxone.ctw.sk\/index.php\/wp-json\/wp\/v2\/product_tag?post=359"}],"curies":[{"name":"wp","href":"https:\/\/api.w.org\/{rel}","templated":true}]}}