{"id":364,"date":"2026-01-09T10:27:33","date_gmt":"2026-01-09T09:27:33","guid":{"rendered":"https:\/\/shop.dohlad.info\/index.php\/product\/senzor-tlaku-0-03bar\/"},"modified":"2026-01-09T10:27:38","modified_gmt":"2026-01-09T09:27:38","slug":"senzor-tlaku-0-03bar","status":"publish","type":"product","link":"https:\/\/loxone.ctw.sk\/index.php\/product\/senzor-tlaku-0-03bar\/","title":{"rendered":"Senzor tlaku 0-0,3bar"},"content":{"rendered":"<p>Tlakov\u00fd senzor 0-10 V s merac\u00edm rozsahom 0-0,3 bar sl\u00fa\u017ei <strong>na monitorovanie tlaku v r\u00f4znych aplik\u00e1ci\u00e1ch<\/strong>, ako s\u00fa baz\u00e9ny, vykurovacie syst\u00e9my, vetranie, \u010derpadl\u00e1 a \u010fal\u0161ie syst\u00e9my v oblasti budov. Nameran\u00e1 hodnota je pren\u00e1\u0161an\u00e1 pomocou sign\u00e1lu 0\u201310 V.<\/p>\n<p><strong>Technick\u00e9 detaily:<\/strong><\/p>\n<ul>\n<li>Sn\u00edma\u010d: Siln\u00e1 vrstva na keramike.<\/li>\n<li>V\u00fdstupn\u00fd sign\u00e1l: 0\u201310 V.<\/li>\n<li>Rozsah merania od 0\u20130,3 bar.<\/li>\n<li>Pretlak: max 1,2 bar.<\/li>\n<li>Trieda krytia: IP65.<\/li>\n<\/ul>\n","protected":false},"excerpt":{"rendered":"<p>Tlakov\u00fd senzor 0-10 V s merac\u00edm rozsahom 0-0,3 bar sl\u00fa\u017ei <strong>na monitorovanie tlaku v r\u00f4znych aplik\u00e1ci\u00e1ch<\/strong>, ako s\u00fa baz\u00e9ny, vykurovacie syst\u00e9my, vetranie, \u010derpadl\u00e1 a \u010fal\u0161ie syst\u00e9my v oblasti budov. Nameran\u00e1 hodnota je pren\u00e1\u0161an\u00e1 pomocou sign\u00e1lu 0\u201310 V.<\/p>\n<p><strong>Technick\u00e9 detaily:<\/strong><\/p>\n<ul>\n<li>Sn\u00edma\u010d: Siln\u00e1 vrstva na keramike.<\/li>\n<li>V\u00fdstupn\u00fd sign\u00e1l: 0\u201310 V.<\/li>\n<li>Rozsah merania od 0\u20130,3 bar.<\/li>\n<li>Pretlak: max 1,2 bar.<\/li>\n<li>Trieda krytia: IP65.<\/li>\n<\/ul>\n","protected":false},"featured_media":365,"template":"","meta":[],"location":[],"product_brand":[],"product_cat":[353],"product_tag":[],"class_list":{"0":"post-364","1":"product","2":"type-product","3":"status-publish","4":"has-post-thumbnail","6":"product_cat-senzory-prislusenstvo","8":"first","9":"instock","10":"sold-individually","11":"taxable","12":"shipping-taxable","13":"purchasable","14":"product-type-simple"},"locations":[],"_links":{"self":[{"href":"https:\/\/loxone.ctw.sk\/index.php\/wp-json\/wp\/v2\/product\/364","targetHints":{"allow":["GET"]}}],"collection":[{"href":"https:\/\/loxone.ctw.sk\/index.php\/wp-json\/wp\/v2\/product"}],"about":[{"href":"https:\/\/loxone.ctw.sk\/index.php\/wp-json\/wp\/v2\/types\/product"}],"wp:featuredmedia":[{"embeddable":true,"href":"https:\/\/loxone.ctw.sk\/index.php\/wp-json\/wp\/v2\/media\/365"}],"wp:attachment":[{"href":"https:\/\/loxone.ctw.sk\/index.php\/wp-json\/wp\/v2\/media?parent=364"}],"wp:term":[{"taxonomy":"location","embeddable":true,"href":"https:\/\/loxone.ctw.sk\/index.php\/wp-json\/wp\/v2\/location?post=364"},{"taxonomy":"product_brand","embeddable":true,"href":"https:\/\/loxone.ctw.sk\/index.php\/wp-json\/wp\/v2\/product_brand?post=364"},{"taxonomy":"product_cat","embeddable":true,"href":"https:\/\/loxone.ctw.sk\/index.php\/wp-json\/wp\/v2\/product_cat?post=364"},{"taxonomy":"product_tag","embeddable":true,"href":"https:\/\/loxone.ctw.sk\/index.php\/wp-json\/wp\/v2\/product_tag?post=364"}],"curies":[{"name":"wp","href":"https:\/\/api.w.org\/{rel}","templated":true}]}}