{"id":366,"date":"2026-01-09T10:27:33","date_gmt":"2026-01-09T09:27:33","guid":{"rendered":"https:\/\/shop.dohlad.info\/index.php\/product\/kocky-10-ks\/"},"modified":"2026-01-09T10:27:39","modified_gmt":"2026-01-09T09:27:39","slug":"kocky-10-ks","status":"publish","type":"product","link":"https:\/\/loxone.ctw.sk\/index.php\/product\/kocky-10-ks\/","title":{"rendered":"Kocky (10 ks.)"},"content":{"rendered":"<p>P\u00fata\u010d pre va\u0161u predajn\u00fa miestnos\u0165: Kocka Loxone. Elegantn\u00fd dekorat\u00edvny prvok prezentuje inform\u00e1cie prisp\u00f4soben\u00e9 r\u00f4znym typom z\u00e1kazn\u00edkov.<\/p>\n<ul>\n<li>Elegantn\u00fd dekorat\u00edvny prvok.<\/li>\n<li>Balenie 10 kusov.<\/li>\n<li>Rozmery: 210\u00d7210 mm.<\/li>\n<\/ul>\n","protected":false},"excerpt":{"rendered":"<p>P\u00fata\u010d pre va\u0161u predajn\u00fa miestnos\u0165: Kocka Loxone. Elegantn\u00fd dekorat\u00edvny prvok prezentuje inform\u00e1cie prisp\u00f4soben\u00e9 r\u00f4znym typom z\u00e1kazn\u00edkov.<\/p>\n<ul>\n<li>Elegantn\u00fd dekorat\u00edvny prvok.<\/li>\n<li>Balenie 10 kusov.<\/li>\n<li>Rozmery: 210\u00d7210 mm.<\/li>\n<\/ul>\n","protected":false},"featured_media":367,"template":"","meta":[],"location":[],"product_brand":[],"product_cat":[369],"product_tag":[],"class_list":{"0":"post-366","1":"product","2":"type-product","3":"status-publish","4":"has-post-thumbnail","6":"product_cat-other","8":"first","9":"instock","10":"sold-individually","11":"taxable","12":"shipping-taxable","13":"purchasable","14":"product-type-simple"},"locations":[],"_links":{"self":[{"href":"https:\/\/loxone.ctw.sk\/index.php\/wp-json\/wp\/v2\/product\/366","targetHints":{"allow":["GET"]}}],"collection":[{"href":"https:\/\/loxone.ctw.sk\/index.php\/wp-json\/wp\/v2\/product"}],"about":[{"href":"https:\/\/loxone.ctw.sk\/index.php\/wp-json\/wp\/v2\/types\/product"}],"wp:featuredmedia":[{"embeddable":true,"href":"https:\/\/loxone.ctw.sk\/index.php\/wp-json\/wp\/v2\/media\/367"}],"wp:attachment":[{"href":"https:\/\/loxone.ctw.sk\/index.php\/wp-json\/wp\/v2\/media?parent=366"}],"wp:term":[{"taxonomy":"location","embeddable":true,"href":"https:\/\/loxone.ctw.sk\/index.php\/wp-json\/wp\/v2\/location?post=366"},{"taxonomy":"product_brand","embeddable":true,"href":"https:\/\/loxone.ctw.sk\/index.php\/wp-json\/wp\/v2\/product_brand?post=366"},{"taxonomy":"product_cat","embeddable":true,"href":"https:\/\/loxone.ctw.sk\/index.php\/wp-json\/wp\/v2\/product_cat?post=366"},{"taxonomy":"product_tag","embeddable":true,"href":"https:\/\/loxone.ctw.sk\/index.php\/wp-json\/wp\/v2\/product_tag?post=366"}],"curies":[{"name":"wp","href":"https:\/\/api.w.org\/{rel}","templated":true}]}}