{"id":370,"date":"2026-01-09T10:27:33","date_gmt":"2026-01-09T09:27:33","guid":{"rendered":"https:\/\/shop.dohlad.info\/index.php\/product\/koncova-podpera-svorkovnice-zew-35-20-ks\/"},"modified":"2026-01-09T10:27:42","modified_gmt":"2026-01-09T09:27:42","slug":"koncova-podpera-svorkovnice-zew-35-20-ks","status":"publish","type":"product","link":"https:\/\/loxone.ctw.sk\/index.php\/product\/koncova-podpera-svorkovnice-zew-35-20-ks\/","title":{"rendered":"Koncov\u00e1 podpera svorkovnice ZEW 35 (20 ks)"},"content":{"rendered":"<p>Koncov\u00e1 podpera svorkovnice zaru\u010duje trval\u00e9 upevnenie na DIN li\u0161tu a zabr\u00e1ni vyk\u013aznutiu. Koncov\u00e9 \u00fachyty disponuj\u00fa mo\u017enos\u0165ami zna\u010denia pre skupinov\u00e9 \u0161t\u00edtky a mo\u017enos\u0165ou upevnenia testovac\u00edch konektorov.<\/p>\n<ul>\n<li>Balenie 20 kusov.<\/li>\n<li>Typ: ZEW 35.<\/li>\n<li>\u010c\u00edslo polo\u017eky v\u00fdrobcu: 9540000000.<\/li>\n<\/ul>\n","protected":false},"excerpt":{"rendered":"<p>Koncov\u00e1 podpera svorkovnice zaru\u010duje trval\u00e9 upevnenie na DIN li\u0161tu a zabr\u00e1ni vyk\u013aznutiu. Koncov\u00e9 \u00fachyty disponuj\u00fa mo\u017enos\u0165ami zna\u010denia pre skupinov\u00e9 \u0161t\u00edtky a mo\u017enos\u0165ou upevnenia testovac\u00edch konektorov.<\/p>\n<ul>\n<li>Balenie 20 kusov.<\/li>\n<li>Typ: ZEW 35.<\/li>\n<li>\u010c\u00edslo polo\u017eky v\u00fdrobcu: 9540000000.<\/li>\n<\/ul>\n","protected":false},"featured_media":371,"template":"","meta":[],"location":[],"product_brand":[],"product_cat":[342],"product_tag":[],"class_list":{"0":"post-370","1":"product","2":"type-product","3":"status-publish","4":"has-post-thumbnail","6":"product_cat-kabelaz","8":"first","9":"instock","10":"sold-individually","11":"taxable","12":"shipping-taxable","13":"purchasable","14":"product-type-simple"},"locations":[],"_links":{"self":[{"href":"https:\/\/loxone.ctw.sk\/index.php\/wp-json\/wp\/v2\/product\/370","targetHints":{"allow":["GET"]}}],"collection":[{"href":"https:\/\/loxone.ctw.sk\/index.php\/wp-json\/wp\/v2\/product"}],"about":[{"href":"https:\/\/loxone.ctw.sk\/index.php\/wp-json\/wp\/v2\/types\/product"}],"wp:featuredmedia":[{"embeddable":true,"href":"https:\/\/loxone.ctw.sk\/index.php\/wp-json\/wp\/v2\/media\/371"}],"wp:attachment":[{"href":"https:\/\/loxone.ctw.sk\/index.php\/wp-json\/wp\/v2\/media?parent=370"}],"wp:term":[{"taxonomy":"location","embeddable":true,"href":"https:\/\/loxone.ctw.sk\/index.php\/wp-json\/wp\/v2\/location?post=370"},{"taxonomy":"product_brand","embeddable":true,"href":"https:\/\/loxone.ctw.sk\/index.php\/wp-json\/wp\/v2\/product_brand?post=370"},{"taxonomy":"product_cat","embeddable":true,"href":"https:\/\/loxone.ctw.sk\/index.php\/wp-json\/wp\/v2\/product_cat?post=370"},{"taxonomy":"product_tag","embeddable":true,"href":"https:\/\/loxone.ctw.sk\/index.php\/wp-json\/wp\/v2\/product_tag?post=370"}],"curies":[{"name":"wp","href":"https:\/\/api.w.org\/{rel}","templated":true}]}}