{"id":378,"date":"2026-01-09T10:27:33","date_gmt":"2026-01-09T09:27:33","guid":{"rendered":"https:\/\/shop.dohlad.info\/index.php\/product\/energizer-industrial-mignon-aa-10-ks\/"},"modified":"2026-01-09T10:27:48","modified_gmt":"2026-01-09T09:27:48","slug":"energizer-industrial-mignon-aa-10-ks","status":"publish","type":"product","link":"https:\/\/loxone.ctw.sk\/index.php\/product\/energizer-industrial-mignon-aa-10-ks\/","title":{"rendered":"Energizer Industrial Mignon AA (10 ks)"},"content":{"rendered":"<p>Bat\u00e9rie Industrial Mignon AA zna\u010dky Energizer s\u00fa ide\u00e1lne na spo\u013eahliv\u00e9 a dlhotrvaj\u00face nap\u00e1janie Senzora pr\u00edtomnosti Air a Hlavice Air. Balenie obsahuje 10 kusov.<\/p>\n","protected":false},"excerpt":{"rendered":"<p>Bat\u00e9rie Industrial Mignon AA zna\u010dky Energizer s\u00fa ide\u00e1lne na spo\u013eahliv\u00e9 a dlhotrvaj\u00face nap\u00e1janie Senzora pr\u00edtomnosti Air a Hlavice Air. Balenie obsahuje 10 kusov.<\/p>\n","protected":false},"featured_media":379,"template":"","meta":[],"location":[],"product_brand":[],"product_cat":[370],"product_tag":[],"class_list":{"0":"post-378","1":"product","2":"type-product","3":"status-publish","4":"has-post-thumbnail","6":"product_cat-baterie","8":"first","9":"instock","10":"sold-individually","11":"taxable","12":"shipping-taxable","13":"purchasable","14":"product-type-simple"},"locations":[],"_links":{"self":[{"href":"https:\/\/loxone.ctw.sk\/index.php\/wp-json\/wp\/v2\/product\/378","targetHints":{"allow":["GET"]}}],"collection":[{"href":"https:\/\/loxone.ctw.sk\/index.php\/wp-json\/wp\/v2\/product"}],"about":[{"href":"https:\/\/loxone.ctw.sk\/index.php\/wp-json\/wp\/v2\/types\/product"}],"wp:featuredmedia":[{"embeddable":true,"href":"https:\/\/loxone.ctw.sk\/index.php\/wp-json\/wp\/v2\/media\/379"}],"wp:attachment":[{"href":"https:\/\/loxone.ctw.sk\/index.php\/wp-json\/wp\/v2\/media?parent=378"}],"wp:term":[{"taxonomy":"location","embeddable":true,"href":"https:\/\/loxone.ctw.sk\/index.php\/wp-json\/wp\/v2\/location?post=378"},{"taxonomy":"product_brand","embeddable":true,"href":"https:\/\/loxone.ctw.sk\/index.php\/wp-json\/wp\/v2\/product_brand?post=378"},{"taxonomy":"product_cat","embeddable":true,"href":"https:\/\/loxone.ctw.sk\/index.php\/wp-json\/wp\/v2\/product_cat?post=378"},{"taxonomy":"product_tag","embeddable":true,"href":"https:\/\/loxone.ctw.sk\/index.php\/wp-json\/wp\/v2\/product_tag?post=378"}],"curies":[{"name":"wp","href":"https:\/\/api.w.org\/{rel}","templated":true}]}}