{"id":381,"date":"2026-01-09T10:27:33","date_gmt":"2026-01-09T09:27:33","guid":{"rendered":"https:\/\/shop.dohlad.info\/index.php\/product\/energizer-industrial-micro-aaa-10-ks\/"},"modified":"2026-01-09T10:27:50","modified_gmt":"2026-01-09T09:27:50","slug":"energizer-industrial-micro-aaa-10-ks","status":"publish","type":"product","link":"https:\/\/loxone.ctw.sk\/index.php\/product\/energizer-industrial-micro-aaa-10-ks\/","title":{"rendered":"Energizer Industrial Micro AAA (10 ks)"},"content":{"rendered":"<p>Bat\u00e9rie Industrial Micro AAA od Energizer s\u00fa ide\u00e1lne pre spo\u013eahliv\u00e9 a dlhotrvaj\u00face nap\u00e1janie napr. Komfortn\u00e9ho senzora Air. Balenie obsahuje 10 kusov.<\/p>\n","protected":false},"excerpt":{"rendered":"<p>Bat\u00e9rie Industrial Micro AAA od Energizer s\u00fa ide\u00e1lne pre spo\u013eahliv\u00e9 a dlhotrvaj\u00face nap\u00e1janie napr. Komfortn\u00e9ho senzora Air. Balenie obsahuje 10 kusov.<\/p>\n","protected":false},"featured_media":382,"template":"","meta":[],"location":[],"product_brand":[],"product_cat":[370],"product_tag":[],"class_list":{"0":"post-381","1":"product","2":"type-product","3":"status-publish","4":"has-post-thumbnail","6":"product_cat-baterie","8":"first","9":"instock","10":"sold-individually","11":"taxable","12":"shipping-taxable","13":"purchasable","14":"product-type-simple"},"locations":[],"_links":{"self":[{"href":"https:\/\/loxone.ctw.sk\/index.php\/wp-json\/wp\/v2\/product\/381","targetHints":{"allow":["GET"]}}],"collection":[{"href":"https:\/\/loxone.ctw.sk\/index.php\/wp-json\/wp\/v2\/product"}],"about":[{"href":"https:\/\/loxone.ctw.sk\/index.php\/wp-json\/wp\/v2\/types\/product"}],"wp:featuredmedia":[{"embeddable":true,"href":"https:\/\/loxone.ctw.sk\/index.php\/wp-json\/wp\/v2\/media\/382"}],"wp:attachment":[{"href":"https:\/\/loxone.ctw.sk\/index.php\/wp-json\/wp\/v2\/media?parent=381"}],"wp:term":[{"taxonomy":"location","embeddable":true,"href":"https:\/\/loxone.ctw.sk\/index.php\/wp-json\/wp\/v2\/location?post=381"},{"taxonomy":"product_brand","embeddable":true,"href":"https:\/\/loxone.ctw.sk\/index.php\/wp-json\/wp\/v2\/product_brand?post=381"},{"taxonomy":"product_cat","embeddable":true,"href":"https:\/\/loxone.ctw.sk\/index.php\/wp-json\/wp\/v2\/product_cat?post=381"},{"taxonomy":"product_tag","embeddable":true,"href":"https:\/\/loxone.ctw.sk\/index.php\/wp-json\/wp\/v2\/product_tag?post=381"}],"curies":[{"name":"wp","href":"https:\/\/api.w.org\/{rel}","templated":true}]}}