{"id":386,"date":"2026-01-09T10:27:33","date_gmt":"2026-01-09T09:27:33","guid":{"rendered":"https:\/\/shop.dohlad.info\/index.php\/product\/cr2450-lithium-battery-5-ks\/"},"modified":"2026-01-09T10:27:53","modified_gmt":"2026-01-09T09:27:53","slug":"cr2450-lithium-battery-5-ks","status":"publish","type":"product","link":"https:\/\/loxone.ctw.sk\/index.php\/product\/cr2450-lithium-battery-5-ks\/","title":{"rendered":"CR2450 Lithium Battery (5 ks)"},"content":{"rendered":"<p>Gomb\u00edkov\u00e9 bat\u00e9rie typu CR2450 s\u00fa v\u010faka svojej dlhej v\u00fddr\u017ei ide\u00e1lne pre spo\u013eahliv\u00e9 nap\u00e1janie. Balenie obsahuje 5 kusov.<\/p>\n","protected":false},"excerpt":{"rendered":"<p>Gomb\u00edkov\u00e9 bat\u00e9rie typu CR2450 s\u00fa v\u010faka svojej dlhej v\u00fddr\u017ei ide\u00e1lne pre spo\u013eahliv\u00e9 nap\u00e1janie. Balenie obsahuje 5 kusov.<\/p>\n","protected":false},"featured_media":387,"template":"","meta":[],"location":[],"product_brand":[],"product_cat":[370],"product_tag":[],"class_list":{"0":"post-386","1":"product","2":"type-product","3":"status-publish","4":"has-post-thumbnail","6":"product_cat-baterie","8":"first","9":"instock","10":"sold-individually","11":"taxable","12":"shipping-taxable","13":"purchasable","14":"product-type-simple"},"locations":[],"_links":{"self":[{"href":"https:\/\/loxone.ctw.sk\/index.php\/wp-json\/wp\/v2\/product\/386","targetHints":{"allow":["GET"]}}],"collection":[{"href":"https:\/\/loxone.ctw.sk\/index.php\/wp-json\/wp\/v2\/product"}],"about":[{"href":"https:\/\/loxone.ctw.sk\/index.php\/wp-json\/wp\/v2\/types\/product"}],"wp:featuredmedia":[{"embeddable":true,"href":"https:\/\/loxone.ctw.sk\/index.php\/wp-json\/wp\/v2\/media\/387"}],"wp:attachment":[{"href":"https:\/\/loxone.ctw.sk\/index.php\/wp-json\/wp\/v2\/media?parent=386"}],"wp:term":[{"taxonomy":"location","embeddable":true,"href":"https:\/\/loxone.ctw.sk\/index.php\/wp-json\/wp\/v2\/location?post=386"},{"taxonomy":"product_brand","embeddable":true,"href":"https:\/\/loxone.ctw.sk\/index.php\/wp-json\/wp\/v2\/product_brand?post=386"},{"taxonomy":"product_cat","embeddable":true,"href":"https:\/\/loxone.ctw.sk\/index.php\/wp-json\/wp\/v2\/product_cat?post=386"},{"taxonomy":"product_tag","embeddable":true,"href":"https:\/\/loxone.ctw.sk\/index.php\/wp-json\/wp\/v2\/product_tag?post=386"}],"curies":[{"name":"wp","href":"https:\/\/api.w.org\/{rel}","templated":true}]}}