{"id":388,"date":"2026-01-09T10:27:33","date_gmt":"2026-01-09T09:27:33","guid":{"rendered":"https:\/\/shop.dohlad.info\/index.php\/product\/dvojzilovy-kruteny-kabel-modra-biela-100m\/"},"modified":"2026-01-09T10:27:55","modified_gmt":"2026-01-09T09:27:55","slug":"dvojzilovy-kruteny-kabel-modra-biela-100m","status":"publish","type":"product","link":"https:\/\/loxone.ctw.sk\/index.php\/product\/dvojzilovy-kruteny-kabel-modra-biela-100m\/","title":{"rendered":"Dvoj\u017eilov\u00fd kr\u00faten\u00fd k\u00e1bel modr\u00e1\/biela (100m)"},"content":{"rendered":"<p>Prepojovacie vodi\u010de navrhnut\u00e9 priamo <strong>pre rozv\u00e1dza\u010de s komponentmi Loxone<\/strong> inteligentnej budovy. V\u010faka dvoj\u017eilov\u00e9mu a kr\u00faten\u00e9mu prevedeniu nevy\u017eaduje \u017eiadne dutinky na zakon\u010denie, \u010do u\u0161etr\u00ed pr\u00e1cu aj \u010das. Farebne s\u00fa navrhnut\u00e9 na preh\u013eadn\u00e9 odl\u00ed\u0161enie r\u00f4znych technol\u00f3gi\u00ed Loxone. Celkov\u00e1 d\u013a\u017eka je 100 m.<\/p>\n","protected":false},"excerpt":{"rendered":"<p>Prepojovacie vodi\u010de navrhnut\u00e9 priamo <strong>pre rozv\u00e1dza\u010de s komponentmi Loxone<\/strong> inteligentnej budovy. V\u010faka dvoj\u017eilov\u00e9mu a kr\u00faten\u00e9mu prevedeniu nevy\u017eaduje \u017eiadne dutinky na zakon\u010denie, \u010do u\u0161etr\u00ed pr\u00e1cu aj \u010das. Farebne s\u00fa navrhnut\u00e9 na preh\u013eadn\u00e9 odl\u00ed\u0161enie r\u00f4znych technol\u00f3gi\u00ed Loxone. Celkov\u00e1 d\u013a\u017eka je 100 m.<\/p>\n","protected":false},"featured_media":389,"template":"","meta":[],"location":[],"product_brand":[],"product_cat":[342],"product_tag":[],"class_list":{"0":"post-388","1":"product","2":"type-product","3":"status-publish","4":"has-post-thumbnail","6":"product_cat-kabelaz","8":"first","9":"instock","10":"sold-individually","11":"taxable","12":"shipping-taxable","13":"purchasable","14":"product-type-simple"},"locations":[],"_links":{"self":[{"href":"https:\/\/loxone.ctw.sk\/index.php\/wp-json\/wp\/v2\/product\/388","targetHints":{"allow":["GET"]}}],"collection":[{"href":"https:\/\/loxone.ctw.sk\/index.php\/wp-json\/wp\/v2\/product"}],"about":[{"href":"https:\/\/loxone.ctw.sk\/index.php\/wp-json\/wp\/v2\/types\/product"}],"wp:featuredmedia":[{"embeddable":true,"href":"https:\/\/loxone.ctw.sk\/index.php\/wp-json\/wp\/v2\/media\/389"}],"wp:attachment":[{"href":"https:\/\/loxone.ctw.sk\/index.php\/wp-json\/wp\/v2\/media?parent=388"}],"wp:term":[{"taxonomy":"location","embeddable":true,"href":"https:\/\/loxone.ctw.sk\/index.php\/wp-json\/wp\/v2\/location?post=388"},{"taxonomy":"product_brand","embeddable":true,"href":"https:\/\/loxone.ctw.sk\/index.php\/wp-json\/wp\/v2\/product_brand?post=388"},{"taxonomy":"product_cat","embeddable":true,"href":"https:\/\/loxone.ctw.sk\/index.php\/wp-json\/wp\/v2\/product_cat?post=388"},{"taxonomy":"product_tag","embeddable":true,"href":"https:\/\/loxone.ctw.sk\/index.php\/wp-json\/wp\/v2\/product_tag?post=388"}],"curies":[{"name":"wp","href":"https:\/\/api.w.org\/{rel}","templated":true}]}}