{"id":394,"date":"2026-01-09T10:27:33","date_gmt":"2026-01-09T09:27:33","guid":{"rendered":"https:\/\/shop.dohlad.info\/index.php\/product\/sifrovane-nfc-smart-tagy-10-ks\/"},"modified":"2026-02-10T00:51:07","modified_gmt":"2026-02-09T23:51:07","slug":"sifrovane-nfc-smart-tagy-10-ks","status":"publish","type":"product","link":"https:\/\/loxone.ctw.sk\/index.php\/product\/sifrovane-nfc-smart-tagy-10-ks\/","title":{"rendered":"\u0160ifrovan\u00e9 NFC Smart Tagy (10 ks)"},"content":{"rendered":"<p><strong>Bezpe\u010dn\u00e9 a \u0161ifrovan\u00e9 NFC tagy pre v\u0161estrann\u00e9 pou\u017eitie.<\/strong><\/p>\n<p>Ide\u00e1lne na kontrolu pr\u00edstupu, automatiz\u00e1ciu a individu\u00e1lne scen\u00e1re.<\/p>\n<p><strong>Funkcie:<\/strong><\/p>\n<ul>\n<li>Jednoduch\u00e9 priradenie pou\u017e\u00edvate\u013ea v aplik\u00e1cii<\/li>\n<li>Opr\u00e1vnenie na pr\u00edstup<\/li>\n<li>Ukladanie pr\u00edkazov na tag<\/li>\n<li>Kompatibiln\u00e9 s NFC Code Touch a \u010fal\u0161\u00edmi NFC \u010d\u00edta\u010dkami<\/li>\n<li>Kompaktn\u00e1 ve\u013ekos\u0165 (40\/50 mm) \u2013 ide\u00e1lne do pe\u0148a\u017eenky, obalu na mobil a pod.<\/li>\n<li>\u0160ifrovanie na \u00farovni bankomatov\u00fdch kariet<\/li>\n<\/ul>\n<p><strong>Obsah balenia:<\/strong><\/p>\n<ul>\n<li>2\u00d7 NFC n\u00e1lepka s k\u013e\u00fa\u010dom, 50 mm<\/li>\n<li>2\u00d7 NFC n\u00e1lepka s k\u013e\u00fa\u010dom, 40 mm<\/li>\n<li>3\u00d7 NFC n\u00e1lepka bez potla\u010de, 50 mm<\/li>\n<li>3\u00d7 NFC n\u00e1lepka bez potla\u010de, 40 mm<\/li>\n<li>1\u00d7 permanentn\u00fd popisova\u010d<\/li>\n<\/ul>\n","protected":false},"excerpt":{"rendered":"<p><strong>Bezpe\u010dn\u00e9 a \u0161ifrovan\u00e9 NFC tagy pre v\u0161estrann\u00e9 pou\u017eitie.<\/strong><\/p>\n<p>Ide\u00e1lne na kontrolu pr\u00edstupu, automatiz\u00e1ciu a individu\u00e1lne scen\u00e1re.<\/p>\n<p>&nbsp;<\/p>\n","protected":false},"featured_media":395,"template":"","meta":[],"location":[],"product_brand":[],"product_cat":[371,373,372,345,374],"product_tag":[],"class_list":{"0":"post-394","1":"product","2":"type-product","3":"status-publish","4":"has-post-thumbnail","6":"product_cat-pristup","7":"product_cat-prislusenstvo-pristup-zabezpecenie","8":"product_cat-nfc","9":"product_cat-zabezpecenie","10":"product_cat-nfc-prislusenstvo","12":"first","13":"instock","14":"sold-individually","15":"taxable","16":"shipping-taxable","17":"purchasable","18":"product-type-simple"},"locations":[],"_links":{"self":[{"href":"https:\/\/loxone.ctw.sk\/index.php\/wp-json\/wp\/v2\/product\/394","targetHints":{"allow":["GET"]}}],"collection":[{"href":"https:\/\/loxone.ctw.sk\/index.php\/wp-json\/wp\/v2\/product"}],"about":[{"href":"https:\/\/loxone.ctw.sk\/index.php\/wp-json\/wp\/v2\/types\/product"}],"wp:featuredmedia":[{"embeddable":true,"href":"https:\/\/loxone.ctw.sk\/index.php\/wp-json\/wp\/v2\/media\/395"}],"wp:attachment":[{"href":"https:\/\/loxone.ctw.sk\/index.php\/wp-json\/wp\/v2\/media?parent=394"}],"wp:term":[{"taxonomy":"location","embeddable":true,"href":"https:\/\/loxone.ctw.sk\/index.php\/wp-json\/wp\/v2\/location?post=394"},{"taxonomy":"product_brand","embeddable":true,"href":"https:\/\/loxone.ctw.sk\/index.php\/wp-json\/wp\/v2\/product_brand?post=394"},{"taxonomy":"product_cat","embeddable":true,"href":"https:\/\/loxone.ctw.sk\/index.php\/wp-json\/wp\/v2\/product_cat?post=394"},{"taxonomy":"product_tag","embeddable":true,"href":"https:\/\/loxone.ctw.sk\/index.php\/wp-json\/wp\/v2\/product_tag?post=394"}],"curies":[{"name":"wp","href":"https:\/\/api.w.org\/{rel}","templated":true}]}}