{"id":397,"date":"2026-01-09T10:27:33","date_gmt":"2026-01-09T09:27:33","guid":{"rendered":"https:\/\/shop.dohlad.info\/index.php\/product\/nfc-privesky-10-kusov\/"},"modified":"2026-02-10T00:50:49","modified_gmt":"2026-02-09T23:50:49","slug":"nfc-privesky-10-kusov","status":"publish","type":"product","link":"https:\/\/loxone.ctw.sk\/index.php\/product\/nfc-privesky-10-kusov\/","title":{"rendered":"NFC pr\u00edvesky (10 kusov)"},"content":{"rendered":"<p><strong>Jednoduch\u00e9 a r\u00fdchle riadenie pr\u00edstupu<\/strong> pomocou kl\u00e1vesnice NFC Code Touch a NFC k\u013e\u00fa\u010denky. Sada obsahuje 10 pr\u00edveskov.<\/p>\n<p><strong>Technick\u00e9 detaily:<\/strong><\/p>\n<ul>\n<li>\u010cipov\u00e1 sada: NXP MIFARE\u00ae DESFire\u00ae EV3 2K.<\/li>\n<li>Dosah: 1 a\u017e 20 mm.<\/li>\n<li>Frekvencia: 13,56 MHz (\u0161ifrovane).<\/li>\n<li>\u0160tandardy: ISO\/IEC podporuje: ISO 14443; ISO 7816.<\/li>\n<li>\u0160ifrovanie: 16 alebo 32bit CRC, Common Criteria Certificate EAL4+ (hardv\u00e9r a softv\u00e9r), generovanie n\u00e1hodn\u00e9ho k\u013e\u00fa\u010da, DES s a\u017e 168-bitov\u00fdm a AES so 128-bitov\u00fdm \u0161ifrovan\u00edm.<\/li>\n<li>Kapacita \u00falo\u017eiska: 2048 bajtov.<\/li>\n<li>Materi\u00e1l: PC\/ABS.<\/li>\n<li>Ve\u013ekos\u0165: 30\u00d730\u00d76 mm.<\/li>\n<\/ul>\n","protected":false},"excerpt":{"rendered":"<p><strong>Jednoduch\u00e9 a r\u00fdchle riadenie pr\u00edstupu<\/strong> pomocou kl\u00e1vesnice NFC Code Touch a NFC k\u013e\u00fa\u010denky. Sada obsahuje 10 pr\u00edveskov.<\/p>\n<p>&nbsp;<\/p>\n","protected":false},"featured_media":398,"template":"","meta":[],"location":[],"product_brand":[],"product_cat":[371,373,372,345,374],"product_tag":[],"class_list":{"0":"post-397","1":"product","2":"type-product","3":"status-publish","4":"has-post-thumbnail","6":"product_cat-pristup","7":"product_cat-prislusenstvo-pristup-zabezpecenie","8":"product_cat-nfc","9":"product_cat-zabezpecenie","10":"product_cat-nfc-prislusenstvo","12":"first","13":"instock","14":"sold-individually","15":"taxable","16":"shipping-taxable","17":"purchasable","18":"product-type-simple"},"locations":[],"_links":{"self":[{"href":"https:\/\/loxone.ctw.sk\/index.php\/wp-json\/wp\/v2\/product\/397","targetHints":{"allow":["GET"]}}],"collection":[{"href":"https:\/\/loxone.ctw.sk\/index.php\/wp-json\/wp\/v2\/product"}],"about":[{"href":"https:\/\/loxone.ctw.sk\/index.php\/wp-json\/wp\/v2\/types\/product"}],"wp:featuredmedia":[{"embeddable":true,"href":"https:\/\/loxone.ctw.sk\/index.php\/wp-json\/wp\/v2\/media\/398"}],"wp:attachment":[{"href":"https:\/\/loxone.ctw.sk\/index.php\/wp-json\/wp\/v2\/media?parent=397"}],"wp:term":[{"taxonomy":"location","embeddable":true,"href":"https:\/\/loxone.ctw.sk\/index.php\/wp-json\/wp\/v2\/location?post=397"},{"taxonomy":"product_brand","embeddable":true,"href":"https:\/\/loxone.ctw.sk\/index.php\/wp-json\/wp\/v2\/product_brand?post=397"},{"taxonomy":"product_cat","embeddable":true,"href":"https:\/\/loxone.ctw.sk\/index.php\/wp-json\/wp\/v2\/product_cat?post=397"},{"taxonomy":"product_tag","embeddable":true,"href":"https:\/\/loxone.ctw.sk\/index.php\/wp-json\/wp\/v2\/product_tag?post=397"}],"curies":[{"name":"wp","href":"https:\/\/api.w.org\/{rel}","templated":true}]}}