{"id":403,"date":"2026-01-09T10:27:33","date_gmt":"2026-01-09T09:27:33","guid":{"rendered":"https:\/\/shop.dohlad.info\/index.php\/product\/svorkovnica-pre-pripojenie-motora-amc-2-5-50-kusov\/"},"modified":"2026-01-09T10:28:05","modified_gmt":"2026-01-09T09:28:05","slug":"svorkovnica-pre-pripojenie-motora-amc-2-5-50-kusov","status":"publish","type":"product","link":"https:\/\/loxone.ctw.sk\/index.php\/product\/svorkovnica-pre-pripojenie-motora-amc-2-5-50-kusov\/","title":{"rendered":"Svorkovnica pre pripojenie motora AMC 2.5 (50 kusov)"},"content":{"rendered":"<p>Ide\u00e1lne na <strong>pripojenie \u017eal\u00faziov\u00e9ho, r\u00farkov\u00e9ho alebo gar\u00e1\u017eov\u00e9ho motora<\/strong>. 2 smery &#43; nulov\u00fd vodi\u010d &#43; uzemnenie. Prierezy pre 2,5 a 4 a 6 a 10 mm\u00b2 s\u00fa kombinovan\u00e9 v\u017edy v jednej svorkovnici. To znamen\u00e1, \u017ee s\u00fa potrebn\u00e9 iba tri rady svoriek na prepojenie piatich rozsahov a\u017e do prierezu 16 mm\u00b2. V\u010faka technol\u00f3gii pripojenia PUSH IN je mo\u017en\u00e9 r\u00fdchle pohodln\u00e9 zapojenie.<\/p>\n<ul>\n<li>Balenie 50 kusov.<\/li>\n<li>Typ: AMC 2.5.<\/li>\n<li>\u010c\u00edslo polo\u017eky v\u00fdrobcu: 2434340000.<\/li>\n<\/ul>\n","protected":false},"excerpt":{"rendered":"<p>Ide\u00e1lne na <strong>pripojenie \u017eal\u00faziov\u00e9ho, r\u00farkov\u00e9ho alebo gar\u00e1\u017eov\u00e9ho motora<\/strong>. 2 smery &#43; nulov\u00fd vodi\u010d &#43; uzemnenie. Prierezy pre 2,5 a 4 a 6 a 10 mm\u00b2 s\u00fa kombinovan\u00e9 v\u017edy v jednej svorkovnici. To znamen\u00e1, \u017ee s\u00fa potrebn\u00e9 iba tri rady svoriek na prepojenie piatich rozsahov a\u017e do prierezu 16 mm\u00b2. V\u010faka technol\u00f3gii pripojenia PUSH IN je mo\u017en\u00e9 r\u00fdchle pohodln\u00e9 zapojenie.<\/p>\n<ul>\n<li>Balenie 50 kusov.<\/li>\n<li>Typ: AMC 2.5.<\/li>\n<li>\u010c\u00edslo polo\u017eky v\u00fdrobcu: 2434340000.<\/li>\n<\/ul>\n","protected":false},"featured_media":404,"template":"","meta":[],"location":[],"product_brand":[],"product_cat":[342],"product_tag":[],"class_list":{"0":"post-403","1":"product","2":"type-product","3":"status-publish","4":"has-post-thumbnail","6":"product_cat-kabelaz","8":"first","9":"instock","10":"sold-individually","11":"taxable","12":"shipping-taxable","13":"purchasable","14":"product-type-simple"},"locations":[],"_links":{"self":[{"href":"https:\/\/loxone.ctw.sk\/index.php\/wp-json\/wp\/v2\/product\/403","targetHints":{"allow":["GET"]}}],"collection":[{"href":"https:\/\/loxone.ctw.sk\/index.php\/wp-json\/wp\/v2\/product"}],"about":[{"href":"https:\/\/loxone.ctw.sk\/index.php\/wp-json\/wp\/v2\/types\/product"}],"wp:featuredmedia":[{"embeddable":true,"href":"https:\/\/loxone.ctw.sk\/index.php\/wp-json\/wp\/v2\/media\/404"}],"wp:attachment":[{"href":"https:\/\/loxone.ctw.sk\/index.php\/wp-json\/wp\/v2\/media?parent=403"}],"wp:term":[{"taxonomy":"location","embeddable":true,"href":"https:\/\/loxone.ctw.sk\/index.php\/wp-json\/wp\/v2\/location?post=403"},{"taxonomy":"product_brand","embeddable":true,"href":"https:\/\/loxone.ctw.sk\/index.php\/wp-json\/wp\/v2\/product_brand?post=403"},{"taxonomy":"product_cat","embeddable":true,"href":"https:\/\/loxone.ctw.sk\/index.php\/wp-json\/wp\/v2\/product_cat?post=403"},{"taxonomy":"product_tag","embeddable":true,"href":"https:\/\/loxone.ctw.sk\/index.php\/wp-json\/wp\/v2\/product_tag?post=403"}],"curies":[{"name":"wp","href":"https:\/\/api.w.org\/{rel}","templated":true}]}}