{"id":409,"date":"2026-01-09T10:28:08","date_gmt":"2026-01-09T09:28:08","guid":{"rendered":"https:\/\/shop.dohlad.info\/index.php\/product\/bocnice-poistkovej-svorky-weidmuller-aep-50-ks\/"},"modified":"2026-01-09T10:28:11","modified_gmt":"2026-01-09T09:28:11","slug":"bocnice-poistkovej-svorky-weidmuller-aep-50-ks","status":"publish","type":"product","link":"https:\/\/loxone.ctw.sk\/index.php\/product\/bocnice-poistkovej-svorky-weidmuller-aep-50-ks\/","title":{"rendered":"Bo\u010dnice poistkovej svorky Weidm\u00fcller AEP (50 ks)"},"content":{"rendered":"<p>Bo\u010dnice pre poistkov\u00e9 svorkovnice s hr\u00fabkou 2 mm.<\/p>\n<ul>\n<li>Balenie 20 kusov.<\/li>\n<li>Typ: AEP 4C 2,5 BK.<\/li>\n<li>\u010c\u00edslo \u010dl\u00e1nku v\u00fdrobcu : 2486660000.<\/li>\n<\/ul>\n<p>\u00a0<\/p>\n","protected":false},"excerpt":{"rendered":"<p>Bo\u010dnice pre poistkov\u00e9 svorkovnice s hr\u00fabkou 2 mm.<\/p>\n<ul>\n<li>Balenie 20 kusov.<\/li>\n<li>Typ: AEP 4C 2,5 BK.<\/li>\n<li>\u010c\u00edslo \u010dl\u00e1nku v\u00fdrobcu : 2486660000.<\/li>\n<\/ul>\n<p>\u00a0<\/p>\n","protected":false},"featured_media":410,"template":"","meta":[],"location":[],"product_brand":[],"product_cat":[342],"product_tag":[],"class_list":{"0":"post-409","1":"product","2":"type-product","3":"status-publish","4":"has-post-thumbnail","6":"product_cat-kabelaz","8":"first","9":"instock","10":"sold-individually","11":"taxable","12":"shipping-taxable","13":"purchasable","14":"product-type-simple"},"locations":[],"_links":{"self":[{"href":"https:\/\/loxone.ctw.sk\/index.php\/wp-json\/wp\/v2\/product\/409","targetHints":{"allow":["GET"]}}],"collection":[{"href":"https:\/\/loxone.ctw.sk\/index.php\/wp-json\/wp\/v2\/product"}],"about":[{"href":"https:\/\/loxone.ctw.sk\/index.php\/wp-json\/wp\/v2\/types\/product"}],"wp:featuredmedia":[{"embeddable":true,"href":"https:\/\/loxone.ctw.sk\/index.php\/wp-json\/wp\/v2\/media\/410"}],"wp:attachment":[{"href":"https:\/\/loxone.ctw.sk\/index.php\/wp-json\/wp\/v2\/media?parent=409"}],"wp:term":[{"taxonomy":"location","embeddable":true,"href":"https:\/\/loxone.ctw.sk\/index.php\/wp-json\/wp\/v2\/location?post=409"},{"taxonomy":"product_brand","embeddable":true,"href":"https:\/\/loxone.ctw.sk\/index.php\/wp-json\/wp\/v2\/product_brand?post=409"},{"taxonomy":"product_cat","embeddable":true,"href":"https:\/\/loxone.ctw.sk\/index.php\/wp-json\/wp\/v2\/product_cat?post=409"},{"taxonomy":"product_tag","embeddable":true,"href":"https:\/\/loxone.ctw.sk\/index.php\/wp-json\/wp\/v2\/product_tag?post=409"}],"curies":[{"name":"wp","href":"https:\/\/api.w.org\/{rel}","templated":true}]}}