{"id":416,"date":"2026-01-09T10:28:08","date_gmt":"2026-01-09T09:28:08","guid":{"rendered":"https:\/\/shop.dohlad.info\/index.php\/product\/sifrovane-nfc-smart-cards-biela-set-10-ks\/"},"modified":"2026-02-10T00:50:16","modified_gmt":"2026-02-09T23:50:16","slug":"sifrovane-nfc-smart-cards-biela-set-10-ks","status":"publish","type":"product","link":"https:\/\/loxone.ctw.sk\/index.php\/product\/sifrovane-nfc-smart-cards-biela-set-10-ks\/","title":{"rendered":"\u0160ifrovan\u00e9 NFC Smart Cards biela (set \u2013 10 ks)"},"content":{"rendered":"<p>Jednoduch\u00fd a <strong>r\u00fdchly pr\u00edstup<\/strong> pomocou NFC Code Touch s kompaktnou kartou NFC \u2013 najbezpe\u010dnej\u0161\u00ed sp\u00f4sob vstupu do budovy Loxone. Sada sa sklad\u00e1 z <strong>10 kariet.<\/strong><\/p>\n<p><strong>Vlastnosti:<\/strong><\/p>\n<ul>\n<li>\u0160ifrovan\u00fd prenos d\u00e1t.<\/li>\n<li>Individu\u00e1lne opr\u00e1vnenie na pr\u00edstup.<\/li>\n<li>Mal\u00e9 a kompaktn\u00e9 do pe\u0148a\u017eenky.<\/li>\n<li>Bezpe\u010dn\u00e9 riadenie pr\u00edstupu: Ka\u017ed\u00e1 pr\u00edstupov\u00e1 udalos\u0165 je spo\u013eahlivo zaznamenan\u00e1 a je mo\u017en\u00e9 ju individu\u00e1lne sledova\u0165.<\/li>\n<li>Personaliz\u00e1cia: Karty je mo\u017en\u00e9 individu\u00e1lne prisp\u00f4sobi\u0165 a \u013eahko spravova\u0165 v Loxone Configu.<\/li>\n<li>V kombin\u00e1cii s NFC Code Touch m\u00f4\u017eete dokonca nastavi\u0165 dvojfaktorov\u00e9 overenie pre citliv\u00e9 oblasti.<\/li>\n<li>Prisp\u00f4sobite\u013en\u00e9: Je mo\u017en\u00e9 ich pop\u00edsa\u0165, polepi\u0165 alebo potla\u010di\u0165 pomocou tla\u010diarne kariet.<\/li>\n<\/ul>\n<p><strong>Technick\u00e9 detaily:<\/strong><\/p>\n<ul>\n<li>\u010cipov\u00e1 sada: NXP MIFARE\u00ae DESFire\u00ae EV3 2K.<\/li>\n<\/ul>\n","protected":false},"excerpt":{"rendered":"<p>Jednoduch\u00fd a <strong>r\u00fdchly pr\u00edstup<\/strong> pomocou NFC Code Touch s kompaktnou kartou NFC \u2013 najbezpe\u010dnej\u0161\u00ed sp\u00f4sob vstupu do budovy Loxone. Sada sa sklad\u00e1 z <strong>10 kariet.<\/strong><\/p>\n<p>&nbsp;<\/p>\n","protected":false},"featured_media":417,"template":"","meta":[],"location":[],"product_brand":[],"product_cat":[371,373,372,345,374],"product_tag":[],"class_list":{"0":"post-416","1":"product","2":"type-product","3":"status-publish","4":"has-post-thumbnail","6":"product_cat-pristup","7":"product_cat-prislusenstvo-pristup-zabezpecenie","8":"product_cat-nfc","9":"product_cat-zabezpecenie","10":"product_cat-nfc-prislusenstvo","12":"first","13":"instock","14":"sold-individually","15":"taxable","16":"shipping-taxable","17":"purchasable","18":"product-type-simple"},"locations":[],"_links":{"self":[{"href":"https:\/\/loxone.ctw.sk\/index.php\/wp-json\/wp\/v2\/product\/416","targetHints":{"allow":["GET"]}}],"collection":[{"href":"https:\/\/loxone.ctw.sk\/index.php\/wp-json\/wp\/v2\/product"}],"about":[{"href":"https:\/\/loxone.ctw.sk\/index.php\/wp-json\/wp\/v2\/types\/product"}],"wp:featuredmedia":[{"embeddable":true,"href":"https:\/\/loxone.ctw.sk\/index.php\/wp-json\/wp\/v2\/media\/417"}],"wp:attachment":[{"href":"https:\/\/loxone.ctw.sk\/index.php\/wp-json\/wp\/v2\/media?parent=416"}],"wp:term":[{"taxonomy":"location","embeddable":true,"href":"https:\/\/loxone.ctw.sk\/index.php\/wp-json\/wp\/v2\/location?post=416"},{"taxonomy":"product_brand","embeddable":true,"href":"https:\/\/loxone.ctw.sk\/index.php\/wp-json\/wp\/v2\/product_brand?post=416"},{"taxonomy":"product_cat","embeddable":true,"href":"https:\/\/loxone.ctw.sk\/index.php\/wp-json\/wp\/v2\/product_cat?post=416"},{"taxonomy":"product_tag","embeddable":true,"href":"https:\/\/loxone.ctw.sk\/index.php\/wp-json\/wp\/v2\/product_tag?post=416"}],"curies":[{"name":"wp","href":"https:\/\/api.w.org\/{rel}","templated":true}]}}