{"id":431,"date":"2026-01-09T10:28:08","date_gmt":"2026-01-09T09:28:08","guid":{"rendered":"https:\/\/shop.dohlad.info\/index.php\/product\/drziak-mount-180-strieborna-par\/"},"modified":"2026-02-08T23:30:12","modified_gmt":"2026-02-08T22:30:12","slug":"drziak-mount-180-strieborna-par","status":"publish","type":"product","link":"https:\/\/loxone.ctw.sk\/index.php\/product\/drziak-mount-180-strieborna-par\/","title":{"rendered":"Dr\u017eiak MOUNT 180 strieborn\u00e1 p\u00e1r"},"content":{"rendered":"<p>Pre dokonal\u00fd z\u00e1\u017eitok zo surround zvuku n\u00e1jdu mal\u00e9 zadn\u00e9 reproduktory svoje ide\u00e1lne miesto na stene v zadnej \u010dasti miestnosti. MOUNT 180 s <strong>praktick\u00fdm gu\u013eov\u00fdm k\u013abom<\/strong> pon\u00faka elegantn\u00e9 a flexibiln\u00e9 rie\u0161enie pre jednoduch\u00fa mont\u00e1\u017e, ktor\u00e1 spoj\u00ed \u0161t\u00fdl s perfektnou funk\u010dnos\u0165ou. Vhodn\u00e9 pre:<\/p>\n<ul>\n<li class=\"MsoListParagraph\">Chromium Style 20<\/li>\n<li class=\"MsoListParagraph\">Chromium Style 5<\/li>\n<\/ul>\n<p><strong>Technick\u00e9 detaily:<\/strong><\/p>\n<ul>\n<li>Typ: Dr\u017eiak na stenu.<\/li>\n<li>Rozostup otvorov pre reproduktory: 56\u201359 mm.<\/li>\n<li>Priemer otvoru: 5 mm.<\/li>\n<li>Priemer n\u00e1stennej dosky: 80 mm.<\/li>\n<li>Hmotnos\u0165: 0,152 kg.<\/li>\n<li>Farba: Strieborn\u00e1.<\/li>\n<\/ul>\n<p><strong>Cena sa vz\u0165ahuje na 1 sadu (2 kusy)!<\/strong><\/p>\n","protected":false},"excerpt":{"rendered":"<p>Pre dokonal\u00fd z\u00e1\u017eitok zo surround zvuku n\u00e1jdu mal\u00e9 zadn\u00e9 reproduktory svoje ide\u00e1lne miesto na stene v zadnej \u010dasti miestnosti. MOUNT 180 s <strong>praktick\u00fdm gu\u013eov\u00fdm k\u013abom<\/strong> pon\u00faka elegantn\u00e9 a flexibiln\u00e9 rie\u0161enie pre jednoduch\u00fa mont\u00e1\u017e, ktor\u00e1 spoj\u00ed \u0161t\u00fdl s perfektnou funk\u010dnos\u0165ou.<\/p>\n","protected":false},"featured_media":432,"template":"","meta":[],"location":[],"product_brand":[],"product_cat":[356],"product_tag":[],"class_list":{"0":"post-431","1":"product","2":"type-product","3":"status-publish","4":"has-post-thumbnail","6":"product_cat-montaz-audio","8":"first","9":"instock","10":"sold-individually","11":"taxable","12":"shipping-taxable","13":"purchasable","14":"product-type-simple"},"locations":[],"_links":{"self":[{"href":"https:\/\/loxone.ctw.sk\/index.php\/wp-json\/wp\/v2\/product\/431","targetHints":{"allow":["GET"]}}],"collection":[{"href":"https:\/\/loxone.ctw.sk\/index.php\/wp-json\/wp\/v2\/product"}],"about":[{"href":"https:\/\/loxone.ctw.sk\/index.php\/wp-json\/wp\/v2\/types\/product"}],"wp:featuredmedia":[{"embeddable":true,"href":"https:\/\/loxone.ctw.sk\/index.php\/wp-json\/wp\/v2\/media\/432"}],"wp:attachment":[{"href":"https:\/\/loxone.ctw.sk\/index.php\/wp-json\/wp\/v2\/media?parent=431"}],"wp:term":[{"taxonomy":"location","embeddable":true,"href":"https:\/\/loxone.ctw.sk\/index.php\/wp-json\/wp\/v2\/location?post=431"},{"taxonomy":"product_brand","embeddable":true,"href":"https:\/\/loxone.ctw.sk\/index.php\/wp-json\/wp\/v2\/product_brand?post=431"},{"taxonomy":"product_cat","embeddable":true,"href":"https:\/\/loxone.ctw.sk\/index.php\/wp-json\/wp\/v2\/product_cat?post=431"},{"taxonomy":"product_tag","embeddable":true,"href":"https:\/\/loxone.ctw.sk\/index.php\/wp-json\/wp\/v2\/product_tag?post=431"}],"curies":[{"name":"wp","href":"https:\/\/api.w.org\/{rel}","templated":true}]}}