{"id":433,"date":"2026-01-09T10:28:08","date_gmt":"2026-01-09T09:28:08","guid":{"rendered":"https:\/\/shop.dohlad.info\/index.php\/product\/concrete-backbox-for-10-install-speaker\/"},"modified":"2026-02-08T23:29:53","modified_gmt":"2026-02-08T22:29:53","slug":"concrete-backbox-for-10-install-speaker","status":"publish","type":"product","link":"https:\/\/loxone.ctw.sk\/index.php\/product\/concrete-backbox-for-10-install-speaker\/","title":{"rendered":"Concrete Backbox for 10&#8243; Install Speaker"},"content":{"rendered":"<p>Concrete Backbox for 10&#8243; Install Speaker je \u0161peci\u00e1lne navrhnut\u00fd pre in\u0161tal\u00e1ciu v\u0161etk\u00fdch 10-palcov\u00fdch reproduktorov Loxone <strong>do bet\u00f3nov\u00fdch stropov a stien<\/strong>.<\/p>\n<p><strong>Vlastnosti:<\/strong><\/p>\n<ul>\n<li>Jednoduch\u00e1 mont\u00e1\u017e a usadenie.<\/li>\n<li>Stabiln\u00e9 uchytenie.<\/li>\n<li>Vhodn\u00e9 pre poh\u013eadov\u00fd bet\u00f3n, l\u00edcov\u00fd bet\u00f3n, bet\u00f3n vyroben\u00fd na mieste aj prefabrikovan\u00fd bet\u00f3n.<\/li>\n<li>Vstupy na potrubie: 4xM25<\/li>\n<\/ul>\n","protected":false},"excerpt":{"rendered":"<p>Concrete Backbox for 10&#8243; Install Speaker je \u0161peci\u00e1lne navrhnut\u00fd pre in\u0161tal\u00e1ciu v\u0161etk\u00fdch 10-palcov\u00fdch reproduktorov Loxone <strong>do bet\u00f3nov\u00fdch stropov a stien<\/strong>.<\/p>\n<p>&nbsp;<\/p>\n","protected":false},"featured_media":434,"template":"","meta":[],"location":[],"product_brand":[],"product_cat":[356],"product_tag":[],"class_list":{"0":"post-433","1":"product","2":"type-product","3":"status-publish","4":"has-post-thumbnail","6":"product_cat-montaz-audio","8":"first","9":"instock","10":"sold-individually","11":"taxable","12":"shipping-taxable","13":"purchasable","14":"product-type-simple"},"locations":[],"_links":{"self":[{"href":"https:\/\/loxone.ctw.sk\/index.php\/wp-json\/wp\/v2\/product\/433","targetHints":{"allow":["GET"]}}],"collection":[{"href":"https:\/\/loxone.ctw.sk\/index.php\/wp-json\/wp\/v2\/product"}],"about":[{"href":"https:\/\/loxone.ctw.sk\/index.php\/wp-json\/wp\/v2\/types\/product"}],"wp:featuredmedia":[{"embeddable":true,"href":"https:\/\/loxone.ctw.sk\/index.php\/wp-json\/wp\/v2\/media\/434"}],"wp:attachment":[{"href":"https:\/\/loxone.ctw.sk\/index.php\/wp-json\/wp\/v2\/media?parent=433"}],"wp:term":[{"taxonomy":"location","embeddable":true,"href":"https:\/\/loxone.ctw.sk\/index.php\/wp-json\/wp\/v2\/location?post=433"},{"taxonomy":"product_brand","embeddable":true,"href":"https:\/\/loxone.ctw.sk\/index.php\/wp-json\/wp\/v2\/product_brand?post=433"},{"taxonomy":"product_cat","embeddable":true,"href":"https:\/\/loxone.ctw.sk\/index.php\/wp-json\/wp\/v2\/product_cat?post=433"},{"taxonomy":"product_tag","embeddable":true,"href":"https:\/\/loxone.ctw.sk\/index.php\/wp-json\/wp\/v2\/product_tag?post=433"}],"curies":[{"name":"wp","href":"https:\/\/api.w.org\/{rel}","templated":true}]}}