{"id":437,"date":"2026-01-09T10:28:08","date_gmt":"2026-01-09T09:28:08","guid":{"rendered":"https:\/\/shop.dohlad.info\/index.php\/product\/loxone-pero-100-kusov\/"},"modified":"2026-01-09T10:28:22","modified_gmt":"2026-01-09T09:28:22","slug":"loxone-pero-100-kusov","status":"publish","type":"product","link":"https:\/\/loxone.ctw.sk\/index.php\/product\/loxone-pero-100-kusov\/","title":{"rendered":"Loxone pero (100 kusov)"},"content":{"rendered":"<p>Gu\u013e\u00f4\u010dkov\u00e9 pero Loxone v p\u00f4sobivom dizajne Loxone je ide\u00e1lne ako dar\u010dek na ve\u013etrhoch. V\u010faka pogumovanej povrchovej \u0161trukt\u00fare sa pohodlne dr\u017e\u00ed. Prvotriedny syst\u00e9m p\u00edsania FLOATING BALL \u00ae zabezpe\u010duje \u201em\u00e4kk\u00e9\u201c p\u00edsanie.<\/p>\n<ul>\n<li>Balenie po 100 ks.<\/li>\n<li>Perfektn\u00fd dar\u010dek pre (potenci\u00e1lnych) z\u00e1kazn\u00edkov.<\/li>\n<\/ul>\n","protected":false},"excerpt":{"rendered":"<p>Gu\u013e\u00f4\u010dkov\u00e9 pero Loxone v p\u00f4sobivom dizajne Loxone je ide\u00e1lne ako dar\u010dek na ve\u013etrhoch. V\u010faka pogumovanej povrchovej \u0161trukt\u00fare sa pohodlne dr\u017e\u00ed. Prvotriedny syst\u00e9m p\u00edsania FLOATING BALL \u00ae zabezpe\u010duje \u201em\u00e4kk\u00e9\u201c p\u00edsanie.<\/p>\n<ul>\n<li>Balenie po 100 ks.<\/li>\n<li>Perfektn\u00fd dar\u010dek pre (potenci\u00e1lnych) z\u00e1kazn\u00edkov.<\/li>\n<\/ul>\n","protected":false},"featured_media":438,"template":"","meta":[],"location":[],"product_brand":[],"product_cat":[369],"product_tag":[],"class_list":{"0":"post-437","1":"product","2":"type-product","3":"status-publish","4":"has-post-thumbnail","6":"product_cat-other","8":"first","9":"instock","10":"sold-individually","11":"taxable","12":"shipping-taxable","13":"purchasable","14":"product-type-simple"},"locations":[],"_links":{"self":[{"href":"https:\/\/loxone.ctw.sk\/index.php\/wp-json\/wp\/v2\/product\/437","targetHints":{"allow":["GET"]}}],"collection":[{"href":"https:\/\/loxone.ctw.sk\/index.php\/wp-json\/wp\/v2\/product"}],"about":[{"href":"https:\/\/loxone.ctw.sk\/index.php\/wp-json\/wp\/v2\/types\/product"}],"wp:featuredmedia":[{"embeddable":true,"href":"https:\/\/loxone.ctw.sk\/index.php\/wp-json\/wp\/v2\/media\/438"}],"wp:attachment":[{"href":"https:\/\/loxone.ctw.sk\/index.php\/wp-json\/wp\/v2\/media?parent=437"}],"wp:term":[{"taxonomy":"location","embeddable":true,"href":"https:\/\/loxone.ctw.sk\/index.php\/wp-json\/wp\/v2\/location?post=437"},{"taxonomy":"product_brand","embeddable":true,"href":"https:\/\/loxone.ctw.sk\/index.php\/wp-json\/wp\/v2\/product_brand?post=437"},{"taxonomy":"product_cat","embeddable":true,"href":"https:\/\/loxone.ctw.sk\/index.php\/wp-json\/wp\/v2\/product_cat?post=437"},{"taxonomy":"product_tag","embeddable":true,"href":"https:\/\/loxone.ctw.sk\/index.php\/wp-json\/wp\/v2\/product_tag?post=437"}],"curies":[{"name":"wp","href":"https:\/\/api.w.org\/{rel}","templated":true}]}}