{"id":441,"date":"2026-01-09T10:28:08","date_gmt":"2026-01-09T09:28:08","guid":{"rendered":"https:\/\/shop.dohlad.info\/index.php\/product\/nfc-code-touch-air-zamatovo-biela\/"},"modified":"2026-01-09T10:28:23","modified_gmt":"2026-01-09T09:28:23","slug":"nfc-code-touch-air-zamatovo-biela","status":"publish","type":"product","link":"https:\/\/loxone.ctw.sk\/index.php\/product\/nfc-code-touch-air-zamatovo-biela\/","title":{"rendered":"NFC Code Touch Air zamatovo biela"},"content":{"rendered":"<p>Loxone NFC Code Touch Air je <strong>pr\u00edstupov\u00e9 rie\u0161enie s NFC \u010d\u00edta\u010dkou a podsvietenou numerickou kl\u00e1vesnicou<\/strong> na sklenenom \u010delnom paneli.<\/p>\n<p><strong>Vlastnosti:<\/strong><\/p>\n<ul>\n<li>V kombin\u00e1cii s Loxone Intercomom vytvor\u00ed dokonal\u00fa centr\u00e1lu pr\u00edstupu.<\/li>\n<li>Efekt\u00edvna spr\u00e1va u\u017e\u00edvate\u013eov (aj naprie\u010d lokalitami).<\/li>\n<li>Mo\u017eno vyu\u017ei\u0165 aj na evidenciu pracovnej doch\u00e1dzky, zamykanie skrinky, vy\u00fa\u010dtovanie, z\u00e1znamy pr\u00edstupu a mnoho \u010fal\u0161ieho.<\/li>\n<\/ul><\/p>\n","protected":false},"excerpt":{"rendered":"<p>Loxone NFC Code Touch Air je <strong>pr\u00edstupov\u00e9 rie\u0161enie s NFC \u010d\u00edta\u010dkou a podsvietenou numerickou kl\u00e1vesnicou<\/strong> na sklenenom \u010delnom paneli.<\/p>\n<p><strong>Vlastnosti:<\/strong><\/p>\n<ul>\n<li>V kombin\u00e1cii s Loxone Intercomom vytvor\u00ed dokonal\u00fa centr\u00e1lu pr\u00edstupu.<\/li>\n<li>Efekt\u00edvna spr\u00e1va u\u017e\u00edvate\u013eov (aj naprie\u010d lokalitami).<\/li>\n<li>Mo\u017eno vyu\u017ei\u0165 aj na evidenciu pracovnej doch\u00e1dzky, zamykanie skrinky, vy\u00fa\u010dtovanie, z\u00e1znamy pr\u00edstupu a mnoho \u010fal\u0161ieho.<\/li>\n<\/ul><\/p>\n","protected":false},"featured_media":1821,"template":"","meta":[],"location":[],"product_brand":[],"product_cat":[15],"product_tag":[],"class_list":{"0":"post-441","1":"product","2":"type-product","3":"status-publish","4":"has-post-thumbnail","6":"product_cat-uncategorized","8":"first","9":"instock","10":"sold-individually","11":"taxable","12":"shipping-taxable","13":"purchasable","14":"product-type-simple"},"locations":[],"_links":{"self":[{"href":"https:\/\/loxone.ctw.sk\/index.php\/wp-json\/wp\/v2\/product\/441","targetHints":{"allow":["GET"]}}],"collection":[{"href":"https:\/\/loxone.ctw.sk\/index.php\/wp-json\/wp\/v2\/product"}],"about":[{"href":"https:\/\/loxone.ctw.sk\/index.php\/wp-json\/wp\/v2\/types\/product"}],"wp:featuredmedia":[{"embeddable":true,"href":"https:\/\/loxone.ctw.sk\/index.php\/wp-json\/wp\/v2\/media\/1821"}],"wp:attachment":[{"href":"https:\/\/loxone.ctw.sk\/index.php\/wp-json\/wp\/v2\/media?parent=441"}],"wp:term":[{"taxonomy":"location","embeddable":true,"href":"https:\/\/loxone.ctw.sk\/index.php\/wp-json\/wp\/v2\/location?post=441"},{"taxonomy":"product_brand","embeddable":true,"href":"https:\/\/loxone.ctw.sk\/index.php\/wp-json\/wp\/v2\/product_brand?post=441"},{"taxonomy":"product_cat","embeddable":true,"href":"https:\/\/loxone.ctw.sk\/index.php\/wp-json\/wp\/v2\/product_cat?post=441"},{"taxonomy":"product_tag","embeddable":true,"href":"https:\/\/loxone.ctw.sk\/index.php\/wp-json\/wp\/v2\/product_tag?post=441"}],"curies":[{"name":"wp","href":"https:\/\/api.w.org\/{rel}","templated":true}]}}