{"id":445,"date":"2026-01-09T10:28:08","date_gmt":"2026-01-09T09:28:08","guid":{"rendered":"https:\/\/shop.dohlad.info\/index.php\/product\/nfc-code-touch-tree-zamatovo-biela\/"},"modified":"2026-01-09T10:28:25","modified_gmt":"2026-01-09T09:28:25","slug":"nfc-code-touch-tree-zamatovo-biela","status":"publish","type":"product","link":"https:\/\/loxone.ctw.sk\/index.php\/product\/nfc-code-touch-tree-zamatovo-biela\/","title":{"rendered":"NFC Code Touch Tree zamatovo biela"},"content":{"rendered":"<p>Loxone NFC Code Touch Tree je pr\u00edstupov\u00e9 rie\u0161enie s <strong>NFC \u010d\u00edta\u010dkou<\/strong> a <strong>osvetlen\u00fdm \u010d\u00edseln\u00fdm po\u013eom<\/strong> na <strong>sklenenej prednej strane<\/strong>.<\/p>\n<p><strong> Features:<\/strong><\/p>\n<ul>\n<li>V kombin\u00e1cii s Loxone Intercom je vytvoren\u00e9 dokonal\u00e9 centrum kontroly pr\u00edstupu<\/li>\n<li>V\u00fdkonn\u00e1 spr\u00e1va pou\u017e\u00edvate\u013eov, a to aj naprie\u010d miestami<\/li>\n<li>Tie\u017e ide\u00e1lne na spr\u00e1vu pracovn\u00e9ho \u010dasu, skrinky, faktur\u00e1ciu, protokolovanie a ove\u013ea viac<\/li>\n<\/ul>\n","protected":false},"excerpt":{"rendered":"<p>Loxone NFC Code Touch Tree je pr\u00edstupov\u00e9 rie\u0161enie s <strong>NFC \u010d\u00edta\u010dkou<\/strong> a <strong>osvetlen\u00fdm \u010d\u00edseln\u00fdm po\u013eom<\/strong> na <strong>sklenenej prednej strane<\/strong>.<\/p>\n<p><strong> Features:<\/strong><\/p>\n<ul>\n<li>V kombin\u00e1cii s Loxone Intercom je vytvoren\u00e9 dokonal\u00e9 centrum kontroly pr\u00edstupu<\/li>\n<li>V\u00fdkonn\u00e1 spr\u00e1va pou\u017e\u00edvate\u013eov, a to aj naprie\u010d miestami<\/li>\n<li>Tie\u017e ide\u00e1lne na spr\u00e1vu pracovn\u00e9ho \u010dasu, skrinky, faktur\u00e1ciu, protokolovanie a ove\u013ea viac<\/li>\n<\/ul>\n","protected":false},"featured_media":1821,"template":"","meta":[],"location":[],"product_brand":[],"product_cat":[15],"product_tag":[],"class_list":{"0":"post-445","1":"product","2":"type-product","3":"status-publish","4":"has-post-thumbnail","6":"product_cat-uncategorized","8":"first","9":"instock","10":"sold-individually","11":"taxable","12":"shipping-taxable","13":"purchasable","14":"product-type-simple"},"locations":[],"_links":{"self":[{"href":"https:\/\/loxone.ctw.sk\/index.php\/wp-json\/wp\/v2\/product\/445","targetHints":{"allow":["GET"]}}],"collection":[{"href":"https:\/\/loxone.ctw.sk\/index.php\/wp-json\/wp\/v2\/product"}],"about":[{"href":"https:\/\/loxone.ctw.sk\/index.php\/wp-json\/wp\/v2\/types\/product"}],"wp:featuredmedia":[{"embeddable":true,"href":"https:\/\/loxone.ctw.sk\/index.php\/wp-json\/wp\/v2\/media\/1821"}],"wp:attachment":[{"href":"https:\/\/loxone.ctw.sk\/index.php\/wp-json\/wp\/v2\/media?parent=445"}],"wp:term":[{"taxonomy":"location","embeddable":true,"href":"https:\/\/loxone.ctw.sk\/index.php\/wp-json\/wp\/v2\/location?post=445"},{"taxonomy":"product_brand","embeddable":true,"href":"https:\/\/loxone.ctw.sk\/index.php\/wp-json\/wp\/v2\/product_brand?post=445"},{"taxonomy":"product_cat","embeddable":true,"href":"https:\/\/loxone.ctw.sk\/index.php\/wp-json\/wp\/v2\/product_cat?post=445"},{"taxonomy":"product_tag","embeddable":true,"href":"https:\/\/loxone.ctw.sk\/index.php\/wp-json\/wp\/v2\/product_tag?post=445"}],"curies":[{"name":"wp","href":"https:\/\/api.w.org\/{rel}","templated":true}]}}