{"id":450,"date":"2026-01-09T10:28:08","date_gmt":"2026-01-09T09:28:08","guid":{"rendered":"https:\/\/shop.dohlad.info\/index.php\/product\/rele-10a-hf32fa-g\/"},"modified":"2026-01-09T10:28:28","modified_gmt":"2026-01-09T09:28:28","slug":"rele-10a-hf32fa-g","status":"publish","type":"product","link":"https:\/\/loxone.ctw.sk\/index.php\/product\/rele-10a-hf32fa-g\/","title":{"rendered":"Rel\u00e9 10A HF32FA-G"},"content":{"rendered":"<p>N\u00e1hradn\u00e9 rel\u00e9 10A HF32FA-G pre Miniserver, Nano IO Air, Nano 2 Relay Tree.<\/p><\/p>\n","protected":false},"excerpt":{"rendered":"<p>N\u00e1hradn\u00e9 rel\u00e9 10A HF32FA-G pre Miniserver, Nano IO Air, Nano 2 Relay Tree.<\/p><\/p>\n","protected":false},"featured_media":451,"template":"","meta":[],"location":[],"product_brand":[],"product_cat":[360],"product_tag":[],"class_list":{"0":"post-450","1":"product","2":"type-product","3":"status-publish","4":"has-post-thumbnail","6":"product_cat-nahradne-diely","8":"first","9":"instock","10":"sold-individually","11":"taxable","12":"shipping-taxable","13":"purchasable","14":"product-type-simple"},"locations":[],"_links":{"self":[{"href":"https:\/\/loxone.ctw.sk\/index.php\/wp-json\/wp\/v2\/product\/450","targetHints":{"allow":["GET"]}}],"collection":[{"href":"https:\/\/loxone.ctw.sk\/index.php\/wp-json\/wp\/v2\/product"}],"about":[{"href":"https:\/\/loxone.ctw.sk\/index.php\/wp-json\/wp\/v2\/types\/product"}],"wp:featuredmedia":[{"embeddable":true,"href":"https:\/\/loxone.ctw.sk\/index.php\/wp-json\/wp\/v2\/media\/451"}],"wp:attachment":[{"href":"https:\/\/loxone.ctw.sk\/index.php\/wp-json\/wp\/v2\/media?parent=450"}],"wp:term":[{"taxonomy":"location","embeddable":true,"href":"https:\/\/loxone.ctw.sk\/index.php\/wp-json\/wp\/v2\/location?post=450"},{"taxonomy":"product_brand","embeddable":true,"href":"https:\/\/loxone.ctw.sk\/index.php\/wp-json\/wp\/v2\/product_brand?post=450"},{"taxonomy":"product_cat","embeddable":true,"href":"https:\/\/loxone.ctw.sk\/index.php\/wp-json\/wp\/v2\/product_cat?post=450"},{"taxonomy":"product_tag","embeddable":true,"href":"https:\/\/loxone.ctw.sk\/index.php\/wp-json\/wp\/v2\/product_tag?post=450"}],"curies":[{"name":"wp","href":"https:\/\/api.w.org\/{rel}","templated":true}]}}