{"id":453,"date":"2026-01-09T10:28:08","date_gmt":"2026-01-09T09:28:08","guid":{"rendered":"https:\/\/shop.dohlad.info\/index.php\/product\/di-extension\/"},"modified":"2026-02-10T00:09:35","modified_gmt":"2026-02-09T23:09:35","slug":"di-extension","status":"publish","type":"product","link":"https:\/\/loxone.ctw.sk\/index.php\/product\/di-extension\/","title":{"rendered":"DI Extension"},"content":{"rendered":"<p>Loxone DI Extension integruje <strong>20 digit\u00e1lnych vstupov.<\/strong><\/p>\n<p><strong>Vlastnosti:<\/strong><\/p>\n<ul>\n<li>Ide\u00e1lne pre sp\u00edna\u010de, tla\u010didl\u00e1 alebo senzory.<\/li>\n<li>Je mo\u017en\u00e9 tie\u017e pou\u017ei\u0165 ako frekven\u010dn\u00fd \u010d\u00edta\u010d pre sign\u00e1ly do 250 Hz.<\/li>\n<li>\u00daspora miesta (2 poz\u00edcie na DIN li\u0161te).<\/li>\n<\/ul>\n","protected":false},"excerpt":{"rendered":"<p>Loxone DI Extension integruje <strong>20 digit\u00e1lnych vstupov.<\/strong><\/p>\n<p>&nbsp;<\/p>\n","protected":false},"featured_media":1822,"template":"","meta":[],"location":[],"product_brand":[],"product_cat":[365,366],"product_tag":[],"class_list":{"0":"post-453","1":"product","2":"type-product","3":"status-publish","4":"has-post-thumbnail","6":"product_cat-link","7":"product_cat-2-deliace-jednotky","9":"first","10":"instock","11":"sold-individually","12":"taxable","13":"shipping-taxable","14":"purchasable","15":"product-type-simple"},"locations":[],"_links":{"self":[{"href":"https:\/\/loxone.ctw.sk\/index.php\/wp-json\/wp\/v2\/product\/453","targetHints":{"allow":["GET"]}}],"collection":[{"href":"https:\/\/loxone.ctw.sk\/index.php\/wp-json\/wp\/v2\/product"}],"about":[{"href":"https:\/\/loxone.ctw.sk\/index.php\/wp-json\/wp\/v2\/types\/product"}],"wp:featuredmedia":[{"embeddable":true,"href":"https:\/\/loxone.ctw.sk\/index.php\/wp-json\/wp\/v2\/media\/1822"}],"wp:attachment":[{"href":"https:\/\/loxone.ctw.sk\/index.php\/wp-json\/wp\/v2\/media?parent=453"}],"wp:term":[{"taxonomy":"location","embeddable":true,"href":"https:\/\/loxone.ctw.sk\/index.php\/wp-json\/wp\/v2\/location?post=453"},{"taxonomy":"product_brand","embeddable":true,"href":"https:\/\/loxone.ctw.sk\/index.php\/wp-json\/wp\/v2\/product_brand?post=453"},{"taxonomy":"product_cat","embeddable":true,"href":"https:\/\/loxone.ctw.sk\/index.php\/wp-json\/wp\/v2\/product_cat?post=453"},{"taxonomy":"product_tag","embeddable":true,"href":"https:\/\/loxone.ctw.sk\/index.php\/wp-json\/wp\/v2\/product_tag?post=453"}],"curies":[{"name":"wp","href":"https:\/\/api.w.org\/{rel}","templated":true}]}}