{"id":457,"date":"2026-01-09T10:28:08","date_gmt":"2026-01-09T09:28:08","guid":{"rendered":"https:\/\/shop.dohlad.info\/index.php\/product\/miniserver\/"},"modified":"2026-02-18T09:31:15","modified_gmt":"2026-02-18T08:31:15","slug":"miniserver","status":"publish","type":"product","link":"https:\/\/loxone.ctw.sk\/index.php\/product\/miniserver\/","title":{"rendered":"Miniserver"},"content":{"rendered":"<p>Loxone Miniserver je\u00a0<strong>dokonal\u00fd n\u00e1stroj<\/strong>\u00a0na automatiz\u00e1ciu dom\u00e1cnost\u00ed, komer\u010dn\u00fdch nehnute\u013enost\u00ed a \u0161peci\u00e1lnych aplik\u00e1ci\u00ed. Ako\u00a0<strong>centr\u00e1lna riadiaca jednotka <\/strong>pre<strong>\u00a0<\/strong>automatiz\u00e1ciu dom\u00e1cnost\u00ed a budov. <strong>Mno\u017estvo rozhran\u00ed<\/strong> zvl\u00e1da v\u00e4\u010d\u0161inu \u00faloh z oblasti <strong>zabezpe\u010denia, pohodlia a energetickej \u00fa\u010dinnosti.<\/strong><\/p>\n<p><strong> Features: <\/strong><\/p>\n<ul>\n<li>8 digit\u00e1lnych vstupov<\/li>\n<li>4 anal\u00f3gov\u00e9 vstupy<\/li>\n<li>8 digit\u00e1lnych rel\u00e9ov\u00fdch v\u00fdstupov, bezpotenci\u00e1lov\u00e9<\/li>\n<li>Loxone Link: a\u017e 30 Extensions<\/li>\n<li>Loxone Tree: a\u017e 50 Tree zariaden\u00ed<\/li>\n<li>Rozhranie LAN<\/li>\n<\/ul>\n","protected":false},"excerpt":{"rendered":"<p>Loxone Miniserver je\u00a0<strong>dokonal\u00fd n\u00e1stroj<\/strong>\u00a0na automatiz\u00e1ciu dom\u00e1cnost\u00ed, komer\u010dn\u00fdch nehnute\u013enost\u00ed a \u0161peci\u00e1lnych aplik\u00e1ci\u00ed. Ako\u00a0<strong>centr\u00e1lna riadiaca jednotka <\/strong>pre<strong>\u00a0<\/strong>automatiz\u00e1ciu dom\u00e1cnost\u00ed a budov. <strong>Mno\u017estvo rozhran\u00ed<\/strong> zvl\u00e1da v\u00e4\u010d\u0161inu \u00faloh z oblasti <strong>zabezpe\u010denia, pohodlia a energetickej \u00fa\u010dinnosti.<\/strong><\/p>\n","protected":false},"featured_media":1823,"template":"","meta":[],"location":[405,404],"product_brand":[],"product_cat":[375],"product_tag":[],"class_list":{"0":"post-457","1":"product","2":"type-product","3":"status-publish","4":"has-post-thumbnail","6":"location-sklad-at","7":"location-sklad-sk","8":"product_cat-miniserver-miniserver","10":"first","11":"instock","12":"sold-individually","13":"taxable","14":"shipping-taxable","15":"purchasable","16":"product-type-simple"},"locations":[{"id":405,"name":"Kollerschlag (AT)","slug":"sklad-at","quantity":""},{"id":404,"name":"Myjava (SK)","slug":"sklad-sk","quantity":""}],"_links":{"self":[{"href":"https:\/\/loxone.ctw.sk\/index.php\/wp-json\/wp\/v2\/product\/457","targetHints":{"allow":["GET"]}}],"collection":[{"href":"https:\/\/loxone.ctw.sk\/index.php\/wp-json\/wp\/v2\/product"}],"about":[{"href":"https:\/\/loxone.ctw.sk\/index.php\/wp-json\/wp\/v2\/types\/product"}],"wp:featuredmedia":[{"embeddable":true,"href":"https:\/\/loxone.ctw.sk\/index.php\/wp-json\/wp\/v2\/media\/1823"}],"wp:attachment":[{"href":"https:\/\/loxone.ctw.sk\/index.php\/wp-json\/wp\/v2\/media?parent=457"}],"wp:term":[{"taxonomy":"location","embeddable":true,"href":"https:\/\/loxone.ctw.sk\/index.php\/wp-json\/wp\/v2\/location?post=457"},{"taxonomy":"product_brand","embeddable":true,"href":"https:\/\/loxone.ctw.sk\/index.php\/wp-json\/wp\/v2\/product_brand?post=457"},{"taxonomy":"product_cat","embeddable":true,"href":"https:\/\/loxone.ctw.sk\/index.php\/wp-json\/wp\/v2\/product_cat?post=457"},{"taxonomy":"product_tag","embeddable":true,"href":"https:\/\/loxone.ctw.sk\/index.php\/wp-json\/wp\/v2\/product_tag?post=457"}],"curies":[{"name":"wp","href":"https:\/\/api.w.org\/{rel}","templated":true}]}}