{"id":461,"date":"2026-01-09T10:28:08","date_gmt":"2026-01-09T09:28:08","guid":{"rendered":"https:\/\/shop.dohlad.info\/index.php\/product\/power-supply-backup\/"},"modified":"2026-01-09T10:28:33","modified_gmt":"2026-01-09T09:28:33","slug":"power-supply-backup","status":"publish","type":"product","link":"https:\/\/loxone.ctw.sk\/index.php\/product\/power-supply-backup\/","title":{"rendered":"Power Supply &#038; Backup"},"content":{"rendered":"<p>Loxone Power Supply &amp; Backup je nap\u00e1jac\u00ed zdroj na <strong>DIN li\u0161tu<\/strong> a\u017e do <strong>40 A<\/strong>. Pon\u00faka\u00a0<strong>sedem\u00a0<\/strong><strong>v\u00fdstupov<\/strong> izolovan\u00fdch od siete s <strong>24 V DC<\/strong> ( ka\u017ed\u00fd a\u017e do <strong>10 A)<\/strong>. Ka\u017ed\u00fd v\u00fdstup m\u00e1 vlastn\u00fa <strong>poistku<\/strong> a <strong>meranie v\u00fdkonu<\/strong>. Pripoji\u0165 naviac m\u00f4\u017eete akumul\u00e1tor <strong>36 V DC, <\/strong>aby va\u0161a in\u0161tal\u00e1cia Loxone bola pri v\u00fdpadku nap\u00e1janie bez preru\u0161enia.<\/p>\n","protected":false},"excerpt":{"rendered":"<p>Loxone Power Supply &amp; Backup je nap\u00e1jac\u00ed zdroj na <strong>DIN li\u0161tu<\/strong> a\u017e do <strong>40 A<\/strong>. Pon\u00faka\u00a0<strong>sedem\u00a0<\/strong><strong>v\u00fdstupov<\/strong> izolovan\u00fdch od siete s <strong>24 V DC<\/strong> ( ka\u017ed\u00fd a\u017e do <strong>10 A)<\/strong>. Ka\u017ed\u00fd v\u00fdstup m\u00e1 vlastn\u00fa <strong>poistku<\/strong> a <strong>meranie v\u00fdkonu<\/strong>. Pripoji\u0165 naviac m\u00f4\u017eete akumul\u00e1tor <strong>36 V DC, <\/strong>aby va\u0161a in\u0161tal\u00e1cia Loxone bola pri v\u00fdpadku nap\u00e1janie bez preru\u0161enia.<\/p>\n","protected":false},"featured_media":462,"template":"","meta":[],"location":[],"product_brand":[],"product_cat":[340,339,351,352],"product_tag":[],"class_list":{"0":"post-461","1":"product","2":"type-product","3":"status-publish","4":"has-post-thumbnail","6":"product_cat-tree-energie","7":"product_cat-elektromer","8":"product_cat-napajacie_zdroje","9":"product_cat-napajacie-zdroje-prislusenstvo","11":"first","12":"instock","13":"sold-individually","14":"taxable","15":"shipping-taxable","16":"purchasable","17":"product-type-simple"},"locations":[],"_links":{"self":[{"href":"https:\/\/loxone.ctw.sk\/index.php\/wp-json\/wp\/v2\/product\/461","targetHints":{"allow":["GET"]}}],"collection":[{"href":"https:\/\/loxone.ctw.sk\/index.php\/wp-json\/wp\/v2\/product"}],"about":[{"href":"https:\/\/loxone.ctw.sk\/index.php\/wp-json\/wp\/v2\/types\/product"}],"wp:featuredmedia":[{"embeddable":true,"href":"https:\/\/loxone.ctw.sk\/index.php\/wp-json\/wp\/v2\/media\/462"}],"wp:attachment":[{"href":"https:\/\/loxone.ctw.sk\/index.php\/wp-json\/wp\/v2\/media?parent=461"}],"wp:term":[{"taxonomy":"location","embeddable":true,"href":"https:\/\/loxone.ctw.sk\/index.php\/wp-json\/wp\/v2\/location?post=461"},{"taxonomy":"product_brand","embeddable":true,"href":"https:\/\/loxone.ctw.sk\/index.php\/wp-json\/wp\/v2\/product_brand?post=461"},{"taxonomy":"product_cat","embeddable":true,"href":"https:\/\/loxone.ctw.sk\/index.php\/wp-json\/wp\/v2\/product_cat?post=461"},{"taxonomy":"product_tag","embeddable":true,"href":"https:\/\/loxone.ctw.sk\/index.php\/wp-json\/wp\/v2\/product_tag?post=461"}],"curies":[{"name":"wp","href":"https:\/\/api.w.org\/{rel}","templated":true}]}}