{"id":466,"date":"2026-01-09T10:28:08","date_gmt":"2026-01-09T09:28:08","guid":{"rendered":"https:\/\/shop.dohlad.info\/index.php\/product\/ai-extension\/"},"modified":"2026-02-10T00:09:24","modified_gmt":"2026-02-09T23:09:24","slug":"ai-extension","status":"publish","type":"product","link":"https:\/\/loxone.ctw.sk\/index.php\/product\/ai-extension\/","title":{"rendered":"AI Extension"},"content":{"rendered":"<p>Loxone AI Extension pon\u00faka 4 vstupy pre anal\u00f3gov\u00e9 nap\u00e4\u0165ov\u00e9 sign\u00e1ly (napr. 0\u201310 V alebo digit\u00e1lne) a 4 anal\u00f3gov\u00e9 vstupy pre pr\u00fadov\u00e9 sign\u00e1ly (napr. 0\/4\u201320 mA).<\/p>\n<p><strong>Vlastnosti:<\/strong><\/p>\n<ul>\n<li>\u0160peci\u00e1lne navrhnut\u00e9 pre priemyseln\u00e9 projekty.<\/li>\n<li>4\u00d7 nap\u00e4\u0165ov\u00e9 sign\u00e1ly (diferenci\u00e1lne):\n<ul>\n<li>Rozl\u00ed\u0161enie: 0,02 V.<\/li>\n<li>Digit\u00e1lne pou\u017eitie (0\u201328 V).<\/li>\n<\/ul>\n<\/li>\n<li>4\u00d7 pr\u00fadov\u00e9 sign\u00e1ly (pas\u00edvne):\n<ul>\n<li>Rozl\u00ed\u0161enie: 0,05 mA.<\/li>\n<\/ul>\n<\/li>\n<li>4\u00d7 vstupy 0-15 V.<\/li>\n<li>4\u00d7 vstupy 0\/4\u201320 mA.<\/li>\n<li>Ur\u010den\u00e9 na meranie anal\u00f3gov\u00fdch senzorov v\u0161etk\u00fdch typov.<\/li>\n<\/ul>\n","protected":false},"excerpt":{"rendered":"<p>Loxone AI Extension pon\u00faka 4 vstupy pre anal\u00f3gov\u00e9 nap\u00e4\u0165ov\u00e9 sign\u00e1ly (napr. 0\u201310 V alebo digit\u00e1lne) a 4 anal\u00f3gov\u00e9 vstupy pre pr\u00fadov\u00e9 sign\u00e1ly (napr. 0\/4\u201320 mA).<\/p>\n<p>&nbsp;<\/p>\n","protected":false},"featured_media":1824,"template":"","meta":[],"location":[],"product_brand":[],"product_cat":[365,366],"product_tag":[],"class_list":{"0":"post-466","1":"product","2":"type-product","3":"status-publish","4":"has-post-thumbnail","6":"product_cat-link","7":"product_cat-2-deliace-jednotky","9":"first","10":"instock","11":"sold-individually","12":"taxable","13":"shipping-taxable","14":"purchasable","15":"product-type-simple"},"locations":[],"_links":{"self":[{"href":"https:\/\/loxone.ctw.sk\/index.php\/wp-json\/wp\/v2\/product\/466","targetHints":{"allow":["GET"]}}],"collection":[{"href":"https:\/\/loxone.ctw.sk\/index.php\/wp-json\/wp\/v2\/product"}],"about":[{"href":"https:\/\/loxone.ctw.sk\/index.php\/wp-json\/wp\/v2\/types\/product"}],"wp:featuredmedia":[{"embeddable":true,"href":"https:\/\/loxone.ctw.sk\/index.php\/wp-json\/wp\/v2\/media\/1824"}],"wp:attachment":[{"href":"https:\/\/loxone.ctw.sk\/index.php\/wp-json\/wp\/v2\/media?parent=466"}],"wp:term":[{"taxonomy":"location","embeddable":true,"href":"https:\/\/loxone.ctw.sk\/index.php\/wp-json\/wp\/v2\/location?post=466"},{"taxonomy":"product_brand","embeddable":true,"href":"https:\/\/loxone.ctw.sk\/index.php\/wp-json\/wp\/v2\/product_brand?post=466"},{"taxonomy":"product_cat","embeddable":true,"href":"https:\/\/loxone.ctw.sk\/index.php\/wp-json\/wp\/v2\/product_cat?post=466"},{"taxonomy":"product_tag","embeddable":true,"href":"https:\/\/loxone.ctw.sk\/index.php\/wp-json\/wp\/v2\/product_tag?post=466"}],"curies":[{"name":"wp","href":"https:\/\/api.w.org\/{rel}","templated":true}]}}