{"id":478,"date":"2026-01-09T10:28:41","date_gmt":"2026-01-09T09:28:41","guid":{"rendered":"https:\/\/shop.dohlad.info\/index.php\/product\/miniserver-compact\/"},"modified":"2026-02-08T14:34:58","modified_gmt":"2026-02-08T13:34:58","slug":"miniserver-compact","status":"publish","type":"product","link":"https:\/\/loxone.ctw.sk\/index.php\/product\/miniserver-compact\/","title":{"rendered":"Miniserver Compact"},"content":{"rendered":"<p>Vysoko v\u00fdkonn\u00fd Loxone Miniserver Compact v kompaktnom preveden\u00ed \u2013 \u0161peci\u00e1lne navrhnut\u00fd pre men\u0161ie rozv\u00e1dza\u010de. Miniserver Compact m\u00e1 u\u017e<strong> integrovan\u00e9 technol\u00f3gie Loxone Air, Tree a Tree Turbo a zah\u0155\u0148a aj softv\u00e9r pre Audioserver,<\/strong> \u010d\u00edm sa st\u00e1va multimedi\u00e1lnym <strong>v\u0161estrann\u00fdm rie\u0161en\u00edm.<\/strong><\/p>\n<p><strong>Vlastnosti:<\/strong><\/p>\n<ul>\n<li>4 digit\u00e1lne vstupy.<\/li>\n<li>2 rel\u00e9ov\u00e9 v\u00fdstupy, bezpotenci\u00e1lov\u00e9.<\/li>\n<li>Loxone Link (prep\u00ednate\u013en\u00e9 na Tree v softv\u00e9ri): a\u017e 30 Extensionov alebo 50 zariaden\u00ed Tree.<\/li>\n<li>Loxone Tree: a\u017e 50 zariaden\u00ed Tree.<\/li>\n<li>Loxone Tree Turbo: a\u017e 10 zariaden\u00ed Tree Turbo.<\/li>\n<li>Loxone Air: a\u017e 128 zariaden\u00ed Air.<\/li>\n<\/ul>\n","protected":false},"excerpt":{"rendered":"<p>Vysoko v\u00fdkonn\u00fd Loxone Miniserver Compact v kompaktnom preveden\u00ed \u2013 \u0161peci\u00e1lne navrhnut\u00fd pre men\u0161ie rozv\u00e1dza\u010de. Miniserver Compact m\u00e1 u\u017e<strong> integrovan\u00e9 technol\u00f3gie Loxone Air, Tree a Tree Turbo a zah\u0155\u0148a aj softv\u00e9r pre Audioserver,<\/strong> \u010d\u00edm sa st\u00e1va multimedi\u00e1lnym <strong>v\u0161estrann\u00fdm rie\u0161en\u00edm.<\/strong><\/p>\n","protected":false},"featured_media":1827,"template":"","meta":[],"location":[],"product_brand":[],"product_cat":[375],"product_tag":[],"class_list":{"0":"post-478","1":"product","2":"type-product","3":"status-publish","4":"has-post-thumbnail","6":"product_cat-miniserver-miniserver","8":"first","9":"instock","10":"sold-individually","11":"taxable","12":"shipping-taxable","13":"purchasable","14":"product-type-simple"},"locations":[],"_links":{"self":[{"href":"https:\/\/loxone.ctw.sk\/index.php\/wp-json\/wp\/v2\/product\/478","targetHints":{"allow":["GET"]}}],"collection":[{"href":"https:\/\/loxone.ctw.sk\/index.php\/wp-json\/wp\/v2\/product"}],"about":[{"href":"https:\/\/loxone.ctw.sk\/index.php\/wp-json\/wp\/v2\/types\/product"}],"wp:featuredmedia":[{"embeddable":true,"href":"https:\/\/loxone.ctw.sk\/index.php\/wp-json\/wp\/v2\/media\/1827"}],"wp:attachment":[{"href":"https:\/\/loxone.ctw.sk\/index.php\/wp-json\/wp\/v2\/media?parent=478"}],"wp:term":[{"taxonomy":"location","embeddable":true,"href":"https:\/\/loxone.ctw.sk\/index.php\/wp-json\/wp\/v2\/location?post=478"},{"taxonomy":"product_brand","embeddable":true,"href":"https:\/\/loxone.ctw.sk\/index.php\/wp-json\/wp\/v2\/product_brand?post=478"},{"taxonomy":"product_cat","embeddable":true,"href":"https:\/\/loxone.ctw.sk\/index.php\/wp-json\/wp\/v2\/product_cat?post=478"},{"taxonomy":"product_tag","embeddable":true,"href":"https:\/\/loxone.ctw.sk\/index.php\/wp-json\/wp\/v2\/product_tag?post=478"}],"curies":[{"name":"wp","href":"https:\/\/api.w.org\/{rel}","templated":true}]}}