{"id":482,"date":"2026-01-09T10:28:41","date_gmt":"2026-01-09T09:28:41","guid":{"rendered":"https:\/\/shop.dohlad.info\/index.php\/product\/hlavica-tree\/"},"modified":"2026-01-09T10:28:43","modified_gmt":"2026-01-09T09:28:43","slug":"hlavica-tree","status":"publish","type":"product","link":"https:\/\/loxone.ctw.sk\/index.php\/product\/hlavica-tree\/","title":{"rendered":"Hlavica Tree"},"content":{"rendered":"<p>Loxone Hlavica Tree je motorizovan\u00fd pohon ventilu. V\u010faka typick\u00e9mu adapt\u00e9ru je pou\u017eite\u013en\u00fd na mnoh\u00fdch typoch <strong>be\u017ene pou\u017e\u00edvan\u00fdch ventilov<\/strong> pri podlahovom k\u00faren\u00ed a radi\u00e1toroch.<\/p>\n<p><strong>Funkcie:<\/strong><\/p>\n<ul>\n<li>Jednoduch\u00e1 in\u0161tal\u00e1cia v\u010faka technol\u00f3gii Loxone Tree<\/li>\n<li>Vysok\u00e1 odolnos\u0165: Spo\u013eahliv\u00e1 pre viac ako 500 000 uzavret\u00ed<\/li>\n<li>Tich\u00fd chod<\/li>\n<li>Minim\u00e1lne spotreba v pohotovostnom re\u017eime<\/li>\n<li>Vo\u013ene programovate\u013en\u00e9 tla\u010didlo<\/li>\n<\/ul>\n","protected":false},"excerpt":{"rendered":"<p>Loxone Hlavica Tree je motorizovan\u00fd pohon ventilu. V\u010faka typick\u00e9mu adapt\u00e9ru je pou\u017eite\u013en\u00fd na mnoh\u00fdch typoch <strong>be\u017ene pou\u017e\u00edvan\u00fdch ventilov<\/strong> pri podlahovom k\u00faren\u00ed a radi\u00e1toroch.<\/p>\n<p><strong>Funkcie:<\/strong><\/p>\n<ul>\n<li>Jednoduch\u00e1 in\u0161tal\u00e1cia v\u010faka technol\u00f3gii Loxone Tree<\/li>\n<li>Vysok\u00e1 odolnos\u0165: Spo\u013eahliv\u00e1 pre viac ako 500 000 uzavret\u00ed<\/li>\n<li>Tich\u00fd chod<\/li>\n<li>Minim\u00e1lne spotreba v pohotovostnom re\u017eime<\/li>\n<li>Vo\u013ene programovate\u013en\u00e9 tla\u010didlo<\/li>\n<\/ul>\n","protected":false},"featured_media":1828,"template":"","meta":[],"location":[],"product_brand":[],"product_cat":[361,348],"product_tag":[],"class_list":{"0":"post-482","1":"product","2":"type-product","3":"status-publish","4":"has-post-thumbnail","6":"product_cat-tree-klima-tienenie","7":"product_cat-klima","9":"first","10":"instock","11":"sold-individually","12":"taxable","13":"shipping-taxable","14":"purchasable","15":"product-type-simple"},"locations":[],"_links":{"self":[{"href":"https:\/\/loxone.ctw.sk\/index.php\/wp-json\/wp\/v2\/product\/482","targetHints":{"allow":["GET"]}}],"collection":[{"href":"https:\/\/loxone.ctw.sk\/index.php\/wp-json\/wp\/v2\/product"}],"about":[{"href":"https:\/\/loxone.ctw.sk\/index.php\/wp-json\/wp\/v2\/types\/product"}],"wp:featuredmedia":[{"embeddable":true,"href":"https:\/\/loxone.ctw.sk\/index.php\/wp-json\/wp\/v2\/media\/1828"}],"wp:attachment":[{"href":"https:\/\/loxone.ctw.sk\/index.php\/wp-json\/wp\/v2\/media?parent=482"}],"wp:term":[{"taxonomy":"location","embeddable":true,"href":"https:\/\/loxone.ctw.sk\/index.php\/wp-json\/wp\/v2\/location?post=482"},{"taxonomy":"product_brand","embeddable":true,"href":"https:\/\/loxone.ctw.sk\/index.php\/wp-json\/wp\/v2\/product_brand?post=482"},{"taxonomy":"product_cat","embeddable":true,"href":"https:\/\/loxone.ctw.sk\/index.php\/wp-json\/wp\/v2\/product_cat?post=482"},{"taxonomy":"product_tag","embeddable":true,"href":"https:\/\/loxone.ctw.sk\/index.php\/wp-json\/wp\/v2\/product_tag?post=482"}],"curies":[{"name":"wp","href":"https:\/\/api.w.org\/{rel}","templated":true}]}}