{"id":486,"date":"2026-01-09T10:28:41","date_gmt":"2026-01-09T09:28:41","guid":{"rendered":"https:\/\/shop.dohlad.info\/index.php\/product\/hlavica-air\/"},"modified":"2026-01-09T10:28:45","modified_gmt":"2026-01-09T09:28:45","slug":"hlavica-air","status":"publish","type":"product","link":"https:\/\/loxone.ctw.sk\/index.php\/product\/hlavica-air\/","title":{"rendered":"Hlavica Air"},"content":{"rendered":"<p>Loxone Hlavica Air je <strong>motorizovan\u00fd bezdr\u00f4tov\u00fd pohon ventilu.<\/strong> V\u010faka be\u017en\u00fdm adapt\u00e9rov\u00fdm kr\u00fa\u017ekom ho mo\u017eno pou\u017ei\u0165 na mnoh\u00fdch ventiloch, ktor\u00e9 sa be\u017ene pou\u017e\u00edvaj\u00fa v podlahovom k\u00faren\u00ed a radi\u00e1toroch.<\/p>\n<p><strong>\u00a0Funkcie:<\/strong><\/p>\n<ul>\n<li>Jednoduch\u00e1 in\u0161tal\u00e1cia v\u010faka technol\u00f3gii Loxone Air<\/li>\n<li>Vysok\u00e1 odolnos\u0165: Spo\u013eahlivos\u0165 pre viac ako 500 000 uzavret\u00ed<\/li>\n<li>Tich\u00fd chod<\/li>\n<li>Minim\u00e1lna spotreba v pohotovostnom re\u017eime<\/li>\n<li>Vo\u013ene programovate\u013en\u00e9 tla\u010didlo<\/li>\n<li>Integrovan\u00fd teplotn\u00fd senzor<\/li>\n<\/ul>\n","protected":false},"excerpt":{"rendered":"<p>Loxone Hlavica Air je <strong>motorizovan\u00fd bezdr\u00f4tov\u00fd pohon ventilu.<\/strong> V\u010faka be\u017en\u00fdm adapt\u00e9rov\u00fdm kr\u00fa\u017ekom ho mo\u017eno pou\u017ei\u0165 na mnoh\u00fdch ventiloch, ktor\u00e9 sa be\u017ene pou\u017e\u00edvaj\u00fa v podlahovom k\u00faren\u00ed a radi\u00e1toroch.<\/p>\n<p><strong>\u00a0Funkcie:<\/strong><\/p>\n<ul>\n<li>Jednoduch\u00e1 in\u0161tal\u00e1cia v\u010faka technol\u00f3gii Loxone Air<\/li>\n<li>Vysok\u00e1 odolnos\u0165: Spo\u013eahlivos\u0165 pre viac ako 500 000 uzavret\u00ed<\/li>\n<li>Tich\u00fd chod<\/li>\n<li>Minim\u00e1lna spotreba v pohotovostnom re\u017eime<\/li>\n<li>Vo\u013ene programovate\u013en\u00e9 tla\u010didlo<\/li>\n<li>Integrovan\u00fd teplotn\u00fd senzor<\/li>\n<\/ul>\n","protected":false},"featured_media":1829,"template":"","meta":[],"location":[],"product_brand":[],"product_cat":[376,377],"product_tag":[],"class_list":{"0":"post-486","1":"product","2":"type-product","3":"status-publish","4":"has-post-thumbnail","6":"product_cat-air-klima-tienenie","7":"product_cat-tienenie","9":"first","10":"instock","11":"sold-individually","12":"taxable","13":"shipping-taxable","14":"purchasable","15":"product-type-simple"},"locations":[],"_links":{"self":[{"href":"https:\/\/loxone.ctw.sk\/index.php\/wp-json\/wp\/v2\/product\/486","targetHints":{"allow":["GET"]}}],"collection":[{"href":"https:\/\/loxone.ctw.sk\/index.php\/wp-json\/wp\/v2\/product"}],"about":[{"href":"https:\/\/loxone.ctw.sk\/index.php\/wp-json\/wp\/v2\/types\/product"}],"wp:featuredmedia":[{"embeddable":true,"href":"https:\/\/loxone.ctw.sk\/index.php\/wp-json\/wp\/v2\/media\/1829"}],"wp:attachment":[{"href":"https:\/\/loxone.ctw.sk\/index.php\/wp-json\/wp\/v2\/media?parent=486"}],"wp:term":[{"taxonomy":"location","embeddable":true,"href":"https:\/\/loxone.ctw.sk\/index.php\/wp-json\/wp\/v2\/location?post=486"},{"taxonomy":"product_brand","embeddable":true,"href":"https:\/\/loxone.ctw.sk\/index.php\/wp-json\/wp\/v2\/product_brand?post=486"},{"taxonomy":"product_cat","embeddable":true,"href":"https:\/\/loxone.ctw.sk\/index.php\/wp-json\/wp\/v2\/product_cat?post=486"},{"taxonomy":"product_tag","embeddable":true,"href":"https:\/\/loxone.ctw.sk\/index.php\/wp-json\/wp\/v2\/product_tag?post=486"}],"curies":[{"name":"wp","href":"https:\/\/api.w.org\/{rel}","templated":true}]}}