{"id":490,"date":"2026-01-09T10:28:41","date_gmt":"2026-01-09T09:28:41","guid":{"rendered":"https:\/\/shop.dohlad.info\/index.php\/product\/remote-air-biela\/"},"modified":"2026-01-09T10:28:47","modified_gmt":"2026-01-09T09:28:47","slug":"remote-air-biela","status":"publish","type":"product","link":"https:\/\/loxone.ctw.sk\/index.php\/product\/remote-air-biela\/","title":{"rendered":"Remote Air biela"},"content":{"rendered":"<p><strong>Vlastnosti:<\/strong><\/p>\n<ul>\n<li>R\u00fdchle nastavenie v aplik\u00e1cii Loxone.<\/li>\n<li>Perfektn\u00fd pre audio, tienenie a osvetlenie.<\/li>\n<li>\u010eal\u0161ie tla\u010didl\u00e1 pre ovl\u00e1danie audia.<\/li>\n<li>Vo\u013en\u00e1 \u200b\u200bkonfigur\u00e1cia a priradenie funkci\u00ed tla\u010didl\u00e1m.<\/li>\n<li>Haptick\u00e1 odozva.<\/li>\n<li>Funkcia opustenia miestnosti.<\/li>\n<\/ul>\n","protected":false},"excerpt":{"rendered":"<p><strong>Vlastnosti:<\/strong><\/p>\n<ul>\n<li>R\u00fdchle nastavenie v aplik\u00e1cii Loxone.<\/li>\n<li>Perfektn\u00fd pre audio, tienenie a osvetlenie.<\/li>\n<li>\u010eal\u0161ie tla\u010didl\u00e1 pre ovl\u00e1danie audia.<\/li>\n<li>Vo\u013en\u00e1 \u200b\u200bkonfigur\u00e1cia a priradenie funkci\u00ed tla\u010didl\u00e1m.<\/li>\n<li>Haptick\u00e1 odozva.<\/li>\n<li>Funkcia opustenia miestnosti.<\/li>\n<\/ul>\n","protected":false},"featured_media":491,"template":"","meta":[],"location":[],"product_brand":[],"product_cat":[337],"product_tag":[],"class_list":{"0":"post-490","1":"product","2":"type-product","3":"status-publish","4":"has-post-thumbnail","6":"product_cat-air","8":"first","9":"instock","10":"sold-individually","11":"taxable","12":"shipping-taxable","13":"purchasable","14":"product-type-simple"},"locations":[],"_links":{"self":[{"href":"https:\/\/loxone.ctw.sk\/index.php\/wp-json\/wp\/v2\/product\/490","targetHints":{"allow":["GET"]}}],"collection":[{"href":"https:\/\/loxone.ctw.sk\/index.php\/wp-json\/wp\/v2\/product"}],"about":[{"href":"https:\/\/loxone.ctw.sk\/index.php\/wp-json\/wp\/v2\/types\/product"}],"wp:featuredmedia":[{"embeddable":true,"href":"https:\/\/loxone.ctw.sk\/index.php\/wp-json\/wp\/v2\/media\/491"}],"wp:attachment":[{"href":"https:\/\/loxone.ctw.sk\/index.php\/wp-json\/wp\/v2\/media?parent=490"}],"wp:term":[{"taxonomy":"location","embeddable":true,"href":"https:\/\/loxone.ctw.sk\/index.php\/wp-json\/wp\/v2\/location?post=490"},{"taxonomy":"product_brand","embeddable":true,"href":"https:\/\/loxone.ctw.sk\/index.php\/wp-json\/wp\/v2\/product_brand?post=490"},{"taxonomy":"product_cat","embeddable":true,"href":"https:\/\/loxone.ctw.sk\/index.php\/wp-json\/wp\/v2\/product_cat?post=490"},{"taxonomy":"product_tag","embeddable":true,"href":"https:\/\/loxone.ctw.sk\/index.php\/wp-json\/wp\/v2\/product_tag?post=490"}],"curies":[{"name":"wp","href":"https:\/\/api.w.org\/{rel}","templated":true}]}}