{"id":500,"date":"2026-01-09T10:28:41","date_gmt":"2026-01-09T09:28:41","guid":{"rendered":"https:\/\/shop.dohlad.info\/index.php\/product\/rgbw-led-pasy-5m-ip65-odolne-voci-striekajucej-vode\/"},"modified":"2026-02-10T00:24:46","modified_gmt":"2026-02-09T23:24:46","slug":"rgbw-led-pasy-5m-ip65-odolne-voci-striekajucej-vode","status":"publish","type":"product","link":"https:\/\/loxone.ctw.sk\/index.php\/product\/rgbw-led-pasy-5m-ip65-odolne-voci-striekajucej-vode\/","title":{"rendered":"RGBW LED p\u00e1sy 5m IP65 (odoln\u00e9 vo\u010di striekaj\u00facej vode)"},"content":{"rendered":"<p>Vysokokvalitn\u00e9 RGBW LED p\u00e1sy s farebn\u00fdmi akcentmi zabezpe\u010dia <strong>optim\u00e1lne a trval\u00e9 osvetlenie<\/strong> va\u0161ej budovy.<\/p>\n<p><strong>\u00a0Funkcie:<\/strong><\/p>\n<ul>\n<li>300 vysokokvalitn\u00fdch LED \u010dipov na 5 metroch.<\/li>\n<li>Lepiace pr\u00fa\u017eky na spodnej strane pre \u013eahk\u00e9 pripevnenie.<\/li>\n<li>Vysoko kvalitn\u00e9 a odoln\u00e9 vodi\u010de na zv\u00fd\u0161en\u00fa odolnos\u0165 proti zalomeniu a na zamedzenie vzniku tepla.<\/li>\n<li>In\u0161tal\u00e1cia na miestach v bl\u00edzkosti slanej vody nie je probl\u00e9m.<\/li>\n<\/ul>\n<p><strong>Technick\u00e9 detaily:<\/strong><\/p>\n<ul>\n<li><strong>Nap\u00e1janie: <\/strong>24 V DC.<\/li>\n<li><strong>Uhol l\u00fa\u010da:<\/strong> 120 \u00b0.<\/li>\n<li><strong>Teplota farieb (tepl\u00e1 biela):<\/strong> 3300 K +\/- 200 K.<\/li>\n<li><strong>Mo\u017eno skr\u00e1ti\u0165:\u00a0<\/strong>Po \u0161iestich di\u00f3dach ka\u017ed\u00fdch 10 cm.<\/li>\n<\/ul>\n","protected":false},"excerpt":{"rendered":"<p>Vysokokvalitn\u00e9 RGBW LED p\u00e1sy s farebn\u00fdmi akcentmi zabezpe\u010dia <strong>optim\u00e1lne a trval\u00e9 osvetlenie<\/strong> va\u0161ej budovy.<\/p>\n<p><strong>\u00a0<\/strong><\/p>\n","protected":false},"featured_media":501,"template":"","meta":[],"location":[],"product_brand":[],"product_cat":[355],"product_tag":[],"class_list":{"0":"post-500","1":"product","2":"type-product","3":"status-publish","4":"has-post-thumbnail","6":"product_cat-pwm","8":"first","9":"instock","10":"sold-individually","11":"taxable","12":"shipping-taxable","13":"purchasable","14":"product-type-simple"},"locations":[],"_links":{"self":[{"href":"https:\/\/loxone.ctw.sk\/index.php\/wp-json\/wp\/v2\/product\/500","targetHints":{"allow":["GET"]}}],"collection":[{"href":"https:\/\/loxone.ctw.sk\/index.php\/wp-json\/wp\/v2\/product"}],"about":[{"href":"https:\/\/loxone.ctw.sk\/index.php\/wp-json\/wp\/v2\/types\/product"}],"wp:featuredmedia":[{"embeddable":true,"href":"https:\/\/loxone.ctw.sk\/index.php\/wp-json\/wp\/v2\/media\/501"}],"wp:attachment":[{"href":"https:\/\/loxone.ctw.sk\/index.php\/wp-json\/wp\/v2\/media?parent=500"}],"wp:term":[{"taxonomy":"location","embeddable":true,"href":"https:\/\/loxone.ctw.sk\/index.php\/wp-json\/wp\/v2\/location?post=500"},{"taxonomy":"product_brand","embeddable":true,"href":"https:\/\/loxone.ctw.sk\/index.php\/wp-json\/wp\/v2\/product_brand?post=500"},{"taxonomy":"product_cat","embeddable":true,"href":"https:\/\/loxone.ctw.sk\/index.php\/wp-json\/wp\/v2\/product_cat?post=500"},{"taxonomy":"product_tag","embeddable":true,"href":"https:\/\/loxone.ctw.sk\/index.php\/wp-json\/wp\/v2\/product_tag?post=500"}],"curies":[{"name":"wp","href":"https:\/\/api.w.org\/{rel}","templated":true}]}}